{"id":24494,"date":"2023-10-10T09:55:09","date_gmt":"2023-10-10T09:55:09","guid":{"rendered":"https:\/\/dibosch.com\/?post_type=product&#038;p=24494"},"modified":"2024-07-04T06:35:57","modified_gmt":"2024-07-04T06:35:57","slug":"m-aquagen-tm-bp5-sucitesa","status":"publish","type":"product","link":"https:\/\/dibosch.com\/es\/producto\/m-aquagen-tm-bp5-sucitesa\/","title":{"rendered":"AQUAGEN TM BP5 &#8211; SUCITESA"},"content":{"rendered":"<p><strong>Uso previsto:<\/strong><\/p>\n<p>Espuma seca. Moquetas y tapicer\u00edas .<\/p>\n<p>&nbsp;<\/p>\n<p><strong>Modo de empleo:<\/strong><\/p>\n<p>USO CON M\u00c1QUINA. Dosific\u00e1is 5-10% de producto en el dep\u00f3sito del agua limpia de la m\u00e1quina. Proced\u00e9is de la manera habitual. Dej\u00e1is secar. Aspir\u00e1is a fondo la moqueta<br \/>\npara eliminar los residuos.<\/p>\n<p>USO MANUAL. Pulveriz\u00e1is el producto sobre la superficie. Frot\u00e1is y dej\u00e1is secar. Pas\u00e1is un cepillo o aspirador para eliminar el residuo. Antes de usar, comprob\u00e1is la solidez y la compatibilidad con el material en una zona no visible<\/p>\n<p>&nbsp;<\/p>\n<p><strong>Caracter\u00edsticas del producto:<\/strong><\/p>\n<p>Penetra en las fibras y elimina la suciedad, sin mojar al exceso el tejido.<\/p>\n<p>El secado en forma de polvo, facilita la eliminaci\u00f3n final del residuo.<\/p>\n<p>Neutraliza olores desagradables sin enmascararlos. Incorpora la Tecnolog\u00eda DEODOR.<\/p>\n<p>No altera el color ni la calidad de la<\/p>\n","protected":false},"excerpt":{"rendered":"<p>Uso previsto: Espuma seca. Moquetas y tapicer\u00edas . &nbsp; Modo de empleo: USO CON M\u00c1QUINA. Dosific\u00e1is 5-10% de producto en el dep\u00f3sito del agua limpia de la m\u00e1quina. Proced\u00e9is de la manera habitual. Dej\u00e1is secar. Aspir\u00e1is a fondo la moqueta para eliminar los residuos. USO MANUAL. Pulveriz\u00e1is el producto sobre la superficie. Frot\u00e1is y dej\u00e1is [&hellip;]<\/p>\n","protected":false},"featured_media":24493,"comment_status":"closed","ping_status":"closed","template":"","meta":[],"product_brand":[],"product_cat":[783,689,765],"product_tag":[],"marcas":[922],"certificats":[],"caracteristiques":[],"tipus-productes":[],"zona-aplicacio":[],"tipus-maquinaria":[],"class_list":{"0":"post-24494","1":"product","2":"type-product","3":"status-publish","4":"has-post-thumbnail","6":"product_cat-limpieza-textiles","7":"product_cat-productos-de-limpieza","8":"product_cat-quimicos-maquinaria","9":"marcas-sucitesa-es","11":"first","12":"instock","13":"shipping-taxable","14":"product-type-simple"},"_links":{"self":[{"href":"https:\/\/dibosch.com\/es\/wp-json\/wp\/v2\/product\/24494","targetHints":{"allow":["GET"]}}],"collection":[{"href":"https:\/\/dibosch.com\/es\/wp-json\/wp\/v2\/product"}],"about":[{"href":"https:\/\/dibosch.com\/es\/wp-json\/wp\/v2\/types\/product"}],"replies":[{"embeddable":true,"href":"https:\/\/dibosch.com\/es\/wp-json\/wp\/v2\/comments?post=24494"}],"wp:featuredmedia":[{"embeddable":true,"href":"https:\/\/dibosch.com\/es\/wp-json\/wp\/v2\/media\/24493"}],"wp:attachment":[{"href":"https:\/\/dibosch.com\/es\/wp-json\/wp\/v2\/media?parent=24494"}],"wp:term":[{"taxonomy":"product_brand","embeddable":true,"href":"https:\/\/dibosch.com\/es\/wp-json\/wp\/v2\/product_brand?post=24494"},{"taxonomy":"product_cat","embeddable":true,"href":"https:\/\/dibosch.com\/es\/wp-json\/wp\/v2\/product_cat?post=24494"},{"taxonomy":"product_tag","embeddable":true,"href":"https:\/\/dibosch.com\/es\/wp-json\/wp\/v2\/product_tag?post=24494"},{"taxonomy":"marcas","embeddable":true,"href":"https:\/\/dibosch.com\/es\/wp-json\/wp\/v2\/marcas?post=24494"},{"taxonomy":"certificats","embeddable":true,"href":"https:\/\/dibosch.com\/es\/wp-json\/wp\/v2\/certificats?post=24494"},{"taxonomy":"caracteristiques","embeddable":true,"href":"https:\/\/dibosch.com\/es\/wp-json\/wp\/v2\/caracteristiques?post=24494"},{"taxonomy":"tipus-productes","embeddable":true,"href":"https:\/\/dibosch.com\/es\/wp-json\/wp\/v2\/tipus-productes?post=24494"},{"taxonomy":"zona-aplicacio","embeddable":true,"href":"https:\/\/dibosch.com\/es\/wp-json\/wp\/v2\/zona-aplicacio?post=24494"},{"taxonomy":"tipus-maquinaria","embeddable":true,"href":"https:\/\/dibosch.com\/es\/wp-json\/wp\/v2\/tipus-maquinaria?post=24494"}],"curies":[{"name":"wp","href":"https:\/\/api.w.org\/{rel}","templated":true}]}}