{"id":25242,"date":"2023-11-18T12:03:55","date_gmt":"2023-11-18T12:03:55","guid":{"rendered":"https:\/\/dibosch.com\/?post_type=product&#038;p=25242"},"modified":"2023-11-18T12:15:03","modified_gmt":"2023-11-18T12:15:03","slug":"aspirador-202-ds-delfin","status":"publish","type":"product","link":"https:\/\/dibosch.com\/es\/producto\/aspirador-202-ds-delfin\/","title":{"rendered":"ASPIRADOR 202 DS &#8211; DELFIN"},"content":{"rendered":"<p>El aspirador industrial 202 DS DUSTOP es el best-seller de la l\u00ednea Delfin. 2 motores monof\u00e1sicos, filtros clase M con un \u00e1rea de superficie muy grande y una maniobrabilidad extrema hacen del aspirador 202 DS la soluci\u00f3n de aspiraci\u00f3n ideal para aspirar polvo a cualquier tipo de laboratorio o planta de producci\u00f3n. Gracias al sistema Dustop por limpiar el filtro por presi\u00f3n diferencial, el aspirador garantiza siempre el m\u00e1ximo rendimiento. La posibilidad de utilizar bolsas desechables y kit de accesorios incluido, lo convierten en algo simple de usar para el operador. Tambi\u00e9n disponible en versi\u00f3n Atex y con suministro de aire comprimido.<\/p>\n<p><strong>VENTAJAS<\/strong><\/p>\n<p>Filtro de superficies mayor en su categor\u00eda<br \/>\nConstrucci\u00f3n completa en acero<br \/>\nDos potentes motores by pass con enfriamiento independiente<br \/>\nCompacto y m\u00f3vil<br \/>\nKit accesorios est\u00e1ndar<br \/>\nSistema integrado de limpieza del filtro<br \/>\nRecipiente de recogida extra\u00edble con el uso opcionales de bolsas desechables<br \/>\nBajo nivel de ruido<br \/>\nF\u00e1cil sustituci\u00f3n del filtro.<\/p>\n<p><strong>CARACTER\u00cdSTICAS T\u00c9CNICAS 202 DS <\/strong><\/p>\n<p><strong>Alimentaci\u00f3n<\/strong> 230 &#8211; 50 V-Hz<br \/>\n<strong>Potencia<\/strong> 2.3 kW<br \/>\n<strong>Depresi\u00f3n m\u00e1xima<\/strong> 2.5000 mmHO<br \/>\n<strong>Caudal de aire m\u00e1ximo<\/strong> 360 m3\/h<br \/>\n<strong>Di\u00e1metro de aspiraci\u00f3n<\/strong> 50 mm<br \/>\n<strong>Nivel de ruido<\/strong> 76 dB(A)<br \/>\n<strong>Tipo de filtro<\/strong> cartucho<br \/>\n<strong>Superficie- Di\u00e1metro<\/strong> 30.000 &#8211; 36.000 cm2-mm<br \/>\n<strong>Medio filtrante- Clase<\/strong> Poli\u00e9ster M-PTFE IEC 60335-2-69<br \/>\n<strong>Carga d&#8217;aire en el filtre<\/strong> 120 m3\/m2\/h<br \/>\n<strong>Sistema de limpieza<\/strong> Dustop<br \/>\n<strong>Capacidad<\/strong> 20 l<br \/>\n<strong>Dimensiones<\/strong> 59x48x110h cm<br \/>\n<strong>Peso<\/strong> 35 kg<\/p>\n","protected":false},"excerpt":{"rendered":"<p>El aspirador industrial 202 DS DUSTOP es el best-seller de la l\u00ednea Delfin. 2 motores monof\u00e1sicos, filtros clase M con un \u00e1rea de superficie muy grande y una maniobrabilidad extrema hacen del aspirador 202 DS la soluci\u00f3n de aspiraci\u00f3n ideal para aspirar polvo a cualquier tipo de laboratorio o planta de producci\u00f3n. Gracias al sistema [&hellip;]<\/p>\n","protected":false},"featured_media":25241,"comment_status":"open","ping_status":"closed","template":"","meta":[],"product_brand":[],"product_cat":[1329,1192,1165,1184,1185,1188,578,577],"product_tag":[],"marcas":[915],"certificats":[],"caracteristiques":[],"tipus-productes":[],"zona-aplicacio":[949],"tipus-maquinaria":[],"class_list":{"0":"post-25242","1":"product","2":"type-product","3":"status-publish","4":"has-post-thumbnail","6":"product_cat-aspirador-liquidos-industriales","7":"product_cat-aspirador-industrial-obras","8":"product_cat-aspirador-de-polvo-liquido-industrial","9":"product_cat-aspirador-hornos-panaderia","10":"product_cat-aspiradoras-industriales-aire-comprimido","11":"product_cat-aspiradores-delfin","12":"product_cat-aspiradores-industriales","13":"product_cat-maquinas","14":"marcas-delfin-es","15":"zona-aplicacio-zona-produccion-y-talleres","17":"first","18":"instock","19":"shipping-taxable","20":"product-type-simple"},"_links":{"self":[{"href":"https:\/\/dibosch.com\/es\/wp-json\/wp\/v2\/product\/25242","targetHints":{"allow":["GET"]}}],"collection":[{"href":"https:\/\/dibosch.com\/es\/wp-json\/wp\/v2\/product"}],"about":[{"href":"https:\/\/dibosch.com\/es\/wp-json\/wp\/v2\/types\/product"}],"replies":[{"embeddable":true,"href":"https:\/\/dibosch.com\/es\/wp-json\/wp\/v2\/comments?post=25242"}],"wp:featuredmedia":[{"embeddable":true,"href":"https:\/\/dibosch.com\/es\/wp-json\/wp\/v2\/media\/25241"}],"wp:attachment":[{"href":"https:\/\/dibosch.com\/es\/wp-json\/wp\/v2\/media?parent=25242"}],"wp:term":[{"taxonomy":"product_brand","embeddable":true,"href":"https:\/\/dibosch.com\/es\/wp-json\/wp\/v2\/product_brand?post=25242"},{"taxonomy":"product_cat","embeddable":true,"href":"https:\/\/dibosch.com\/es\/wp-json\/wp\/v2\/product_cat?post=25242"},{"taxonomy":"product_tag","embeddable":true,"href":"https:\/\/dibosch.com\/es\/wp-json\/wp\/v2\/product_tag?post=25242"},{"taxonomy":"marcas","embeddable":true,"href":"https:\/\/dibosch.com\/es\/wp-json\/wp\/v2\/marcas?post=25242"},{"taxonomy":"certificats","embeddable":true,"href":"https:\/\/dibosch.com\/es\/wp-json\/wp\/v2\/certificats?post=25242"},{"taxonomy":"caracteristiques","embeddable":true,"href":"https:\/\/dibosch.com\/es\/wp-json\/wp\/v2\/caracteristiques?post=25242"},{"taxonomy":"tipus-productes","embeddable":true,"href":"https:\/\/dibosch.com\/es\/wp-json\/wp\/v2\/tipus-productes?post=25242"},{"taxonomy":"zona-aplicacio","embeddable":true,"href":"https:\/\/dibosch.com\/es\/wp-json\/wp\/v2\/zona-aplicacio?post=25242"},{"taxonomy":"tipus-maquinaria","embeddable":true,"href":"https:\/\/dibosch.com\/es\/wp-json\/wp\/v2\/tipus-maquinaria?post=25242"}],"curies":[{"name":"wp","href":"https:\/\/api.w.org\/{rel}","templated":true}]}}