{"id":25281,"date":"2023-11-25T09:36:46","date_gmt":"2023-11-25T09:36:46","guid":{"rendered":"https:\/\/dibosch.com\/?post_type=product&#038;p=25281"},"modified":"2023-11-25T09:47:18","modified_gmt":"2023-11-25T09:47:18","slug":"aspirador-301-dust-delfin","status":"publish","type":"product","link":"https:\/\/dibosch.com\/es\/producto\/aspirador-301-dust-delfin\/","title":{"rendered":"ASPIRADOR 301 DUST &#8211; DELFIN"},"content":{"rendered":"<p>El aspirador industrial Mistral 301 DUST  es el \u00fanico en su sector: un aspirador industrial compacto que combina eficazmente la robustez, potencia y eficiencia de la filtraci\u00f3n de un verdadero aspirador industrial con la facilidad de manejo, comodidad y facilidad de uso de un aspirador profesional. El aspirador 301 DUST est\u00e1 equipado con un potente motor Lamb-Ametek monof\u00e1sico y una estructura de acero muy s\u00f3lida (tambi\u00e9n disponible en acero inoxidable).<\/p>\n<p><strong>VENTAJAS<\/strong><\/p>\n<p>Construcci\u00f3n completa de acero<br \/>\nF\u00e1cil sustituci\u00f3n del filtro<br \/>\nKit accesorios est\u00e1ndar<br \/>\nCompacto y m\u00f3vil<br \/>\nF\u00e1cil de utilizar<br \/>\nFiltro de alta eficiencia<br \/>\nPosibilidad de uso para la recuperaci\u00f3n de polvo de herramientas el\u00e9ctricas gracias al cambio\/parada autom\u00e1tica<br \/>\nSistema de limpieza de filtro Dustop<br \/>\nEnganche-accesorio de la herramienta el\u00e9ctrica.<\/p>\n<p><strong>CARACTER\u00cdSTICAS T\u00c9CNICAS 301 DUST<\/strong><\/p>\n<p><strong>Alimentaci\u00f3n<\/strong> 230-50 &#8211; V-Hz<br \/>\n<strong>Potencia<\/strong> 1.15 kW<br \/>\n<strong>Depresi\u00f3n m\u00e1xima<\/strong> 2500 mmH\u2082O<br \/>\n<strong>Caudal de aire m\u00e1ximo<\/strong> 180 m\u00b3\/h<br \/>\n<strong>Di\u00e1metro de aspiraci\u00f3n<\/strong> 50 mm<br \/>\n<strong>Nivel de ruido<\/strong> 74 dB(A)<br \/>\n<strong>Tipo de filtro<\/strong> Cartucho<br \/>\n<strong>Superficie &#8211; Di\u00e1metro<\/strong> 6.000 &#8211; 360 cm\u00b2-mm<br \/>\n<strong>MediO filtrante \u2013 Clase<\/strong> Poli\u00e9ster M-PTFE IEC 60335-2-69<br \/>\n<strong>Carga de aire en el filtro<\/strong> 300 m\u00b3\/m\u00b2\/h<br \/>\n<strong>Sistema de limpieza<\/strong> Dustop<br \/>\n<strong>Sistema de descarga<\/strong><br \/>\n<strong>Capacidad<\/strong> 13 l<br \/>\n<strong>Dimensiones<\/strong> 46x48x85h<br \/>\n<strong>Peso<\/strong> 25 kg<\/p>\n","protected":false},"excerpt":{"rendered":"<p>El aspirador industrial Mistral 301 DUST es el \u00fanico en su sector: un aspirador industrial compacto que combina eficazmente la robustez, potencia y eficiencia de la filtraci\u00f3n de un verdadero aspirador industrial con la facilidad de manejo, comodidad y facilidad de uso de un aspirador profesional. El aspirador 301 DUST est\u00e1 equipado con un potente [&hellip;]<\/p>\n","protected":false},"featured_media":25280,"comment_status":"closed","ping_status":"closed","template":"","meta":[],"product_brand":[],"product_cat":[1192,1165,1184,1188,578],"product_tag":[],"marcas":[915],"certificats":[],"caracteristiques":[],"tipus-productes":[],"zona-aplicacio":[949],"tipus-maquinaria":[],"class_list":{"0":"post-25281","1":"product","2":"type-product","3":"status-publish","4":"has-post-thumbnail","6":"product_cat-aspirador-industrial-obras","7":"product_cat-aspirador-de-polvo-liquido-industrial","8":"product_cat-aspirador-hornos-panaderia","9":"product_cat-aspiradores-delfin","10":"product_cat-aspiradores-industriales","11":"marcas-delfin-es","12":"zona-aplicacio-zona-produccion-y-talleres","14":"first","15":"instock","16":"shipping-taxable","17":"product-type-simple"},"_links":{"self":[{"href":"https:\/\/dibosch.com\/es\/wp-json\/wp\/v2\/product\/25281","targetHints":{"allow":["GET"]}}],"collection":[{"href":"https:\/\/dibosch.com\/es\/wp-json\/wp\/v2\/product"}],"about":[{"href":"https:\/\/dibosch.com\/es\/wp-json\/wp\/v2\/types\/product"}],"replies":[{"embeddable":true,"href":"https:\/\/dibosch.com\/es\/wp-json\/wp\/v2\/comments?post=25281"}],"wp:featuredmedia":[{"embeddable":true,"href":"https:\/\/dibosch.com\/es\/wp-json\/wp\/v2\/media\/25280"}],"wp:attachment":[{"href":"https:\/\/dibosch.com\/es\/wp-json\/wp\/v2\/media?parent=25281"}],"wp:term":[{"taxonomy":"product_brand","embeddable":true,"href":"https:\/\/dibosch.com\/es\/wp-json\/wp\/v2\/product_brand?post=25281"},{"taxonomy":"product_cat","embeddable":true,"href":"https:\/\/dibosch.com\/es\/wp-json\/wp\/v2\/product_cat?post=25281"},{"taxonomy":"product_tag","embeddable":true,"href":"https:\/\/dibosch.com\/es\/wp-json\/wp\/v2\/product_tag?post=25281"},{"taxonomy":"marcas","embeddable":true,"href":"https:\/\/dibosch.com\/es\/wp-json\/wp\/v2\/marcas?post=25281"},{"taxonomy":"certificats","embeddable":true,"href":"https:\/\/dibosch.com\/es\/wp-json\/wp\/v2\/certificats?post=25281"},{"taxonomy":"caracteristiques","embeddable":true,"href":"https:\/\/dibosch.com\/es\/wp-json\/wp\/v2\/caracteristiques?post=25281"},{"taxonomy":"tipus-productes","embeddable":true,"href":"https:\/\/dibosch.com\/es\/wp-json\/wp\/v2\/tipus-productes?post=25281"},{"taxonomy":"zona-aplicacio","embeddable":true,"href":"https:\/\/dibosch.com\/es\/wp-json\/wp\/v2\/zona-aplicacio?post=25281"},{"taxonomy":"tipus-maquinaria","embeddable":true,"href":"https:\/\/dibosch.com\/es\/wp-json\/wp\/v2\/tipus-maquinaria?post=25281"}],"curies":[{"name":"wp","href":"https:\/\/api.w.org\/{rel}","templated":true}]}}