{"id":25287,"date":"2023-11-25T10:44:21","date_gmt":"2023-11-25T10:44:21","guid":{"rendered":"https:\/\/dibosch.com\/?post_type=product&#038;p=25287"},"modified":"2023-11-25T10:49:07","modified_gmt":"2023-11-25T10:49:07","slug":"aspirador-mtl-45-bt-delfin","status":"publish","type":"product","link":"https:\/\/dibosch.com\/es\/producto\/aspirador-mtl-45-bt-delfin\/","title":{"rendered":"ASPIRADOR MTL 45 BT &#8211; DELFIN"},"content":{"rendered":"<p>El MTL 45BT es la soluci\u00f3n de DELFIN para los clientes que necesitan trasladar el aspirador de una zona de trabajo a otra sin el obst\u00e1culo de un cable de alimentaci\u00f3n. De hecho, el MTL 45BT es el primer modelo de la gama DELFIN que funciona con una bater\u00eda recargable, que dura 2,5 horas. Capaz de aspirar s\u00f3lidos, polvo incluso mezclado con l\u00edquidos, este potente aspirador est\u00e1 equipado con un filtro antiest\u00e1tico, capaz de filtrar el polvo m\u00e1s fino.<br \/>\nSus dimensiones compactas y su contenedor de recogida de 45 litros le convierten en el aliado ideal para todas las industrias que deseen optimizar la limpieza y el mantenimiento de las zonas de trabajo y la maquinaria.<\/p>\n<p><strong>VENTAJAS<\/strong><\/p>\n<p>Filtro de superficie mayor en su categor\u00eda<br \/>\nSistema integrado de limpieza del filtro<br \/>\nRecipiente de recogida extra\u00edble con el uso opcional de bolsas desechables<br \/>\nCompacto y m\u00f3vil<br \/>\nAspirador inal\u00e1mbrico alimentado por bater\u00eda<br \/>\nF\u00e1cil limpieza y manutenci\u00f3n<br \/>\nKit de accesorios incluido<\/p>\n<p><strong>CARACTER\u00cdSTICAS T\u00c9CNICAS MTL 45 BT<\/strong><\/p>\n<p><strong>Alimentaci\u00f3n<\/strong> 24 CC &#8211; V-Hz<br \/>\n<strong>Potencia<\/strong> 0,8 kW<br \/>\n<strong>Depresi\u00f3n m\u00e1xima<\/strong> 1200 mmH\u2082O<br \/>\n<strong>Caudal de aire m\u00e1ximo<\/strong> 215 m\u00b3\/h<br \/>\n<strong>Di\u00e1metro de aspiraci\u00f3n<\/strong> 80 mm<br \/>\n<strong>Nivel de ruido<\/strong> 68 dB(A)<br \/>\n<strong>Tipo de filtro<\/strong> Estrella<br \/>\n<strong>Superficie <\/strong> 20.000 &#8211; 420 cm2-mm<br \/>\n<strong>Medio filtrante \u2013 Classe<\/strong> Poli\u00e9ster ANT M IEC 60335-2-69<br \/>\n<strong>Carga de aire en el filtre<\/strong> 108 m3\/m2\/h<br \/>\n<strong>Sistema de limpieza<\/strong> Manual<br \/>\n<strong>Sistema de descarga<\/strong><br \/>\n<strong>Capacidad<\/strong> 45 l<br \/>\n<strong>Dimensiones<\/strong> 58x93x116cm<br \/>\n<strong>Peso<\/strong> 48 kg<\/p>\n","protected":false},"excerpt":{"rendered":"<p>El MTL 45BT es la soluci\u00f3n de DELFIN para los clientes que necesitan trasladar el aspirador de una zona de trabajo a otra sin el obst\u00e1culo de un cable de alimentaci\u00f3n. De hecho, el MTL 45BT es el primer modelo de la gama DELFIN que funciona con una bater\u00eda recargable, que dura 2,5 horas. Capaz [&hellip;]<\/p>\n","protected":false},"featured_media":25286,"comment_status":"closed","ping_status":"closed","template":"","meta":[],"product_brand":[],"product_cat":[1194,1174,1192,1165,1184,1188,578],"product_tag":[],"marcas":[915],"certificats":[],"caracteristiques":[],"tipus-productes":[],"zona-aplicacio":[949],"tipus-maquinaria":[],"class_list":{"0":"post-25287","1":"product","2":"type-product","3":"status-publish","4":"has-post-thumbnail","6":"product_cat-aspirador-industrial-bateria","7":"product_cat-aspirador-industrial-polvo-fino","8":"product_cat-aspirador-industrial-obras","9":"product_cat-aspirador-de-polvo-liquido-industrial","10":"product_cat-aspirador-hornos-panaderia","11":"product_cat-aspiradores-delfin","12":"product_cat-aspiradores-industriales","13":"marcas-delfin-es","14":"zona-aplicacio-zona-produccion-y-talleres","16":"first","17":"instock","18":"shipping-taxable","19":"product-type-simple"},"_links":{"self":[{"href":"https:\/\/dibosch.com\/es\/wp-json\/wp\/v2\/product\/25287","targetHints":{"allow":["GET"]}}],"collection":[{"href":"https:\/\/dibosch.com\/es\/wp-json\/wp\/v2\/product"}],"about":[{"href":"https:\/\/dibosch.com\/es\/wp-json\/wp\/v2\/types\/product"}],"replies":[{"embeddable":true,"href":"https:\/\/dibosch.com\/es\/wp-json\/wp\/v2\/comments?post=25287"}],"wp:featuredmedia":[{"embeddable":true,"href":"https:\/\/dibosch.com\/es\/wp-json\/wp\/v2\/media\/25286"}],"wp:attachment":[{"href":"https:\/\/dibosch.com\/es\/wp-json\/wp\/v2\/media?parent=25287"}],"wp:term":[{"taxonomy":"product_brand","embeddable":true,"href":"https:\/\/dibosch.com\/es\/wp-json\/wp\/v2\/product_brand?post=25287"},{"taxonomy":"product_cat","embeddable":true,"href":"https:\/\/dibosch.com\/es\/wp-json\/wp\/v2\/product_cat?post=25287"},{"taxonomy":"product_tag","embeddable":true,"href":"https:\/\/dibosch.com\/es\/wp-json\/wp\/v2\/product_tag?post=25287"},{"taxonomy":"marcas","embeddable":true,"href":"https:\/\/dibosch.com\/es\/wp-json\/wp\/v2\/marcas?post=25287"},{"taxonomy":"certificats","embeddable":true,"href":"https:\/\/dibosch.com\/es\/wp-json\/wp\/v2\/certificats?post=25287"},{"taxonomy":"caracteristiques","embeddable":true,"href":"https:\/\/dibosch.com\/es\/wp-json\/wp\/v2\/caracteristiques?post=25287"},{"taxonomy":"tipus-productes","embeddable":true,"href":"https:\/\/dibosch.com\/es\/wp-json\/wp\/v2\/tipus-productes?post=25287"},{"taxonomy":"zona-aplicacio","embeddable":true,"href":"https:\/\/dibosch.com\/es\/wp-json\/wp\/v2\/zona-aplicacio?post=25287"},{"taxonomy":"tipus-maquinaria","embeddable":true,"href":"https:\/\/dibosch.com\/es\/wp-json\/wp\/v2\/tipus-maquinaria?post=25287"}],"curies":[{"name":"wp","href":"https:\/\/api.w.org\/{rel}","templated":true}]}}