{"id":25293,"date":"2023-11-27T14:54:14","date_gmt":"2023-11-27T14:54:14","guid":{"rendered":"https:\/\/dibosch.com\/?post_type=product&#038;p=25293"},"modified":"2023-11-27T14:54:51","modified_gmt":"2023-11-27T14:54:51","slug":"puligem-metal-bp700-sucitesa","status":"publish","type":"product","link":"https:\/\/dibosch.com\/es\/producto\/puligem-metal-bp700-sucitesa\/","title":{"rendered":"PULIGEM METAL BP700 &#8211; SUCITESA"},"content":{"rendered":"<p><strong>Caracter\u00edsticas del producto:<\/strong><\/p>\n<p>Limpiador. Metales y vitrocer\u00e1mica.<br \/>\nLimpia en profundidad.<br \/>\nProtege y restaura el brillo.<\/p>\n<p><strong>Manual de uso:<\/strong><\/p>\n<p>Agitar el envase antes de su aplicaci\u00f3n.<br \/>\nDosificar el producto puro.<br \/>\nAplicar con un pa\u00f1o h\u00famedo.<br \/>\nFrotar la superficie hasta conseguir el resultado deseado.<br \/>\nAclarar con agua.<br \/>\nSecar con un pa\u00f1o o con papel absorbente.<\/p>\n","protected":false},"excerpt":{"rendered":"<p>Caracter\u00edsticas del producto: Limpiador. Metales y vitrocer\u00e1mica. Limpia en profundidad. Protege y restaura el brillo. Manual de uso: Agitar el envase antes de su aplicaci\u00f3n. Dosificar el producto puro. Aplicar con un pa\u00f1o h\u00famedo. Frotar la superficie hasta conseguir el resultado deseado. Aclarar con agua. Secar con un pa\u00f1o o con papel absorbente.<\/p>\n","protected":false},"featured_media":25511,"comment_status":"closed","ping_status":"closed","template":"","meta":[],"product_brand":[],"product_cat":[689,694,740],"product_tag":[],"marcas":[922],"certificats":[],"caracteristiques":[],"tipus-productes":[],"zona-aplicacio":[],"tipus-maquinaria":[],"class_list":{"0":"post-25293","1":"product","2":"type-product","3":"status-publish","4":"has-post-thumbnail","6":"product_cat-productos-de-limpieza","7":"product_cat-quimicos","8":"product_cat-superficies-es","9":"marcas-sucitesa-es","11":"first","12":"instock","13":"shipping-taxable","14":"product-type-simple"},"_links":{"self":[{"href":"https:\/\/dibosch.com\/es\/wp-json\/wp\/v2\/product\/25293","targetHints":{"allow":["GET"]}}],"collection":[{"href":"https:\/\/dibosch.com\/es\/wp-json\/wp\/v2\/product"}],"about":[{"href":"https:\/\/dibosch.com\/es\/wp-json\/wp\/v2\/types\/product"}],"replies":[{"embeddable":true,"href":"https:\/\/dibosch.com\/es\/wp-json\/wp\/v2\/comments?post=25293"}],"wp:featuredmedia":[{"embeddable":true,"href":"https:\/\/dibosch.com\/es\/wp-json\/wp\/v2\/media\/25511"}],"wp:attachment":[{"href":"https:\/\/dibosch.com\/es\/wp-json\/wp\/v2\/media?parent=25293"}],"wp:term":[{"taxonomy":"product_brand","embeddable":true,"href":"https:\/\/dibosch.com\/es\/wp-json\/wp\/v2\/product_brand?post=25293"},{"taxonomy":"product_cat","embeddable":true,"href":"https:\/\/dibosch.com\/es\/wp-json\/wp\/v2\/product_cat?post=25293"},{"taxonomy":"product_tag","embeddable":true,"href":"https:\/\/dibosch.com\/es\/wp-json\/wp\/v2\/product_tag?post=25293"},{"taxonomy":"marcas","embeddable":true,"href":"https:\/\/dibosch.com\/es\/wp-json\/wp\/v2\/marcas?post=25293"},{"taxonomy":"certificats","embeddable":true,"href":"https:\/\/dibosch.com\/es\/wp-json\/wp\/v2\/certificats?post=25293"},{"taxonomy":"caracteristiques","embeddable":true,"href":"https:\/\/dibosch.com\/es\/wp-json\/wp\/v2\/caracteristiques?post=25293"},{"taxonomy":"tipus-productes","embeddable":true,"href":"https:\/\/dibosch.com\/es\/wp-json\/wp\/v2\/tipus-productes?post=25293"},{"taxonomy":"zona-aplicacio","embeddable":true,"href":"https:\/\/dibosch.com\/es\/wp-json\/wp\/v2\/zona-aplicacio?post=25293"},{"taxonomy":"tipus-maquinaria","embeddable":true,"href":"https:\/\/dibosch.com\/es\/wp-json\/wp\/v2\/tipus-maquinaria?post=25293"}],"curies":[{"name":"wp","href":"https:\/\/api.w.org\/{rel}","templated":true}]}}