{"id":25509,"date":"2023-12-19T13:52:26","date_gmt":"2023-12-19T13:52:26","guid":{"rendered":"https:\/\/dibosch.com\/?post_type=product&#038;p=25509"},"modified":"2023-12-19T14:58:18","modified_gmt":"2023-12-19T14:58:18","slug":"mopa-wet-soft-band-40cm-0000a110b","status":"publish","type":"product","link":"https:\/\/dibosch.com\/es\/producto\/mopa-wet-soft-band-40cm-0000a110b\/","title":{"rendered":"MOPA WET SOFT BAND 40cm -0000A110B- &#8211; TTS"},"content":{"rendered":"<p><strong>Caracter\u00edsticas del producto:<\/strong><\/p>\n<p>Recambio mopa de microfibra blanca con rayas azules en fibra cepillada para acci\u00f3n intensiva, tela de poli\u00e9ster<\/p>\n<p>Ideal para suelos internos lisos o porosos con suciedad grasa<\/p>\n<p>Larga duraci\u00f3n: las mopas con bolsillos son resistentes el doble en comparaci\u00f3n con las mopas con sistema adherente<\/p>\n<p>Simple: las operaciones de colocaci\u00f3n y extracci\u00f3n de la mopa son r\u00e1pidas y f\u00e1ciles<\/p>\n<p>M\u00e1xima higiene: La microfibra penetra en la microporosidad del suelo, recogiendo suciedad y m\u00e1s del 95% de las bacterias<\/p>\n","protected":false},"excerpt":{"rendered":"<p>Caracter\u00edsticas del producto: Recambio mopa de microfibra blanca con rayas azules en fibra cepillada para acci\u00f3n intensiva, tela de poli\u00e9ster Ideal para suelos internos lisos o porosos con suciedad grasa Larga duraci\u00f3n: las mopas con bolsillos son resistentes el doble en comparaci\u00f3n con las mopas con sistema adherente Simple: las operaciones de colocaci\u00f3n y extracci\u00f3n [&hellip;]<\/p>\n","protected":false},"featured_media":25508,"comment_status":"closed","ping_status":"closed","template":"","meta":[],"product_brand":[],"product_cat":[714,713,684],"product_tag":[],"marcas":[917],"certificats":[],"caracteristiques":[],"tipus-productes":[],"zona-aplicacio":[],"tipus-maquinaria":[],"class_list":{"0":"post-25509","1":"product","2":"type-product","3":"status-publish","4":"has-post-thumbnail","6":"product_cat-mopas","7":"product_cat-utensilios","8":"product_cat-utiles-de-limpieza","9":"marcas-tts-es","11":"first","12":"instock","13":"shipping-taxable","14":"product-type-simple"},"_links":{"self":[{"href":"https:\/\/dibosch.com\/es\/wp-json\/wp\/v2\/product\/25509","targetHints":{"allow":["GET"]}}],"collection":[{"href":"https:\/\/dibosch.com\/es\/wp-json\/wp\/v2\/product"}],"about":[{"href":"https:\/\/dibosch.com\/es\/wp-json\/wp\/v2\/types\/product"}],"replies":[{"embeddable":true,"href":"https:\/\/dibosch.com\/es\/wp-json\/wp\/v2\/comments?post=25509"}],"wp:featuredmedia":[{"embeddable":true,"href":"https:\/\/dibosch.com\/es\/wp-json\/wp\/v2\/media\/25508"}],"wp:attachment":[{"href":"https:\/\/dibosch.com\/es\/wp-json\/wp\/v2\/media?parent=25509"}],"wp:term":[{"taxonomy":"product_brand","embeddable":true,"href":"https:\/\/dibosch.com\/es\/wp-json\/wp\/v2\/product_brand?post=25509"},{"taxonomy":"product_cat","embeddable":true,"href":"https:\/\/dibosch.com\/es\/wp-json\/wp\/v2\/product_cat?post=25509"},{"taxonomy":"product_tag","embeddable":true,"href":"https:\/\/dibosch.com\/es\/wp-json\/wp\/v2\/product_tag?post=25509"},{"taxonomy":"marcas","embeddable":true,"href":"https:\/\/dibosch.com\/es\/wp-json\/wp\/v2\/marcas?post=25509"},{"taxonomy":"certificats","embeddable":true,"href":"https:\/\/dibosch.com\/es\/wp-json\/wp\/v2\/certificats?post=25509"},{"taxonomy":"caracteristiques","embeddable":true,"href":"https:\/\/dibosch.com\/es\/wp-json\/wp\/v2\/caracteristiques?post=25509"},{"taxonomy":"tipus-productes","embeddable":true,"href":"https:\/\/dibosch.com\/es\/wp-json\/wp\/v2\/tipus-productes?post=25509"},{"taxonomy":"zona-aplicacio","embeddable":true,"href":"https:\/\/dibosch.com\/es\/wp-json\/wp\/v2\/zona-aplicacio?post=25509"},{"taxonomy":"tipus-maquinaria","embeddable":true,"href":"https:\/\/dibosch.com\/es\/wp-json\/wp\/v2\/tipus-maquinaria?post=25509"}],"curies":[{"name":"wp","href":"https:\/\/api.w.org\/{rel}","templated":true}]}}