{"id":25544,"date":"2023-12-23T11:25:05","date_gmt":"2023-12-23T11:25:05","guid":{"rendered":"https:\/\/dibosch.com\/?post_type=product&#038;p=25544"},"modified":"2023-12-23T11:29:32","modified_gmt":"2023-12-23T11:29:32","slug":"aspirador-mtl-4535-delfin","status":"publish","type":"product","link":"https:\/\/dibosch.com\/es\/producto\/aspirador-mtl-4535-delfin\/","title":{"rendered":"ASPIRADOR MTL 4535 &#8211; DELFIN"},"content":{"rendered":"<p>El Mistral 3533 es uno de los aspiradores industriales trif\u00e1sicos m\u00e1s compactos y potentes del mundo. Se ha suministrado a gigantes de la industria qu\u00edmica farmac\u00e9utica durante muchos a\u00f1os, a menudo para aplicaciones fijas a bordo de la m\u00e1quina. Una turbina de canal lateral de alto rendimiento garantiza una aspiraci\u00f3n constante y continua tambi\u00e9n utilizada en aplicaciones continuas. Tambi\u00e9n disponible en versi\u00f3n certificada ATEX.<\/p>\n<p><strong>VENTAJAS<\/strong><\/p>\n<p>Motor con soplador de canal lateral, de gran alcance y silencioso, no requiere mantenimiento ordinario, conveniente para uso continuo<br \/>\nRecipiente de recogida extra\u00edble con el uso opcional de bolsas desechables<br \/>\nV\u00e1lvula de seguridad para la protecci\u00f3n del motor<br \/>\nBajo nivel de ruido<br \/>\nCompacto y m\u00f3vil<br \/>\nReducci\u00f3n del tiempo de inactividad de las m\u00e1quinas herramienta<br \/>\nFiltro de alta eficiencia<br \/>\nKit accesorios est\u00e1ndar<\/p>\n<p><strong>CARACTER\u00cdSTICAS T\u00c9CNICAS MTL 4535<\/strong><\/p>\n<p><strong>Alimentaci\u00f3n<\/strong> 400 &#8211; 50 V-Hz<br \/>\n<strong>Potencia<\/strong> 4 kW<br \/>\n<strong>Potencia el\u00e9ctrica<\/strong> 55 IP<br \/>\n<strong>Depresi\u00f3n m\u00e1xima<\/strong> 3.200 mm H\u2082O<br \/>\n<strong>Caudal de aire m\u00e1ximo<\/strong> 420 m\u00b3\/h<br \/>\n<strong>Di\u00e1metro de aspiraci\u00f3n <\/strong> 80 mm<br \/>\n<strong>Nivel de ruido<\/strong> 69 dB(A)<br \/>\n<strong>Tipo de filtro<\/strong> Estrella<br \/>\n<strong>Superf\u00edcie &#8211; di\u00e1metro<\/strong> 20.000 &#8211; 420 cm\u00b2-mm<br \/>\n<strong>Medio de filtro- Clase<\/strong> Poli\u00e9ster &#8211; ANTE M<br \/>\n<strong>Carga de aire en el filtro<\/strong> 210 m\u00b3\/m\u00b2\/h<br \/>\n<strong>Sistema de limpieza<\/strong> Manual<br \/>\n<strong>Sistema de descarga<\/strong><br \/>\n<strong>Capacitado<\/strong> 45 l<br \/>\n<strong>Dimensiones<\/strong> 58x93x116h<br \/>\n<strong>Peso<\/strong> 90 kg<\/p>\n","protected":false},"excerpt":{"rendered":"<p>El Mistral 3533 es uno de los aspiradores industriales trif\u00e1sicos m\u00e1s compactos y potentes del mundo. Se ha suministrado a gigantes de la industria qu\u00edmica farmac\u00e9utica durante muchos a\u00f1os, a menudo para aplicaciones fijas a bordo de la m\u00e1quina. Una turbina de canal lateral de alto rendimiento garantiza una aspiraci\u00f3n constante y continua tambi\u00e9n utilizada [&hellip;]<\/p>\n","protected":false},"featured_media":25541,"comment_status":"closed","ping_status":"closed","template":"","meta":[],"product_brand":[],"product_cat":[1186,1188,578,1178],"product_tag":[],"marcas":[915],"certificats":[],"caracteristiques":[],"tipus-productes":[],"zona-aplicacio":[955],"tipus-maquinaria":[],"class_list":{"0":"post-25544","1":"product","2":"type-product","3":"status-publish","4":"has-post-thumbnail","6":"product_cat-aspirador-atex-es","7":"product_cat-aspiradores-delfin","8":"product_cat-aspiradores-industriales","9":"product_cat-aspiradores-industriales-trifasicos","10":"marcas-delfin-es","11":"zona-aplicacio-zona-sanitaria","13":"first","14":"instock","15":"shipping-taxable","16":"product-type-simple"},"_links":{"self":[{"href":"https:\/\/dibosch.com\/es\/wp-json\/wp\/v2\/product\/25544","targetHints":{"allow":["GET"]}}],"collection":[{"href":"https:\/\/dibosch.com\/es\/wp-json\/wp\/v2\/product"}],"about":[{"href":"https:\/\/dibosch.com\/es\/wp-json\/wp\/v2\/types\/product"}],"replies":[{"embeddable":true,"href":"https:\/\/dibosch.com\/es\/wp-json\/wp\/v2\/comments?post=25544"}],"wp:featuredmedia":[{"embeddable":true,"href":"https:\/\/dibosch.com\/es\/wp-json\/wp\/v2\/media\/25541"}],"wp:attachment":[{"href":"https:\/\/dibosch.com\/es\/wp-json\/wp\/v2\/media?parent=25544"}],"wp:term":[{"taxonomy":"product_brand","embeddable":true,"href":"https:\/\/dibosch.com\/es\/wp-json\/wp\/v2\/product_brand?post=25544"},{"taxonomy":"product_cat","embeddable":true,"href":"https:\/\/dibosch.com\/es\/wp-json\/wp\/v2\/product_cat?post=25544"},{"taxonomy":"product_tag","embeddable":true,"href":"https:\/\/dibosch.com\/es\/wp-json\/wp\/v2\/product_tag?post=25544"},{"taxonomy":"marcas","embeddable":true,"href":"https:\/\/dibosch.com\/es\/wp-json\/wp\/v2\/marcas?post=25544"},{"taxonomy":"certificats","embeddable":true,"href":"https:\/\/dibosch.com\/es\/wp-json\/wp\/v2\/certificats?post=25544"},{"taxonomy":"caracteristiques","embeddable":true,"href":"https:\/\/dibosch.com\/es\/wp-json\/wp\/v2\/caracteristiques?post=25544"},{"taxonomy":"tipus-productes","embeddable":true,"href":"https:\/\/dibosch.com\/es\/wp-json\/wp\/v2\/tipus-productes?post=25544"},{"taxonomy":"zona-aplicacio","embeddable":true,"href":"https:\/\/dibosch.com\/es\/wp-json\/wp\/v2\/zona-aplicacio?post=25544"},{"taxonomy":"tipus-maquinaria","embeddable":true,"href":"https:\/\/dibosch.com\/es\/wp-json\/wp\/v2\/tipus-maquinaria?post=25544"}],"curies":[{"name":"wp","href":"https:\/\/api.w.org\/{rel}","templated":true}]}}