{"id":25549,"date":"2024-01-05T11:22:02","date_gmt":"2024-01-05T11:22:02","guid":{"rendered":"https:\/\/dibosch.com\/?post_type=product&#038;p=25549"},"modified":"2024-04-09T09:55:18","modified_gmt":"2024-04-09T09:55:18","slug":"aspirador-zafiro-75-delfin","status":"publish","type":"product","link":"https:\/\/dibosch.com\/es\/producto\/aspirador-zafiro-75-delfin\/","title":{"rendered":"ASPIRADOR TRIF\u00c1SICO ZEFIRO 75 &#8211; DELFIN"},"content":{"rendered":"<p><strong>Aspirador trif\u00e1sico<\/strong>\u00a0 industrial\u00a0 para la extracci\u00f3n de polvo fino, perfecto para cualquier aplicaci\u00f3n industrial de extracci\u00f3n de polvo, s\u00f3lidos o l\u00edquidos, incluso mixto . El dise\u00f1o en vanguardia y la comodidad para colocar los accesorios lo convierten en una herramienta f\u00e1cil de usar y c\u00f3modo de transportar en \u00e1reas de uso.<\/p>\n<p><strong>VENTAJAS<\/strong><\/p>\n<p>Motor con soplador de canal lateral, de gran alcance y silencioso, no requiere mantenimiento ordinario, conveniente para uso continuo<br \/>\nFiltro de superficie mayor en su categor\u00eda<br \/>\nSistema integrado de limpieza del filtro<br \/>\nConstrucci\u00f3n completa en acero<br \/>\nRecipiente de recogida extra\u00edble con el uso opcional de bolsas desechables<br \/>\nVacu\u00f3metro para detectar obstrucci\u00f3n del filtro<br \/>\nBajo nivel de ruido<br \/>\nCompacto y m\u00f3vil<br \/>\nF\u00e1cil sustituci\u00f3n del filtro<br \/>\nReducci\u00f3n del tiempo de inactividad de las m\u00e1quinas herramienta<\/p>\n<p><strong>CARACTER\u00cdSTICAS T\u00c9CNICAS ZAFIRO 75<\/strong><\/p>\n<p><strong>Alimentaci\u00f3n<\/strong> 400-50 V-Hz<br \/>\n<strong>Potencia<\/strong> 3 kW<br \/>\n<strong>Potencia el\u00e9ctrica<\/strong> 55 IP<br \/>\n<strong>Depresi\u00f3n m\u00e1xima<\/strong> 3.600\/2.000 H\u2082O<br \/>\n<strong>Caudal de aire m\u00e1ximo<\/strong> 370 m\u00b3\/h<br \/>\n<strong>Di\u00e1metro de aspiraci\u00f3n<\/strong> 80 mm<br \/>\n<strong>Nivel de ruido<\/strong> 75 dB(A)<br \/>\n<strong>Tipo de filtro<\/strong> Estrella<br \/>\n<strong>Superficie &#8211; di\u00e1metro<\/strong> 30.000 &#8211; 500 cm\u00b2-mm<br \/>\n<strong>Medio de filtro- Clase<\/strong> Poli\u00e9ster &#8211; ANT M<br \/>\n<strong>Carga de aire en el filtro<\/strong> 123 m\u00b3\/m\u00b2\/h<br \/>\n<strong>Sistema de limpieza<\/strong> Manual<br \/>\n<strong>Sistema de descarga<\/strong><br \/>\n<strong>Capacidad<\/strong> 100 l<br \/>\n<strong>Dimensiones<\/strong> 79x66x170h<br \/>\n<strong>Peso <\/strong> 95 kg<\/p>\n","protected":false},"excerpt":{"rendered":"<p>Aspirador trif\u00e1sico\u00a0 industrial\u00a0 para la extracci\u00f3n de polvo fino, perfecto para cualquier aplicaci\u00f3n industrial de extracci\u00f3n de polvo, s\u00f3lidos o l\u00edquidos, incluso mixto . El dise\u00f1o en vanguardia y la comodidad para colocar los accesorios lo convierten en una herramienta f\u00e1cil de usar y c\u00f3modo de transportar en \u00e1reas de uso. VENTAJAS Motor con soplador [&hellip;]<\/p>\n","protected":false},"featured_media":25548,"comment_status":"closed","ping_status":"closed","template":"","meta":[],"product_brand":[],"product_cat":[1192,1165,1188,578,1178,577],"product_tag":[],"marcas":[915],"certificats":[],"caracteristiques":[],"tipus-productes":[],"zona-aplicacio":[],"tipus-maquinaria":[],"class_list":{"0":"post-25549","1":"product","2":"type-product","3":"status-publish","4":"has-post-thumbnail","6":"product_cat-aspirador-industrial-obras","7":"product_cat-aspirador-de-polvo-liquido-industrial","8":"product_cat-aspiradores-delfin","9":"product_cat-aspiradores-industriales","10":"product_cat-aspiradores-industriales-trifasicos","11":"product_cat-maquinas","12":"marcas-delfin-es","14":"first","15":"instock","16":"shipping-taxable","17":"product-type-simple"},"_links":{"self":[{"href":"https:\/\/dibosch.com\/es\/wp-json\/wp\/v2\/product\/25549","targetHints":{"allow":["GET"]}}],"collection":[{"href":"https:\/\/dibosch.com\/es\/wp-json\/wp\/v2\/product"}],"about":[{"href":"https:\/\/dibosch.com\/es\/wp-json\/wp\/v2\/types\/product"}],"replies":[{"embeddable":true,"href":"https:\/\/dibosch.com\/es\/wp-json\/wp\/v2\/comments?post=25549"}],"wp:featuredmedia":[{"embeddable":true,"href":"https:\/\/dibosch.com\/es\/wp-json\/wp\/v2\/media\/25548"}],"wp:attachment":[{"href":"https:\/\/dibosch.com\/es\/wp-json\/wp\/v2\/media?parent=25549"}],"wp:term":[{"taxonomy":"product_brand","embeddable":true,"href":"https:\/\/dibosch.com\/es\/wp-json\/wp\/v2\/product_brand?post=25549"},{"taxonomy":"product_cat","embeddable":true,"href":"https:\/\/dibosch.com\/es\/wp-json\/wp\/v2\/product_cat?post=25549"},{"taxonomy":"product_tag","embeddable":true,"href":"https:\/\/dibosch.com\/es\/wp-json\/wp\/v2\/product_tag?post=25549"},{"taxonomy":"marcas","embeddable":true,"href":"https:\/\/dibosch.com\/es\/wp-json\/wp\/v2\/marcas?post=25549"},{"taxonomy":"certificats","embeddable":true,"href":"https:\/\/dibosch.com\/es\/wp-json\/wp\/v2\/certificats?post=25549"},{"taxonomy":"caracteristiques","embeddable":true,"href":"https:\/\/dibosch.com\/es\/wp-json\/wp\/v2\/caracteristiques?post=25549"},{"taxonomy":"tipus-productes","embeddable":true,"href":"https:\/\/dibosch.com\/es\/wp-json\/wp\/v2\/tipus-productes?post=25549"},{"taxonomy":"zona-aplicacio","embeddable":true,"href":"https:\/\/dibosch.com\/es\/wp-json\/wp\/v2\/zona-aplicacio?post=25549"},{"taxonomy":"tipus-maquinaria","embeddable":true,"href":"https:\/\/dibosch.com\/es\/wp-json\/wp\/v2\/tipus-maquinaria?post=25549"}],"curies":[{"name":"wp","href":"https:\/\/api.w.org\/{rel}","templated":true}]}}