{"id":25559,"date":"2024-01-05T16:23:27","date_gmt":"2024-01-05T16:23:27","guid":{"rendered":"https:\/\/dibosch.com\/?post_type=product&#038;p=25559"},"modified":"2024-04-09T10:00:20","modified_gmt":"2024-04-09T10:00:20","slug":"aspirador-dg-75-delfin","status":"publish","type":"product","link":"https:\/\/dibosch.com\/es\/producto\/aspirador-dg-75-delfin\/","title":{"rendered":"ASPIRADOR DG 75 &#8211; DELFIN"},"content":{"rendered":"<p>El aspirador DG75 combina el alto rendimiento de aspiraci\u00f3n de los modelos de l\u00ednea pesada con la compacidad de la serie intermedia trif\u00e1sica. El rendimiento superior de la turbina de canal lateral, el aumento de la superficie del filtro de poli\u00e9ster y la excelente capacidad para la recolecci\u00f3n de s\u00f3lidos y l\u00edquidos son las caracter\u00edsticas que distinguen al DG75. El pr\u00e1ctico sacudidor manual de filtros ayuda a mantener siempre el m\u00e1ximo rendimiento de aspiraci\u00f3n incluso en servicio continuo o en uso en sistemas centralizados. Tambi\u00e9n disponible en versi\u00f3n certificada Atex.<\/p>\n<p><strong>VENTAJAS<\/strong><\/p>\n<p>Motor con soplete de canal lateral, de gran alcance y silencioso, no requiere mantenimiento ordinario, conveniente para uso continuo<br \/>\nFiltro de superficie m\u00e1s grande en su categor\u00eda<br \/>\nConstrucci\u00f3n completa en acero<br \/>\nRecipiente de recogida extra\u00edble con el uso opcional de bolsas desechables<br \/>\nV\u00e1lvula de seguridad para la protecci\u00f3n del motor<br \/>\nVacu\u00f3metro para detectar obstrucci\u00f3n del filtro<br \/>\nCaja de mandos con arrancada delta-estrella<br \/>\nF\u00e1cil sustituci\u00f3n del filtro<br \/>\nFiltro de alta eficiencia<br \/>\nFiltro antiest\u00e1tico de amplia superficie<br \/>\nElevado caudal de aire<br \/>\nSistema autom\u00e1tico integrado de limpieza de filtros<\/p>\n<p><strong>CARACTER\u00cdSTICAS T\u00c9CNICAS DG 75<\/strong><\/p>\n<p><strong>Alimentaci\u00f3n<\/strong> 400-50 V &#8211; Hz<br \/>\n<strong>Potencia<\/strong> 7,5 kW<br \/>\n<strong>Potencia el\u00e9ctrica<\/strong> 55 IP<br \/>\n<strong>Depresi\u00f3n m\u00e1xima<\/strong> 4.000 H\u2082O<br \/>\n<strong>Caudal d\u00b4aire m\u00e1ximo<\/strong> 530 m\u00b3\/h<br \/>\n<strong>Di\u00e1metro d\u00b4aspiraci\u00f3n<\/strong> 80 mm<br \/>\n<strong>Nivel de ruido<\/strong> 76 dB(A)<br \/>\n<strong>Tipos de filtro<\/strong> Estrella<br \/>\n<strong>Superf\u00edcie &#8211; di\u00e1metro<\/strong> 49.000 &#8211; 500<br \/>\n<strong>Media de filtro- Clase<\/strong> Poli\u00e9ster &#8211; ANTE M IEC 60335-2-69<br \/>\n<strong>Carga de aire al filtro<\/strong> 108 m\u00b3\/m\u00b2\/h<br \/>\n<strong>Sistema de limpieza<\/strong> Manual<br \/>\n<strong>Sistema de descarga<\/strong><br \/>\n<strong>Capacitad<\/strong> 100 lt<br \/>\n<strong>Dimensiones<\/strong> 66x118x175h<br \/>\n<strong>Peso<\/strong> 170 kg<\/p>\n","protected":false},"excerpt":{"rendered":"<p>El aspirador DG75 combina el alto rendimiento de aspiraci\u00f3n de los modelos de l\u00ednea pesada con la compacidad de la serie intermedia trif\u00e1sica. El rendimiento superior de la turbina de canal lateral, el aumento de la superficie del filtro de poli\u00e9ster y la excelente capacidad para la recolecci\u00f3n de s\u00f3lidos y l\u00edquidos son las caracter\u00edsticas [&hellip;]<\/p>\n","protected":false},"featured_media":25558,"comment_status":"closed","ping_status":"closed","template":"","meta":[],"product_brand":[],"product_cat":[1186,1188,1190,578,577],"product_tag":[],"marcas":[915],"certificats":[],"caracteristiques":[],"tipus-productes":[],"zona-aplicacio":[],"tipus-maquinaria":[],"class_list":{"0":"post-25559","1":"product","2":"type-product","3":"status-publish","4":"has-post-thumbnail","6":"product_cat-aspirador-atex-es","7":"product_cat-aspiradores-delfin","8":"product_cat-aspiradores-arena","9":"product_cat-aspiradores-industriales","10":"product_cat-maquinas","11":"marcas-delfin-es","13":"first","14":"instock","15":"shipping-taxable","16":"product-type-simple"},"_links":{"self":[{"href":"https:\/\/dibosch.com\/es\/wp-json\/wp\/v2\/product\/25559","targetHints":{"allow":["GET"]}}],"collection":[{"href":"https:\/\/dibosch.com\/es\/wp-json\/wp\/v2\/product"}],"about":[{"href":"https:\/\/dibosch.com\/es\/wp-json\/wp\/v2\/types\/product"}],"replies":[{"embeddable":true,"href":"https:\/\/dibosch.com\/es\/wp-json\/wp\/v2\/comments?post=25559"}],"wp:featuredmedia":[{"embeddable":true,"href":"https:\/\/dibosch.com\/es\/wp-json\/wp\/v2\/media\/25558"}],"wp:attachment":[{"href":"https:\/\/dibosch.com\/es\/wp-json\/wp\/v2\/media?parent=25559"}],"wp:term":[{"taxonomy":"product_brand","embeddable":true,"href":"https:\/\/dibosch.com\/es\/wp-json\/wp\/v2\/product_brand?post=25559"},{"taxonomy":"product_cat","embeddable":true,"href":"https:\/\/dibosch.com\/es\/wp-json\/wp\/v2\/product_cat?post=25559"},{"taxonomy":"product_tag","embeddable":true,"href":"https:\/\/dibosch.com\/es\/wp-json\/wp\/v2\/product_tag?post=25559"},{"taxonomy":"marcas","embeddable":true,"href":"https:\/\/dibosch.com\/es\/wp-json\/wp\/v2\/marcas?post=25559"},{"taxonomy":"certificats","embeddable":true,"href":"https:\/\/dibosch.com\/es\/wp-json\/wp\/v2\/certificats?post=25559"},{"taxonomy":"caracteristiques","embeddable":true,"href":"https:\/\/dibosch.com\/es\/wp-json\/wp\/v2\/caracteristiques?post=25559"},{"taxonomy":"tipus-productes","embeddable":true,"href":"https:\/\/dibosch.com\/es\/wp-json\/wp\/v2\/tipus-productes?post=25559"},{"taxonomy":"zona-aplicacio","embeddable":true,"href":"https:\/\/dibosch.com\/es\/wp-json\/wp\/v2\/zona-aplicacio?post=25559"},{"taxonomy":"tipus-maquinaria","embeddable":true,"href":"https:\/\/dibosch.com\/es\/wp-json\/wp\/v2\/tipus-maquinaria?post=25559"}],"curies":[{"name":"wp","href":"https:\/\/api.w.org\/{rel}","templated":true}]}}