{"id":25617,"date":"2024-01-13T11:28:41","date_gmt":"2024-01-13T11:28:41","guid":{"rendered":"https:\/\/dibosch.com\/?post_type=product&#038;p=25617"},"modified":"2024-01-13T11:29:58","modified_gmt":"2024-01-13T11:29:58","slug":"aspirador-dm3-clear-aut-delfin","status":"publish","type":"product","link":"https:\/\/dibosch.com\/es\/producto\/aspirador-dm3-clear-aut-delfin\/","title":{"rendered":"ASPIRADOR DM3 CLEAR AUT &#8211; DELFIN"},"content":{"rendered":"<p>El aspirador industrial DM3 CLEAR AUT est\u00e1 equipado con un sistema exclusivo que permite la limpieza constante y autom\u00e1tica de los filtros de su interior, garantizando los m\u00e1s altos niveles de eficiencia de succi\u00f3n incluso durante los ciclos de limpieza largos.<br \/>\nGarantiza una eficacia de aspiraci\u00f3n constante, gracias a la posibilidad de realizar ciclos de limpieza de los filtros dedicados, ya sea intermediando el sistema Dustop manual o mediante una vibraci\u00f3n m\u00e1s concentrada y eficaz en los filtros. En este segundo caso, cuando el operario desee realizar una limpieza extra, podr\u00e1 pulsar el bot\u00f3n correspondiente: los motores dejar\u00e1n de funcionar durante 12 seg\u00fan, permitiendo la vibraci\u00f3n sobre los filtros en ausencia de aspiraci\u00f3n.<\/p>\n","protected":false},"excerpt":{"rendered":"<p>El aspirador industrial DM3 CLEAR AUT est\u00e1 equipado con un sistema exclusivo que permite la limpieza constante y autom\u00e1tica de los filtros de su interior, garantizando los m\u00e1s altos niveles de eficiencia de succi\u00f3n incluso durante los ciclos de limpieza largos. Garantiza una eficacia de aspiraci\u00f3n constante, gracias a la posibilidad de realizar ciclos de [&hellip;]<\/p>\n","protected":false},"featured_media":25616,"comment_status":"closed","ping_status":"closed","template":"","meta":[],"product_brand":[],"product_cat":[1188,578,577],"product_tag":[],"marcas":[915],"certificats":[],"caracteristiques":[],"tipus-productes":[],"zona-aplicacio":[],"tipus-maquinaria":[],"class_list":{"0":"post-25617","1":"product","2":"type-product","3":"status-publish","4":"has-post-thumbnail","6":"product_cat-aspiradores-delfin","7":"product_cat-aspiradores-industriales","8":"product_cat-maquinas","9":"marcas-delfin-es","11":"first","12":"instock","13":"shipping-taxable","14":"product-type-simple"},"_links":{"self":[{"href":"https:\/\/dibosch.com\/es\/wp-json\/wp\/v2\/product\/25617","targetHints":{"allow":["GET"]}}],"collection":[{"href":"https:\/\/dibosch.com\/es\/wp-json\/wp\/v2\/product"}],"about":[{"href":"https:\/\/dibosch.com\/es\/wp-json\/wp\/v2\/types\/product"}],"replies":[{"embeddable":true,"href":"https:\/\/dibosch.com\/es\/wp-json\/wp\/v2\/comments?post=25617"}],"wp:featuredmedia":[{"embeddable":true,"href":"https:\/\/dibosch.com\/es\/wp-json\/wp\/v2\/media\/25616"}],"wp:attachment":[{"href":"https:\/\/dibosch.com\/es\/wp-json\/wp\/v2\/media?parent=25617"}],"wp:term":[{"taxonomy":"product_brand","embeddable":true,"href":"https:\/\/dibosch.com\/es\/wp-json\/wp\/v2\/product_brand?post=25617"},{"taxonomy":"product_cat","embeddable":true,"href":"https:\/\/dibosch.com\/es\/wp-json\/wp\/v2\/product_cat?post=25617"},{"taxonomy":"product_tag","embeddable":true,"href":"https:\/\/dibosch.com\/es\/wp-json\/wp\/v2\/product_tag?post=25617"},{"taxonomy":"marcas","embeddable":true,"href":"https:\/\/dibosch.com\/es\/wp-json\/wp\/v2\/marcas?post=25617"},{"taxonomy":"certificats","embeddable":true,"href":"https:\/\/dibosch.com\/es\/wp-json\/wp\/v2\/certificats?post=25617"},{"taxonomy":"caracteristiques","embeddable":true,"href":"https:\/\/dibosch.com\/es\/wp-json\/wp\/v2\/caracteristiques?post=25617"},{"taxonomy":"tipus-productes","embeddable":true,"href":"https:\/\/dibosch.com\/es\/wp-json\/wp\/v2\/tipus-productes?post=25617"},{"taxonomy":"zona-aplicacio","embeddable":true,"href":"https:\/\/dibosch.com\/es\/wp-json\/wp\/v2\/zona-aplicacio?post=25617"},{"taxonomy":"tipus-maquinaria","embeddable":true,"href":"https:\/\/dibosch.com\/es\/wp-json\/wp\/v2\/tipus-maquinaria?post=25617"}],"curies":[{"name":"wp","href":"https:\/\/api.w.org\/{rel}","templated":true}]}}