{"id":25624,"date":"2024-01-13T12:24:51","date_gmt":"2024-01-13T12:24:51","guid":{"rendered":"https:\/\/dibosch.com\/?post_type=product&#038;p=25624"},"modified":"2025-09-24T04:53:18","modified_gmt":"2025-09-24T04:53:18","slug":"aspirador-dm3-el-lp-clear-aut-delfin","status":"publish","type":"product","link":"https:\/\/dibosch.com\/es\/producto\/aspirador-dm3-el-lp-clear-aut-delfin\/","title":{"rendered":"ASPIRADOR DM3 EL LP CLEAR AUT &#8211; DELFIN"},"content":{"rendered":"<p>El aspirador industrial DM3 CLEAR AUT est\u00e1 equipado con un sistema exclusivo que permite la limpieza constante y autom\u00e1tica de los filtros de su interior, garantizando los m\u00e1s altos niveles de eficiencia de succi\u00f3n incluso durante los ciclos de limpieza largos.<br \/>\nGarantiza una eficacia de aspiraci\u00f3n constante, gracias a la posibilidad de realizar ciclos de limpieza de los filtros dedicados, ya sea intermediando el sistema Dustop manual o mediante una vibraci\u00f3n m\u00e1s concentrada y eficaz en los filtros. En este segundo caso, cuando el operario desee realizar una limpieza extra, podr\u00e1 pulsar el bot\u00f3n correspondiente: los motores dejar\u00e1n de funcionar durante 12 seg\u00fan, permitiendo la vibraci\u00f3n sobre los filtros en ausencia de aspiraci\u00f3n.<\/p>\n<p><strong>VENTAJAS<\/strong><\/p>\n<p>Filtro de superficie m\u00e1s grande en su categor\u00eda<br \/>\nSistema integrado de limpieza del filtro<br \/>\nConstrucci\u00f3n completa en acero<br \/>\nRecipiente de recogida extra\u00edble con el uso opcional de bolsas desechables<br \/>\nTres potentes motores by pass con enfriamiento independiente<br \/>\nCompacto y m\u00f3vil<br \/>\nSistema autom\u00e1tico integrado de limpieza de filtros<br \/>\nReducci\u00f3n de la altura para facilitar el transporte en veh\u00edculos<br \/>\nGuillotina para el sistema DUSTOP incluido<br \/>\nEndless Bag<\/p>\n<p><strong>CARACTER\u00cdSTICAS T\u00c9CNICAS DM3 EL LP CLEAR AUT<\/strong><\/p>\n<p><strong>Alimentaci\u00f3n<\/strong> 65X70X166h V-Hz<br \/>\n<strong>Potencia<\/strong> 3,45 kW<br \/>\n<strong>Depresi\u00f3n m\u00e1xima<\/strong> 2.500 H\u2082O<br \/>\n<strong>Caudal de aire m\u00e1ximo<\/strong> 540 m\u00b3\/h<br \/>\n<strong>Di\u00e1metro de aspiraci\u00f3n<\/strong> 80 mm<br \/>\n<strong>Nivel de ruido<\/strong> 76 dB(A)<br \/>\n<strong>Tipos de filtro<\/strong> Cartucho<br \/>\n<strong>Superficie &#8211; di\u00e1metro<\/strong> 30.000- 360 cm\u00b2-mm<br \/>\n<strong>Medio de filtro- Clase<\/strong> Poli\u00e9ster &#8211; M PTFE IEC 603335-2-69<br \/>\n<strong>Carga de aire en el filtro <\/strong><br \/>\n<strong>Sistema de limpieza<\/strong> Autom\u00e1tica CLEAR AUT + DUSTOP<br \/>\n<strong>Capacidad<\/strong><br \/>\n<strong>Dimensiones<\/strong> 65X70X166h<br \/>\n<strong>Peso<\/strong> 80 kg<\/p>\n","protected":false},"excerpt":{"rendered":"<p>El aspirador industrial DM3 CLEAR AUT est\u00e1 equipado con un sistema exclusivo que permite la limpieza constante y autom\u00e1tica de los filtros de su interior, garantizando los m\u00e1s altos niveles de eficiencia de succi\u00f3n incluso durante los ciclos de limpieza largos. Garantiza una eficacia de aspiraci\u00f3n constante, gracias a la posibilidad de realizar ciclos de [&hellip;]<\/p>\n","protected":false},"featured_media":25620,"comment_status":"closed","ping_status":"closed","template":"","meta":[],"product_brand":[],"product_cat":[1174,1188,578,577],"product_tag":[],"marcas":[915],"certificats":[],"caracteristiques":[],"tipus-productes":[],"zona-aplicacio":[949],"tipus-maquinaria":[],"class_list":{"0":"post-25624","1":"product","2":"type-product","3":"status-publish","4":"has-post-thumbnail","6":"product_cat-aspirador-industrial-polvo-fino","7":"product_cat-aspiradores-delfin","8":"product_cat-aspiradores-industriales","9":"product_cat-maquinas","10":"marcas-delfin-es","11":"zona-aplicacio-zona-produccion-y-talleres","13":"first","14":"instock","15":"shipping-taxable","16":"product-type-simple"},"_links":{"self":[{"href":"https:\/\/dibosch.com\/es\/wp-json\/wp\/v2\/product\/25624","targetHints":{"allow":["GET"]}}],"collection":[{"href":"https:\/\/dibosch.com\/es\/wp-json\/wp\/v2\/product"}],"about":[{"href":"https:\/\/dibosch.com\/es\/wp-json\/wp\/v2\/types\/product"}],"replies":[{"embeddable":true,"href":"https:\/\/dibosch.com\/es\/wp-json\/wp\/v2\/comments?post=25624"}],"wp:featuredmedia":[{"embeddable":true,"href":"https:\/\/dibosch.com\/es\/wp-json\/wp\/v2\/media\/25620"}],"wp:attachment":[{"href":"https:\/\/dibosch.com\/es\/wp-json\/wp\/v2\/media?parent=25624"}],"wp:term":[{"taxonomy":"product_brand","embeddable":true,"href":"https:\/\/dibosch.com\/es\/wp-json\/wp\/v2\/product_brand?post=25624"},{"taxonomy":"product_cat","embeddable":true,"href":"https:\/\/dibosch.com\/es\/wp-json\/wp\/v2\/product_cat?post=25624"},{"taxonomy":"product_tag","embeddable":true,"href":"https:\/\/dibosch.com\/es\/wp-json\/wp\/v2\/product_tag?post=25624"},{"taxonomy":"marcas","embeddable":true,"href":"https:\/\/dibosch.com\/es\/wp-json\/wp\/v2\/marcas?post=25624"},{"taxonomy":"certificats","embeddable":true,"href":"https:\/\/dibosch.com\/es\/wp-json\/wp\/v2\/certificats?post=25624"},{"taxonomy":"caracteristiques","embeddable":true,"href":"https:\/\/dibosch.com\/es\/wp-json\/wp\/v2\/caracteristiques?post=25624"},{"taxonomy":"tipus-productes","embeddable":true,"href":"https:\/\/dibosch.com\/es\/wp-json\/wp\/v2\/tipus-productes?post=25624"},{"taxonomy":"zona-aplicacio","embeddable":true,"href":"https:\/\/dibosch.com\/es\/wp-json\/wp\/v2\/zona-aplicacio?post=25624"},{"taxonomy":"tipus-maquinaria","embeddable":true,"href":"https:\/\/dibosch.com\/es\/wp-json\/wp\/v2\/tipus-maquinaria?post=25624"}],"curies":[{"name":"wp","href":"https:\/\/api.w.org\/{rel}","templated":true}]}}