{"id":25831,"date":"2024-01-17T15:24:16","date_gmt":"2024-01-17T15:24:16","guid":{"rendered":"https:\/\/dibosch.com\/?post_type=product&#038;p=25831"},"modified":"2024-01-17T15:24:58","modified_gmt":"2024-01-17T15:24:58","slug":"ambigen-mist-bp750ml-sucitesa","status":"publish","type":"product","link":"https:\/\/dibosch.com\/es\/producto\/ambigen-mist-bp750ml-sucitesa\/","title":{"rendered":"AMBIGEN MIST BP750ml &#8211; SUCITESA"},"content":{"rendered":"<p><strong>Caracter\u00edsticas del producto:<\/strong><\/p>\n<p>Ambientador. CLEAN collection<br \/>\nPerfume c\u00edtrico a naranja dulce y madera de cedro.<br \/>\nMejora el ambiente y la calidad del aire.<br \/>\nIncorpora la Tecnolog\u00eda DEODOR. Neutraliza olores desagradables sin enmascararlos.<br \/>\nElevada concentraci\u00f3n de perfume.<br \/>\nEfecto long-lasting.<br \/>\nProducto sostenible desarrollado bajo estrictos criterios medioambientales y de seguridad, con la garant\u00eda LIFE CARE.<\/p>\n<p><strong>Manual de uso:<\/strong><\/p>\n<p>Bid\u00f3n 5L.<br \/>\nUSO MANUAL. Rellenar la botella pulverizadora.<br \/>\nUSO AUTOM\u00c1TICO. Sistema AIR MATIC de dosificaci\u00f3n.<br \/>\nAMBIENTE: Pulverizar hacia arriba y en todas direcciones. Evitar hacerlo sobre alimentos y utensilios de cocina.<br \/>\nClimatizadores: Pulverizar la rejilla de salida de aire.<\/p>\n","protected":false},"excerpt":{"rendered":"<p>Caracter\u00edsticas del producto: Ambientador. CLEAN collection Perfume c\u00edtrico a naranja dulce y madera de cedro. Mejora el ambiente y la calidad del aire. Incorpora la Tecnolog\u00eda DEODOR. Neutraliza olores desagradables sin enmascararlos. Elevada concentraci\u00f3n de perfume. Efecto long-lasting. Producto sostenible desarrollado bajo estrictos criterios medioambientales y de seguridad, con la garant\u00eda LIFE CARE. Manual de [&hellip;]<\/p>\n","protected":false},"featured_media":25830,"comment_status":"closed","ping_status":"closed","template":"","meta":[],"product_brand":[],"product_cat":[733,689,694],"product_tag":[],"marcas":[922],"certificats":[],"caracteristiques":[],"tipus-productes":[],"zona-aplicacio":[],"tipus-maquinaria":[],"class_list":{"0":"post-25831","1":"product","2":"type-product","3":"status-publish","4":"has-post-thumbnail","6":"product_cat-ambientadores","7":"product_cat-productos-de-limpieza","8":"product_cat-quimicos","9":"marcas-sucitesa-es","11":"first","12":"instock","13":"shipping-taxable","14":"product-type-simple"},"_links":{"self":[{"href":"https:\/\/dibosch.com\/es\/wp-json\/wp\/v2\/product\/25831","targetHints":{"allow":["GET"]}}],"collection":[{"href":"https:\/\/dibosch.com\/es\/wp-json\/wp\/v2\/product"}],"about":[{"href":"https:\/\/dibosch.com\/es\/wp-json\/wp\/v2\/types\/product"}],"replies":[{"embeddable":true,"href":"https:\/\/dibosch.com\/es\/wp-json\/wp\/v2\/comments?post=25831"}],"wp:featuredmedia":[{"embeddable":true,"href":"https:\/\/dibosch.com\/es\/wp-json\/wp\/v2\/media\/25830"}],"wp:attachment":[{"href":"https:\/\/dibosch.com\/es\/wp-json\/wp\/v2\/media?parent=25831"}],"wp:term":[{"taxonomy":"product_brand","embeddable":true,"href":"https:\/\/dibosch.com\/es\/wp-json\/wp\/v2\/product_brand?post=25831"},{"taxonomy":"product_cat","embeddable":true,"href":"https:\/\/dibosch.com\/es\/wp-json\/wp\/v2\/product_cat?post=25831"},{"taxonomy":"product_tag","embeddable":true,"href":"https:\/\/dibosch.com\/es\/wp-json\/wp\/v2\/product_tag?post=25831"},{"taxonomy":"marcas","embeddable":true,"href":"https:\/\/dibosch.com\/es\/wp-json\/wp\/v2\/marcas?post=25831"},{"taxonomy":"certificats","embeddable":true,"href":"https:\/\/dibosch.com\/es\/wp-json\/wp\/v2\/certificats?post=25831"},{"taxonomy":"caracteristiques","embeddable":true,"href":"https:\/\/dibosch.com\/es\/wp-json\/wp\/v2\/caracteristiques?post=25831"},{"taxonomy":"tipus-productes","embeddable":true,"href":"https:\/\/dibosch.com\/es\/wp-json\/wp\/v2\/tipus-productes?post=25831"},{"taxonomy":"zona-aplicacio","embeddable":true,"href":"https:\/\/dibosch.com\/es\/wp-json\/wp\/v2\/zona-aplicacio?post=25831"},{"taxonomy":"tipus-maquinaria","embeddable":true,"href":"https:\/\/dibosch.com\/es\/wp-json\/wp\/v2\/tipus-maquinaria?post=25831"}],"curies":[{"name":"wp","href":"https:\/\/api.w.org\/{rel}","templated":true}]}}