{"id":25850,"date":"2024-01-20T09:08:10","date_gmt":"2024-01-20T09:08:10","guid":{"rendered":"https:\/\/dibosch.com\/?post_type=product&#038;p=25850"},"modified":"2025-09-23T10:16:57","modified_gmt":"2025-09-23T10:16:57","slug":"aspirador-dg-30-exp-delfin","status":"publish","type":"product","link":"https:\/\/dibosch.com\/es\/producto\/aspirador-dg-30-exp-delfin\/","title":{"rendered":"ASPIRADOR DG 30 EXP &#8211; DELFIN"},"content":{"rendered":"<p>Los aspiradores industriales con ruedas DG EXP son la soluci\u00f3n ideal para la aspiraci\u00f3n de grandes cantidades de s\u00f3lidos, p\u00f3lvoras y l\u00edquidos. Gracias a las potentes turbinas de canal lateral equipadas, estos aspiradores pueden eliminar sin esfuerzo cualquier tipo de material con extrema facilidad y seguridad. Tambi\u00e9n disponible en versi\u00f3n certificada Atex.<\/p>\n<p><strong>VENTAJAS<\/strong><\/p>\n<p>Construcci\u00f3n en acero resistente<br \/>\nMotor con soplete de canal lateral, de gran alcance y silencioso, no requiere mantenimiento ordinario, conveniente para uso continuo<br \/>\nFiltro de superficie m\u00e1s grande en su categor\u00eda<br \/>\nV\u00e1lvula de seguridad para la protecci\u00f3n del motor<br \/>\nCompacto y m\u00f3vil<br \/>\nAlta duraci\u00f3n en el tiempo<br \/>\nIdeal para la aspiraci\u00f3n de grandes cantidades de material<br \/>\nContenedor f\u00e1cilmente desmontable para la eliminaci\u00f3n segura del material recogido<br \/>\nAlta eficiencia de filtraci\u00f3n<br \/>\nMuy silencioso<br \/>\nIdeal para uso continuo 24\/7<\/p>\n<p><strong>CARACTER\u00cdSTICAS T\u00c9CNICAS DG 30 EXP<\/strong><\/p>\n<p><strong>Alimentaci\u00f3n<\/strong> 400 50 3- V-Hz<br \/>\n<strong>Potencia<\/strong> 3 kW<br \/>\n<strong>Potencia el\u00e9ctrica<\/strong> 55 IP<br \/>\n<strong>Depresi\u00f3n m\u00e1xima<\/strong> 3.200\/2600 H\u2082O<br \/>\n<strong>Caudal de aire m\u00e1ximo<\/strong> 318 m\u00b3\/h<br \/>\n<strong>Di\u00e1metro de aspiraci\u00f3n<\/strong> 80 mm<br \/>\n<strong>Nivel de ruido<\/strong> 72 dB(A)<br \/>\n<strong>Tipos de filtro<\/strong> Estrella<br \/>\n<strong>Superficie &#8211; di\u00e1metro<\/strong> 30.000- 500 cm\u00b2-mm<br \/>\n<strong>Medio de filtro- Clase<\/strong> Poli\u00e9ster &#8211; L IEC 603335-2-69<br \/>\n<strong>Carga de aire en el filtro<\/strong> 106 m\u00b3\/m\u00b2\/h<br \/>\n<strong>Sistema de limpieza<\/strong> Manual<br \/>\n<strong>Sistema de descarga<\/strong><br \/>\n<strong>Capacidad de transporte<\/strong> 100 kg\/h<br \/>\n<strong>Dimensiones<\/strong> 66x118x145h<br \/>\n<strong>Peso<\/strong> 130 kg<br \/>\n<strong>Capacitad<\/strong> l<\/p>\n","protected":false},"excerpt":{"rendered":"<p>Los aspiradores industriales con ruedas DG EXP son la soluci\u00f3n ideal para la aspiraci\u00f3n de grandes cantidades de s\u00f3lidos, p\u00f3lvoras y l\u00edquidos. Gracias a las potentes turbinas de canal lateral equipadas, estos aspiradores pueden eliminar sin esfuerzo cualquier tipo de material con extrema facilidad y seguridad. Tambi\u00e9n disponible en versi\u00f3n certificada Atex. VENTAJAS Construcci\u00f3n en [&hellip;]<\/p>\n","protected":false},"featured_media":25849,"comment_status":"closed","ping_status":"closed","template":"","meta":[],"product_brand":[],"product_cat":[1174,1165,1188,1190,578,1178,577],"product_tag":[],"marcas":[915],"certificats":[],"caracteristiques":[],"tipus-productes":[],"zona-aplicacio":[],"tipus-maquinaria":[],"class_list":{"0":"post-25850","1":"product","2":"type-product","3":"status-publish","4":"has-post-thumbnail","6":"product_cat-aspirador-industrial-polvo-fino","7":"product_cat-aspirador-de-polvo-liquido-industrial","8":"product_cat-aspiradores-delfin","9":"product_cat-aspiradores-arena","10":"product_cat-aspiradores-industriales","11":"product_cat-aspiradores-industriales-trifasicos","12":"product_cat-maquinas","13":"marcas-delfin-es","15":"first","16":"instock","17":"shipping-taxable","18":"product-type-simple"},"_links":{"self":[{"href":"https:\/\/dibosch.com\/es\/wp-json\/wp\/v2\/product\/25850","targetHints":{"allow":["GET"]}}],"collection":[{"href":"https:\/\/dibosch.com\/es\/wp-json\/wp\/v2\/product"}],"about":[{"href":"https:\/\/dibosch.com\/es\/wp-json\/wp\/v2\/types\/product"}],"replies":[{"embeddable":true,"href":"https:\/\/dibosch.com\/es\/wp-json\/wp\/v2\/comments?post=25850"}],"wp:featuredmedia":[{"embeddable":true,"href":"https:\/\/dibosch.com\/es\/wp-json\/wp\/v2\/media\/25849"}],"wp:attachment":[{"href":"https:\/\/dibosch.com\/es\/wp-json\/wp\/v2\/media?parent=25850"}],"wp:term":[{"taxonomy":"product_brand","embeddable":true,"href":"https:\/\/dibosch.com\/es\/wp-json\/wp\/v2\/product_brand?post=25850"},{"taxonomy":"product_cat","embeddable":true,"href":"https:\/\/dibosch.com\/es\/wp-json\/wp\/v2\/product_cat?post=25850"},{"taxonomy":"product_tag","embeddable":true,"href":"https:\/\/dibosch.com\/es\/wp-json\/wp\/v2\/product_tag?post=25850"},{"taxonomy":"marcas","embeddable":true,"href":"https:\/\/dibosch.com\/es\/wp-json\/wp\/v2\/marcas?post=25850"},{"taxonomy":"certificats","embeddable":true,"href":"https:\/\/dibosch.com\/es\/wp-json\/wp\/v2\/certificats?post=25850"},{"taxonomy":"caracteristiques","embeddable":true,"href":"https:\/\/dibosch.com\/es\/wp-json\/wp\/v2\/caracteristiques?post=25850"},{"taxonomy":"tipus-productes","embeddable":true,"href":"https:\/\/dibosch.com\/es\/wp-json\/wp\/v2\/tipus-productes?post=25850"},{"taxonomy":"zona-aplicacio","embeddable":true,"href":"https:\/\/dibosch.com\/es\/wp-json\/wp\/v2\/zona-aplicacio?post=25850"},{"taxonomy":"tipus-maquinaria","embeddable":true,"href":"https:\/\/dibosch.com\/es\/wp-json\/wp\/v2\/tipus-maquinaria?post=25850"}],"curies":[{"name":"wp","href":"https:\/\/api.w.org\/{rel}","templated":true}]}}