{"id":25862,"date":"2024-01-20T11:09:58","date_gmt":"2024-01-20T11:09:58","guid":{"rendered":"https:\/\/dibosch.com\/?post_type=product&#038;p=25862"},"modified":"2024-01-20T11:14:40","modified_gmt":"2024-01-20T11:14:40","slug":"aspirador-dg-70-exp-pn-delfin","status":"publish","type":"product","link":"https:\/\/dibosch.com\/es\/producto\/aspirador-dg-70-exp-pn-delfin\/","title":{"rendered":"ASPIRADOR DG 70 EXP PN &#8211; DELFIN"},"content":{"rendered":"<p>Los aspiradores industriales DG EXP PN son ideales para la aspiraci\u00f3n de polvo seco que, en condiciones normales de trabajo, pueden obstruir el filtro, reduciendo el rendimiento de aspiraci\u00f3n de polvo fino (el sistema PN es la soluci\u00f3n ideal para p\u00f3lvora de construcci\u00f3n, cementos, sobre procesamiento) . Los DG EXP PN est\u00e1n equipados con cartuchos de filtro de alta superficie que se limpian autom\u00e1ticamente y temporizados mediante un sistema de limpieza de filtro a contracorriente de aire que permite al operador aspirar en continuaci\u00f3n hasta el llenado completo del contenedor.<\/p>\n<p><strong>VENTAJAS<\/strong><\/p>\n<p>Motor con soplete de canal lateral, de gran alcance y silencioso, no requiere mantenimiento ordinario, conveniente para uso continuo<br \/>\nEntrada de aspiraci\u00f3n tangencial con cicl\u00f3n integrado<br \/>\nConstrucci\u00f3n completa en acero<br \/>\nRecipiente de recogida extra\u00edble con el uso opcional de bolsas desechables<br \/>\nV\u00e1lvula de seguridad para la protecci\u00f3n del motor<br \/>\nVacu\u00f3metro para detectar obstrucci\u00f3n del filtro<br \/>\nReducci\u00f3n del tiempo de inactividad de las m\u00e1quinas herramienta<br \/>\nFiltro de alta eficiencia<br \/>\nFiltro antiest\u00e1tico de amplia superficie<br \/>\nPosibilitado de integraci\u00f3n en otras m\u00e1quinas<br \/>\nCompleta personalizaci\u00f3n para necesidades espec\u00edficas<br \/>\nSistema autom\u00e1tico integrado de limpieza de filtros<\/p>\n<p><strong>CARACTER\u00cdSTICAS T\u00c9CNICAS DG 70 EXP PN<\/strong><\/p>\n<p><strong>Alimentaci\u00f3n<\/strong> 400 &#8211; 50 3~ V-Hz<br \/>\n<strong>Potencia<\/strong> 5,5 kW<br \/>\n<strong>Potencia el\u00e9ctrica<\/strong> 65 IP<br \/>\n<strong>Depresi\u00f3n m\u00e1xima<\/strong> 3.600\/3.000 H\u2082O<br \/>\n<strong>Caudal de aire m\u00e1ximo<\/strong> 530 m\u00b3\/h<br \/>\n<strong>Di\u00e1metro de aspiraci\u00f3n<\/strong> 80 mm<br \/>\n<strong>Nivel de ruido<\/strong> 75 dB(A)<br \/>\n<strong>Tipos de filtro<\/strong> Cartucho<br \/>\n<strong>Superficie &#8211; di\u00e1metro<\/strong> 80.000 cm\u00b2-mm<br \/>\n<strong>Medio de filtro- Clase<\/strong> Poli\u00e9ster &#8211; ANTE M IEC 603335-2-69<br \/>\n<strong>Carga de aire en el filtro<\/strong> 66 m\u00b3\/m\u00b2\/h<br \/>\n<strong>Sistema de limpieza<\/strong> PN autom\u00e1tica<br \/>\n<strong>Sistema de descarga<\/strong><br \/>\n<strong>Capacitad<\/strong> 100 l<br \/>\n<strong>Dimensiones<\/strong> 66x118x187h<br \/>\n<strong>Peso<\/strong> 180 kg<br \/>\n<strong>N\u00famero de cartuchos<\/strong> 3<\/p>\n","protected":false},"excerpt":{"rendered":"<p>Los aspiradores industriales DG EXP PN son ideales para la aspiraci\u00f3n de polvo seco que, en condiciones normales de trabajo, pueden obstruir el filtro, reduciendo el rendimiento de aspiraci\u00f3n de polvo fino (el sistema PN es la soluci\u00f3n ideal para p\u00f3lvora de construcci\u00f3n, cementos, sobre procesamiento) . Los DG EXP PN est\u00e1n equipados con cartuchos [&hellip;]<\/p>\n","protected":false},"featured_media":25857,"comment_status":"closed","ping_status":"closed","template":"","meta":[],"product_brand":[],"product_cat":[1192,1165,1172,578,1178,577],"product_tag":[],"marcas":[915],"certificats":[],"caracteristiques":[],"tipus-productes":[],"zona-aplicacio":[949],"tipus-maquinaria":[],"class_list":{"0":"post-25862","1":"product","2":"type-product","3":"status-publish","4":"has-post-thumbnail","6":"product_cat-aspirador-industrial-obras","7":"product_cat-aspirador-de-polvo-liquido-industrial","8":"product_cat-aspiradores-polvo-madera","9":"product_cat-aspiradores-industriales","10":"product_cat-aspiradores-industriales-trifasicos","11":"product_cat-maquinas","12":"marcas-delfin-es","13":"zona-aplicacio-zona-produccion-y-talleres","15":"first","16":"instock","17":"shipping-taxable","18":"product-type-simple"},"_links":{"self":[{"href":"https:\/\/dibosch.com\/es\/wp-json\/wp\/v2\/product\/25862","targetHints":{"allow":["GET"]}}],"collection":[{"href":"https:\/\/dibosch.com\/es\/wp-json\/wp\/v2\/product"}],"about":[{"href":"https:\/\/dibosch.com\/es\/wp-json\/wp\/v2\/types\/product"}],"replies":[{"embeddable":true,"href":"https:\/\/dibosch.com\/es\/wp-json\/wp\/v2\/comments?post=25862"}],"wp:featuredmedia":[{"embeddable":true,"href":"https:\/\/dibosch.com\/es\/wp-json\/wp\/v2\/media\/25857"}],"wp:attachment":[{"href":"https:\/\/dibosch.com\/es\/wp-json\/wp\/v2\/media?parent=25862"}],"wp:term":[{"taxonomy":"product_brand","embeddable":true,"href":"https:\/\/dibosch.com\/es\/wp-json\/wp\/v2\/product_brand?post=25862"},{"taxonomy":"product_cat","embeddable":true,"href":"https:\/\/dibosch.com\/es\/wp-json\/wp\/v2\/product_cat?post=25862"},{"taxonomy":"product_tag","embeddable":true,"href":"https:\/\/dibosch.com\/es\/wp-json\/wp\/v2\/product_tag?post=25862"},{"taxonomy":"marcas","embeddable":true,"href":"https:\/\/dibosch.com\/es\/wp-json\/wp\/v2\/marcas?post=25862"},{"taxonomy":"certificats","embeddable":true,"href":"https:\/\/dibosch.com\/es\/wp-json\/wp\/v2\/certificats?post=25862"},{"taxonomy":"caracteristiques","embeddable":true,"href":"https:\/\/dibosch.com\/es\/wp-json\/wp\/v2\/caracteristiques?post=25862"},{"taxonomy":"tipus-productes","embeddable":true,"href":"https:\/\/dibosch.com\/es\/wp-json\/wp\/v2\/tipus-productes?post=25862"},{"taxonomy":"zona-aplicacio","embeddable":true,"href":"https:\/\/dibosch.com\/es\/wp-json\/wp\/v2\/zona-aplicacio?post=25862"},{"taxonomy":"tipus-maquinaria","embeddable":true,"href":"https:\/\/dibosch.com\/es\/wp-json\/wp\/v2\/tipus-maquinaria?post=25862"}],"curies":[{"name":"wp","href":"https:\/\/api.w.org\/{rel}","templated":true}]}}