{"id":25923,"date":"2024-01-27T10:58:27","date_gmt":"2024-01-27T10:58:27","guid":{"rendered":"https:\/\/dibosch.com\/?post_type=product&#038;p=25923"},"modified":"2025-09-23T10:40:49","modified_gmt":"2025-09-23T10:40:49","slug":"aspirador-dg-vl-150-se-delfin","status":"publish","type":"product","link":"https:\/\/dibosch.com\/es\/producto\/aspirador-dg-vl-150-se-delfin\/","title":{"rendered":"ASPIRADOR DG VL 150 SE &#8211; DELFIN"},"content":{"rendered":"<p>Los aspiradores industriales de la serie DG VL son resistentes y potentes, ideales para la aspiraci\u00f3n de grandes cantidades de material l\u00edquido s\u00f3lido y mixto en aplicaciones continuas o instalados en sistemas de aspiraci\u00f3n centralizados. El potente ventilador de canal lateral genera altos niveles de vac\u00edo, lo cual le hace adecuado para aspirar cualquier material. El filtro de poli\u00e9ster de gran superficie y el c\u00f3modo sistema de limpieza integrado Selfclean, garantizan una larga autonom\u00eda de trabajo. La configuraci\u00f3n previa a la elevaci\u00f3n con una carretilla elevadora est\u00e1ndar garantiza un manejo sencillo y seguro incluso cuando el contenedor est\u00e1 lleno.<\/p>\n<p>Los aspiradores DG VL tambi\u00e9n est\u00e1n disponibles en la versi\u00f3n certificada <strong>Atex<\/strong>.<\/p>\n<p><strong>VENTAJAS<\/strong><\/p>\n<p>Motor con soplador de canal lateral, de gran alcance y silencioso, no requiere mantenimiento ordinario, conveniente para uso continuo<br \/>\nFiltro de superficie m\u00e1s grande en su categor\u00eda<br \/>\nSistema integrado de limpieza del filtro<br \/>\nEntrada de aspiraci\u00f3n tangencial con cicl\u00f3n integrado<br \/>\nV\u00e1lvula de seguridad para la protecci\u00f3n del motor<br \/>\nReducci\u00f3n del tiempo de inactividad de las m\u00e1quinas herramienta<br \/>\nIdeal para aspiraci\u00f3n de material con alto peso espec\u00edfico<br \/>\nMovimiento con carretilla elevadora est\u00e1ndar<br \/>\nContenedor f\u00e1cilmente desmontable para la eliminaci\u00f3n segura del material recogido<\/p>\n<p><strong>CARACTER\u00cdSTICAS T\u00c9CNICAS DG VL 150 SE<\/strong><\/p>\n<p><strong>Alimentaci\u00f3n<\/strong> 400 &#8211; 50 3~ V-Hz<br \/>\n<strong>Potencia<\/strong> 17,3 kW<br \/>\n<strong>Potencia el\u00e9ctrica<\/strong> 65 IP<br \/>\n<strong>Depresi\u00f3n m\u00e1xima<\/strong> 6.000 H\u2082O<br \/>\n<strong>Caudal de aire m\u00e1ximo<\/strong> 720 m\u00b3\/h<br \/>\n<strong>Di\u00e1metro de aspiraci\u00f3n<\/strong> 120 mm<br \/>\n<strong>Nivel de ruido<\/strong> 78 dB(A)<br \/>\n<strong>Tipos de filtro<\/strong> Estrella<br \/>\n<strong>Superf\u00edcie &#8211; di\u00e1metro<\/strong> 70.000 &#8211; 560 cm\u00b2-mm<br \/>\n<strong>Medio de filtro- Clase<\/strong> Poli\u00e9ster &#8211; ANTE M IEC 603335-2-69<br \/>\n<strong>Carga de aire en el filtro<\/strong> 104 m\u00b3\/m\u00b2\/h<br \/>\n<strong>Sistema de limpieza<\/strong> SELF CLEAN<br \/>\n<strong>Sistema de descarga<\/strong> Descarga embridada<br \/>\n<strong>Capacidad<\/strong> 160 l<br \/>\n<strong>Dimensiones<\/strong> 170x74x200h<br \/>\n<strong>Peso<\/strong> 440 kg<\/p>\n","protected":false},"excerpt":{"rendered":"<p>Los aspiradores industriales de la serie DG VL son resistentes y potentes, ideales para la aspiraci\u00f3n de grandes cantidades de material l\u00edquido s\u00f3lido y mixto en aplicaciones continuas o instalados en sistemas de aspiraci\u00f3n centralizados. El potente ventilador de canal lateral genera altos niveles de vac\u00edo, lo cual le hace adecuado para aspirar cualquier material. [&hellip;]<\/p>\n","protected":false},"featured_media":25922,"comment_status":"closed","ping_status":"closed","template":"","meta":[],"product_brand":[],"product_cat":[1174,1186,1188,1190,578,1178,577],"product_tag":[],"marcas":[915],"certificats":[973,938],"caracteristiques":[],"tipus-productes":[],"zona-aplicacio":[],"tipus-maquinaria":[],"class_list":{"0":"post-25923","1":"product","2":"type-product","3":"status-publish","4":"has-post-thumbnail","6":"product_cat-aspirador-industrial-polvo-fino","7":"product_cat-aspirador-atex-es","8":"product_cat-aspiradores-delfin","9":"product_cat-aspiradores-arena","10":"product_cat-aspiradores-industriales","11":"product_cat-aspiradores-industriales-trifasicos","12":"product_cat-maquinas","13":"marcas-delfin-es","14":"certificats-atex-zona-d-es","15":"certificats-atex-zona-g-es","17":"first","18":"instock","19":"shipping-taxable","20":"product-type-simple"},"_links":{"self":[{"href":"https:\/\/dibosch.com\/es\/wp-json\/wp\/v2\/product\/25923","targetHints":{"allow":["GET"]}}],"collection":[{"href":"https:\/\/dibosch.com\/es\/wp-json\/wp\/v2\/product"}],"about":[{"href":"https:\/\/dibosch.com\/es\/wp-json\/wp\/v2\/types\/product"}],"replies":[{"embeddable":true,"href":"https:\/\/dibosch.com\/es\/wp-json\/wp\/v2\/comments?post=25923"}],"wp:featuredmedia":[{"embeddable":true,"href":"https:\/\/dibosch.com\/es\/wp-json\/wp\/v2\/media\/25922"}],"wp:attachment":[{"href":"https:\/\/dibosch.com\/es\/wp-json\/wp\/v2\/media?parent=25923"}],"wp:term":[{"taxonomy":"product_brand","embeddable":true,"href":"https:\/\/dibosch.com\/es\/wp-json\/wp\/v2\/product_brand?post=25923"},{"taxonomy":"product_cat","embeddable":true,"href":"https:\/\/dibosch.com\/es\/wp-json\/wp\/v2\/product_cat?post=25923"},{"taxonomy":"product_tag","embeddable":true,"href":"https:\/\/dibosch.com\/es\/wp-json\/wp\/v2\/product_tag?post=25923"},{"taxonomy":"marcas","embeddable":true,"href":"https:\/\/dibosch.com\/es\/wp-json\/wp\/v2\/marcas?post=25923"},{"taxonomy":"certificats","embeddable":true,"href":"https:\/\/dibosch.com\/es\/wp-json\/wp\/v2\/certificats?post=25923"},{"taxonomy":"caracteristiques","embeddable":true,"href":"https:\/\/dibosch.com\/es\/wp-json\/wp\/v2\/caracteristiques?post=25923"},{"taxonomy":"tipus-productes","embeddable":true,"href":"https:\/\/dibosch.com\/es\/wp-json\/wp\/v2\/tipus-productes?post=25923"},{"taxonomy":"zona-aplicacio","embeddable":true,"href":"https:\/\/dibosch.com\/es\/wp-json\/wp\/v2\/zona-aplicacio?post=25923"},{"taxonomy":"tipus-maquinaria","embeddable":true,"href":"https:\/\/dibosch.com\/es\/wp-json\/wp\/v2\/tipus-maquinaria?post=25923"}],"curies":[{"name":"wp","href":"https:\/\/api.w.org\/{rel}","templated":true}]}}