{"id":25927,"date":"2024-01-27T11:35:09","date_gmt":"2024-01-27T11:35:09","guid":{"rendered":"https:\/\/dibosch.com\/?post_type=product&#038;p=25927"},"modified":"2024-04-09T09:44:07","modified_gmt":"2024-04-09T09:44:07","slug":"aspirador-dg-vl-125-pn-delfin","status":"publish","type":"product","link":"https:\/\/dibosch.com\/es\/producto\/aspirador-dg-vl-125-pn-delfin\/","title":{"rendered":"ASPIRADOR DG VL 125 PN &#8211; DELFIN"},"content":{"rendered":"<p>Los aspiradores industriales DG VL PN son ideales para la aspiraci\u00f3n de polvo secos en grandes cantidades que, en condiciones normales de trabajo, comprimen el filtro, reduciendo o eliminando la capacidad de aspiraci\u00f3n (ideal para polvos de construcci\u00f3n, trabajos de cemento, tratamiento de superficies). Est\u00e1 equipada con cartuchos de filtro de alta superficie que se limpian de manera autom\u00e1tica y temporizada mediante un sistema de limpieza de filtro de aire, de forma que el operador puede aspirar un ciclo continuo hasta que el contenedor est\u00e9 completamente lleno.<\/p>\n<p><strong>VENTAJAS<\/strong><\/p>\n<p>Motor con soplador de canal lateral, de gran alcance y silencioso, no requiere mantenimiento ordinario, conveniente para uso continuo<br \/>\nFiltro de superficie m\u00e1s grande en su categor\u00eda<br \/>\nEntrada de aspiraci\u00f3n tangencial con cicl\u00f3n integrado<br \/>\nRecipiente de recogida extra\u00edble con el uso opcional de bolsas desechables<br \/>\nV\u00e1lvula de seguridad para la protecci\u00f3n del motor<br \/>\nBajo nivel de ruido<br \/>\nCaja de mandos con arrancada delta-estrella<br \/>\nMovimiento con carretilla elevadora est\u00e1ndar<br \/>\nSistema autom\u00e1tico integrado de limpieza de filtros<\/p>\n<p><strong>CARACTER\u00cdSTICAS T\u00c9CNICAS DG VL 125 PN<\/strong><\/p>\n<p><strong>Alimentaci\u00f3n<\/strong> 400 &#8211; 50 3~ V-Hz<br \/>\n<strong>Potencia<\/strong> 12,5 kW<br \/>\n<strong>Potencia el\u00e9ctrica<\/strong> 65 IP<br \/>\n<strong>Depresi\u00f3n m\u00e1xima<\/strong> 4.000 H\u2082O<br \/>\n<strong>Caudal de aire m\u00e1ximo<\/strong> 1.100 m\u00b3\/h<br \/>\n<strong>Di\u00e1metro de aspiraci\u00f3n<\/strong> 120 mm<br \/>\n<strong>Nivel de ruido<\/strong> 78 dB(A)<br \/>\n<strong>Tipos de filtro<\/strong> Cartucho<br \/>\n<strong>Superficie &#8211; di\u00e1metro<\/strong> 106.000 cm\u00b2-mm<br \/>\n<strong>Medio de filtro- Clase<\/strong> Poli\u00e9ster &#8211; ANTE M IEC 603335-2-69<br \/>\n<strong>Carga de aire en el filtro<\/strong> 104 m\u00b3\/m\u00b2\/h<br \/>\n<strong>Sistema de limpieza<\/strong> PN autom\u00e1tica<br \/>\n<strong>Sistema de descarga<\/strong> Descarga embridada<br \/>\n<strong>Capacidad<\/strong> 160 l<br \/>\n<strong>Dimensiones<\/strong> 170x74x213h<br \/>\n<strong>Peso<\/strong> 430 kg<\/p>\n","protected":false},"excerpt":{"rendered":"<p>Los aspiradores industriales DG VL PN son ideales para la aspiraci\u00f3n de polvo secos en grandes cantidades que, en condiciones normales de trabajo, comprimen el filtro, reduciendo o eliminando la capacidad de aspiraci\u00f3n (ideal para polvos de construcci\u00f3n, trabajos de cemento, tratamiento de superficies). Est\u00e1 equipada con cartuchos de filtro de alta superficie que se [&hellip;]<\/p>\n","protected":false},"featured_media":25922,"comment_status":"closed","ping_status":"closed","template":"","meta":[],"product_brand":[],"product_cat":[1174,1192,1165,1184,1188,1190,1172,578,1178,577],"product_tag":[],"marcas":[915],"certificats":[],"caracteristiques":[],"tipus-productes":[],"zona-aplicacio":[949],"tipus-maquinaria":[],"class_list":{"0":"post-25927","1":"product","2":"type-product","3":"status-publish","4":"has-post-thumbnail","6":"product_cat-aspirador-industrial-polvo-fino","7":"product_cat-aspirador-industrial-obras","8":"product_cat-aspirador-de-polvo-liquido-industrial","9":"product_cat-aspirador-hornos-panaderia","10":"product_cat-aspiradores-delfin","11":"product_cat-aspiradores-arena","12":"product_cat-aspiradores-polvo-madera","13":"product_cat-aspiradores-industriales","14":"product_cat-aspiradores-industriales-trifasicos","15":"product_cat-maquinas","16":"marcas-delfin-es","17":"zona-aplicacio-zona-produccion-y-talleres","19":"first","20":"instock","21":"shipping-taxable","22":"product-type-simple"},"_links":{"self":[{"href":"https:\/\/dibosch.com\/es\/wp-json\/wp\/v2\/product\/25927","targetHints":{"allow":["GET"]}}],"collection":[{"href":"https:\/\/dibosch.com\/es\/wp-json\/wp\/v2\/product"}],"about":[{"href":"https:\/\/dibosch.com\/es\/wp-json\/wp\/v2\/types\/product"}],"replies":[{"embeddable":true,"href":"https:\/\/dibosch.com\/es\/wp-json\/wp\/v2\/comments?post=25927"}],"wp:featuredmedia":[{"embeddable":true,"href":"https:\/\/dibosch.com\/es\/wp-json\/wp\/v2\/media\/25922"}],"wp:attachment":[{"href":"https:\/\/dibosch.com\/es\/wp-json\/wp\/v2\/media?parent=25927"}],"wp:term":[{"taxonomy":"product_brand","embeddable":true,"href":"https:\/\/dibosch.com\/es\/wp-json\/wp\/v2\/product_brand?post=25927"},{"taxonomy":"product_cat","embeddable":true,"href":"https:\/\/dibosch.com\/es\/wp-json\/wp\/v2\/product_cat?post=25927"},{"taxonomy":"product_tag","embeddable":true,"href":"https:\/\/dibosch.com\/es\/wp-json\/wp\/v2\/product_tag?post=25927"},{"taxonomy":"marcas","embeddable":true,"href":"https:\/\/dibosch.com\/es\/wp-json\/wp\/v2\/marcas?post=25927"},{"taxonomy":"certificats","embeddable":true,"href":"https:\/\/dibosch.com\/es\/wp-json\/wp\/v2\/certificats?post=25927"},{"taxonomy":"caracteristiques","embeddable":true,"href":"https:\/\/dibosch.com\/es\/wp-json\/wp\/v2\/caracteristiques?post=25927"},{"taxonomy":"tipus-productes","embeddable":true,"href":"https:\/\/dibosch.com\/es\/wp-json\/wp\/v2\/tipus-productes?post=25927"},{"taxonomy":"zona-aplicacio","embeddable":true,"href":"https:\/\/dibosch.com\/es\/wp-json\/wp\/v2\/zona-aplicacio?post=25927"},{"taxonomy":"tipus-maquinaria","embeddable":true,"href":"https:\/\/dibosch.com\/es\/wp-json\/wp\/v2\/tipus-maquinaria?post=25927"}],"curies":[{"name":"wp","href":"https:\/\/api.w.org\/{rel}","templated":true}]}}