{"id":25936,"date":"2024-01-31T11:04:32","date_gmt":"2024-01-31T11:04:32","guid":{"rendered":"https:\/\/dibosch.com\/?post_type=product&#038;p=25936"},"modified":"2024-01-31T11:05:22","modified_gmt":"2024-01-31T11:05:22","slug":"cepillo-amarillo-b1851yres-hillbrush","status":"publish","type":"product","link":"https:\/\/dibosch.com\/es\/producto\/cepillo-amarillo-b1851yres-hillbrush\/","title":{"rendered":"CEPILLO AMARILLO B1851YRES &#8211; HILLBRUSH"},"content":{"rendered":"<p><strong>Caracter\u00edsticas del producto:<\/strong><\/p>\n<p>Cepillo de banco de 345 mm, bloque de polipropileno, relleno medio de poli\u00e9ster con salida de 57 mm, juego de resina DRS\u00ae.<\/p>\n<p>Tiene cuatro filas de material densamente empaquetado, lo que es ideal para limpiar \u00e1reas m\u00e1s amplias y despejadas, como cintas transportadoras y encimeras de trabajo.<\/p>\n<p>Tiene una manivela ergon\u00f3mica.<\/p>\n","protected":false},"excerpt":{"rendered":"<p>Caracter\u00edsticas del producto: Cepillo de banco de 345 mm, bloque de polipropileno, relleno medio de poli\u00e9ster con salida de 57 mm, juego de resina DRS\u00ae. Tiene cuatro filas de material densamente empaquetado, lo que es ideal para limpiar \u00e1reas m\u00e1s amplias y despejadas, como cintas transportadoras y encimeras de trabajo. Tiene una manivela ergon\u00f3mica.<\/p>\n","protected":false},"featured_media":25935,"comment_status":"closed","ping_status":"closed","template":"","meta":[],"product_brand":[],"product_cat":[771,713,684],"product_tag":[],"marcas":[921],"certificats":[],"caracteristiques":[],"tipus-productes":[],"zona-aplicacio":[],"tipus-maquinaria":[],"class_list":{"0":"post-25936","1":"product","2":"type-product","3":"status-publish","4":"has-post-thumbnail","6":"product_cat-cepillos-manuales","7":"product_cat-utensilios","8":"product_cat-utiles-de-limpieza","9":"marcas-hillbrush-es","11":"first","12":"instock","13":"shipping-taxable","14":"product-type-simple"},"_links":{"self":[{"href":"https:\/\/dibosch.com\/es\/wp-json\/wp\/v2\/product\/25936","targetHints":{"allow":["GET"]}}],"collection":[{"href":"https:\/\/dibosch.com\/es\/wp-json\/wp\/v2\/product"}],"about":[{"href":"https:\/\/dibosch.com\/es\/wp-json\/wp\/v2\/types\/product"}],"replies":[{"embeddable":true,"href":"https:\/\/dibosch.com\/es\/wp-json\/wp\/v2\/comments?post=25936"}],"wp:featuredmedia":[{"embeddable":true,"href":"https:\/\/dibosch.com\/es\/wp-json\/wp\/v2\/media\/25935"}],"wp:attachment":[{"href":"https:\/\/dibosch.com\/es\/wp-json\/wp\/v2\/media?parent=25936"}],"wp:term":[{"taxonomy":"product_brand","embeddable":true,"href":"https:\/\/dibosch.com\/es\/wp-json\/wp\/v2\/product_brand?post=25936"},{"taxonomy":"product_cat","embeddable":true,"href":"https:\/\/dibosch.com\/es\/wp-json\/wp\/v2\/product_cat?post=25936"},{"taxonomy":"product_tag","embeddable":true,"href":"https:\/\/dibosch.com\/es\/wp-json\/wp\/v2\/product_tag?post=25936"},{"taxonomy":"marcas","embeddable":true,"href":"https:\/\/dibosch.com\/es\/wp-json\/wp\/v2\/marcas?post=25936"},{"taxonomy":"certificats","embeddable":true,"href":"https:\/\/dibosch.com\/es\/wp-json\/wp\/v2\/certificats?post=25936"},{"taxonomy":"caracteristiques","embeddable":true,"href":"https:\/\/dibosch.com\/es\/wp-json\/wp\/v2\/caracteristiques?post=25936"},{"taxonomy":"tipus-productes","embeddable":true,"href":"https:\/\/dibosch.com\/es\/wp-json\/wp\/v2\/tipus-productes?post=25936"},{"taxonomy":"zona-aplicacio","embeddable":true,"href":"https:\/\/dibosch.com\/es\/wp-json\/wp\/v2\/zona-aplicacio?post=25936"},{"taxonomy":"tipus-maquinaria","embeddable":true,"href":"https:\/\/dibosch.com\/es\/wp-json\/wp\/v2\/tipus-maquinaria?post=25936"}],"curies":[{"name":"wp","href":"https:\/\/api.w.org\/{rel}","templated":true}]}}