{"id":26056,"date":"2024-02-10T09:19:28","date_gmt":"2024-02-10T09:19:28","guid":{"rendered":"https:\/\/dibosch.com\/?post_type=product&#038;p=26056"},"modified":"2024-02-10T09:24:20","modified_gmt":"2024-02-10T09:24:20","slug":"aspirador-352-airex-14v-delfin","status":"publish","type":"product","link":"https:\/\/dibosch.com\/es\/producto\/aspirador-352-airex-14v-delfin\/","title":{"rendered":"ASPIRADOR 352 AIREX 14V &#8211; DELFIN"},"content":{"rendered":"<p>Certificaci\u00f3n 2GD para uso seguro en \u00e1reas Atex 1, 2, 21, 22. Filtros antiest\u00e1ticos, construcci\u00f3n completa en acero inoxidable AISI304, tomada de tierra completa que lo convierten en el aspirador de aire industrial para polvo, ideal para aplicaciones de todo tipo en \u00e1reas en riesgo de explosi\u00f3n. Disponible con unidades Venturi de 7 o 14 filtres<\/p>\n<p><strong>VENTAJAS<\/strong><\/p>\n<p>Compacto y m\u00f3vil<br \/>\nFiltro de alta eficiencia<br \/>\nContenedor de acero inoxidable AISI304<br \/>\nCertificado para uso en zonas ATEX 1,2,21,22<br \/>\nAspirador dise\u00f1ado para uso intensivo.<br \/>\nAlta eficiencia de filtraci\u00f3n<br \/>\nMuy silencioso<br \/>\nAspiraci\u00f3n gracias a una potente unidad venturi de multe-filtros<\/p>\n<p><strong>CARACTER\u00cdSTICAS T\u00c9CNICAS 352 AIREX 14V<\/strong><\/p>\n<p><strong>Zona<\/strong> Atex ATEX Z1-2\/21-22<br \/>\n<strong>Marca<\/strong> Ex II 2D Ex h IIIC T85\u00b0C Db &#8211; Ex ll 2G Ex h IIB T6 Gb<br \/>\n<strong>Alimentaci\u00f3n requerida<\/strong> 1458 nlt \/ min<br \/>\n<strong>Presi\u00f3n de alimentaci\u00f3n de aire<\/strong> 6 bar<br \/>\n<strong>\u00d8 tubo de alimentaci\u00f3n de aire<\/strong> 12 mm<br \/>\n<strong>Depresi\u00f3n m\u00e1xima<\/strong> 3700 H\u2082O<br \/>\n<strong>Caudal de aire m\u00e1ximo<\/strong> 300 m\u00b3\/h<br \/>\n<strong>Di\u00e1metro de aspiraci\u00f3n<\/strong> 80 mm<br \/>\n<strong>Nivel de ruido<\/strong> 68 dB(A)<br \/>\n<strong>Tipos de filtro<\/strong> Estrella<br \/>\n<strong>Superf\u00edcie &#8211; Di\u00e1metro<\/strong> 20.000 &#8211; 420 cm\u00b2-mm<br \/>\n<strong>Medio de filtro- Clase<\/strong> Poli\u00e9ster &#8211; ANTE M IEC 603335-2-69<br \/>\n<strong>Sistema de limpieza<\/strong> Manual<br \/>\n<strong>Capacidad<\/strong> 45 l<br \/>\n<strong>Dimensiones<\/strong> 70x55x127h<br \/>\n<strong>Peso<\/strong> 50 kg<\/p>\n","protected":false},"excerpt":{"rendered":"<p>Certificaci\u00f3n 2GD para uso seguro en \u00e1reas Atex 1, 2, 21, 22. Filtros antiest\u00e1ticos, construcci\u00f3n completa en acero inoxidable AISI304, tomada de tierra completa que lo convierten en el aspirador de aire industrial para polvo, ideal para aplicaciones de todo tipo en \u00e1reas en riesgo de explosi\u00f3n. Disponible con unidades Venturi de 7 o 14 [&hellip;]<\/p>\n","protected":false},"featured_media":26053,"comment_status":"closed","ping_status":"closed","template":"","meta":[],"product_brand":[],"product_cat":[1192,1165,1186,1188,578,577],"product_tag":[],"marcas":[915],"certificats":[973],"caracteristiques":[],"tipus-productes":[],"zona-aplicacio":[949],"tipus-maquinaria":[],"class_list":{"0":"post-26056","1":"product","2":"type-product","3":"status-publish","4":"has-post-thumbnail","6":"product_cat-aspirador-industrial-obras","7":"product_cat-aspirador-de-polvo-liquido-industrial","8":"product_cat-aspirador-atex-es","9":"product_cat-aspiradores-delfin","10":"product_cat-aspiradores-industriales","11":"product_cat-maquinas","12":"marcas-delfin-es","13":"certificats-atex-zona-d-es","14":"zona-aplicacio-zona-produccion-y-talleres","16":"first","17":"instock","18":"shipping-taxable","19":"product-type-simple"},"_links":{"self":[{"href":"https:\/\/dibosch.com\/es\/wp-json\/wp\/v2\/product\/26056","targetHints":{"allow":["GET"]}}],"collection":[{"href":"https:\/\/dibosch.com\/es\/wp-json\/wp\/v2\/product"}],"about":[{"href":"https:\/\/dibosch.com\/es\/wp-json\/wp\/v2\/types\/product"}],"replies":[{"embeddable":true,"href":"https:\/\/dibosch.com\/es\/wp-json\/wp\/v2\/comments?post=26056"}],"wp:featuredmedia":[{"embeddable":true,"href":"https:\/\/dibosch.com\/es\/wp-json\/wp\/v2\/media\/26053"}],"wp:attachment":[{"href":"https:\/\/dibosch.com\/es\/wp-json\/wp\/v2\/media?parent=26056"}],"wp:term":[{"taxonomy":"product_brand","embeddable":true,"href":"https:\/\/dibosch.com\/es\/wp-json\/wp\/v2\/product_brand?post=26056"},{"taxonomy":"product_cat","embeddable":true,"href":"https:\/\/dibosch.com\/es\/wp-json\/wp\/v2\/product_cat?post=26056"},{"taxonomy":"product_tag","embeddable":true,"href":"https:\/\/dibosch.com\/es\/wp-json\/wp\/v2\/product_tag?post=26056"},{"taxonomy":"marcas","embeddable":true,"href":"https:\/\/dibosch.com\/es\/wp-json\/wp\/v2\/marcas?post=26056"},{"taxonomy":"certificats","embeddable":true,"href":"https:\/\/dibosch.com\/es\/wp-json\/wp\/v2\/certificats?post=26056"},{"taxonomy":"caracteristiques","embeddable":true,"href":"https:\/\/dibosch.com\/es\/wp-json\/wp\/v2\/caracteristiques?post=26056"},{"taxonomy":"tipus-productes","embeddable":true,"href":"https:\/\/dibosch.com\/es\/wp-json\/wp\/v2\/tipus-productes?post=26056"},{"taxonomy":"zona-aplicacio","embeddable":true,"href":"https:\/\/dibosch.com\/es\/wp-json\/wp\/v2\/zona-aplicacio?post=26056"},{"taxonomy":"tipus-maquinaria","embeddable":true,"href":"https:\/\/dibosch.com\/es\/wp-json\/wp\/v2\/tipus-maquinaria?post=26056"}],"curies":[{"name":"wp","href":"https:\/\/api.w.org\/{rel}","templated":true}]}}