{"id":26060,"date":"2024-02-10T10:02:46","date_gmt":"2024-02-10T10:02:46","guid":{"rendered":"https:\/\/dibosch.com\/?post_type=product&#038;p=26060"},"modified":"2025-09-23T10:36:08","modified_gmt":"2025-09-23T10:36:08","slug":"aspirador-802wd-air-14v-delfin","status":"publish","type":"product","link":"https:\/\/dibosch.com\/es\/producto\/aspirador-802wd-air-14v-delfin\/","title":{"rendered":"ASPIRADOR 802WD AIR 14V &#8211; DELFIN"},"content":{"rendered":"<p>El aspirador industrial 802WD AIR es la soluci\u00f3n ideal para la aspiraci\u00f3n de grandes cantidades de l\u00edquidos en lugares donde no hay electricidad disponible o d\u00f3nde no es aconsejable usarla. Una potente unidad Venturi sin mantenimiento con 7 o 14 filtros genera la potencia necesaria para una aspiraci\u00f3n potente. Una conveniente v\u00e1lvula de drenaje en la parte posterior simplifica el vaciado r\u00e1pidamente. Kit de accesorios incluido y kit de filtraci\u00f3n doble l\u00edquido (filtro de polipropileno) y polvo (filtro de poli\u00e9ster) y kit de flotador para la parada autom\u00e1tica de la aspiraci\u00f3n con el recipiente lleno. Tambi\u00e9n disponible en una versi\u00f3n el\u00e9ctrica.<\/p>\n<p><strong>VENTAJAS<\/strong><\/p>\n<p>Construcci\u00f3n completa en acero<br \/>\nVacu\u00f3metro para detectar la obstrucci\u00f3n del filtro<br \/>\nCompacto y m\u00f3vil<br \/>\nF\u00e1cil sustituci\u00f3n del filtro<br \/>\nFiltro PPL para separaci\u00f3n de virutas<br \/>\nDispositivo flotante para detener la aspiraci\u00f3n cuando el recipiente est\u00e1 lleno<br \/>\nManga de descarga para l\u00edquidos<br \/>\nAspiraci\u00f3n gracias a una potente unidad venturi de multe-filtros<\/p>\n<p><strong>CARACTER\u00cdSTICAS T\u00c9CNICAS 802WD AIR 14V<\/strong><\/p>\n<p><strong>Alimentaci\u00f3n requerida<\/strong> 1458 (87) nlt \/ min<br \/>\n<strong>Presi\u00f3n de alimentaci\u00f3n de aire<\/strong> 6 bar<br \/>\n<strong>\u00d8 tubo de alimentaci\u00f3n de aire<\/strong> 12 mm<br \/>\n<strong>Depresi\u00f3n m\u00e1xima<\/strong> 3700 H\u2082O<br \/>\n<strong>Caudal de aire m\u00e1ximo<\/strong> 300 m\u00b3\/h<br \/>\n<strong>Di\u00e1metro de aspiraci\u00f3n<\/strong> 80 mm<br \/>\n<strong>Nivel de ruido<\/strong> 68 dB(A)<br \/>\n<strong>Tipos de filtro<\/strong> Bolsa<br \/>\n<strong>Superficie &#8211; Di\u00e1metro<\/strong> 8.000 &#8211; 420 cm\u00b2-mm<br \/>\n<strong>Medio de filtro- Clase<\/strong> Nylon + Poli\u00e9ster &#8211; L IEC 603335-2-69<br \/>\n<strong>Capacidad<\/strong> 80 l<br \/>\n<strong>Dimensiones<\/strong> 53x59x100h<br \/>\n<strong>Peso<\/strong> 33 kg<\/p>\n","protected":false},"excerpt":{"rendered":"<p>El aspirador industrial 802WD AIR es la soluci\u00f3n ideal para la aspiraci\u00f3n de grandes cantidades de l\u00edquidos en lugares donde no hay electricidad disponible o d\u00f3nde no es aconsejable usarla. Una potente unidad Venturi sin mantenimiento con 7 o 14 filtros genera la potencia necesaria para una aspiraci\u00f3n potente. Una conveniente v\u00e1lvula de drenaje en [&hellip;]<\/p>\n","protected":false},"featured_media":26059,"comment_status":"closed","ping_status":"closed","template":"","meta":[],"product_brand":[],"product_cat":[1185,1188,578,577],"product_tag":[],"marcas":[915],"certificats":[],"caracteristiques":[],"tipus-productes":[],"zona-aplicacio":[],"tipus-maquinaria":[],"class_list":{"0":"post-26060","1":"product","2":"type-product","3":"status-publish","4":"has-post-thumbnail","6":"product_cat-aspiradoras-industriales-aire-comprimido","7":"product_cat-aspiradores-delfin","8":"product_cat-aspiradores-industriales","9":"product_cat-maquinas","10":"marcas-delfin-es","12":"first","13":"instock","14":"shipping-taxable","15":"product-type-simple"},"_links":{"self":[{"href":"https:\/\/dibosch.com\/es\/wp-json\/wp\/v2\/product\/26060","targetHints":{"allow":["GET"]}}],"collection":[{"href":"https:\/\/dibosch.com\/es\/wp-json\/wp\/v2\/product"}],"about":[{"href":"https:\/\/dibosch.com\/es\/wp-json\/wp\/v2\/types\/product"}],"replies":[{"embeddable":true,"href":"https:\/\/dibosch.com\/es\/wp-json\/wp\/v2\/comments?post=26060"}],"wp:featuredmedia":[{"embeddable":true,"href":"https:\/\/dibosch.com\/es\/wp-json\/wp\/v2\/media\/26059"}],"wp:attachment":[{"href":"https:\/\/dibosch.com\/es\/wp-json\/wp\/v2\/media?parent=26060"}],"wp:term":[{"taxonomy":"product_brand","embeddable":true,"href":"https:\/\/dibosch.com\/es\/wp-json\/wp\/v2\/product_brand?post=26060"},{"taxonomy":"product_cat","embeddable":true,"href":"https:\/\/dibosch.com\/es\/wp-json\/wp\/v2\/product_cat?post=26060"},{"taxonomy":"product_tag","embeddable":true,"href":"https:\/\/dibosch.com\/es\/wp-json\/wp\/v2\/product_tag?post=26060"},{"taxonomy":"marcas","embeddable":true,"href":"https:\/\/dibosch.com\/es\/wp-json\/wp\/v2\/marcas?post=26060"},{"taxonomy":"certificats","embeddable":true,"href":"https:\/\/dibosch.com\/es\/wp-json\/wp\/v2\/certificats?post=26060"},{"taxonomy":"caracteristiques","embeddable":true,"href":"https:\/\/dibosch.com\/es\/wp-json\/wp\/v2\/caracteristiques?post=26060"},{"taxonomy":"tipus-productes","embeddable":true,"href":"https:\/\/dibosch.com\/es\/wp-json\/wp\/v2\/tipus-productes?post=26060"},{"taxonomy":"zona-aplicacio","embeddable":true,"href":"https:\/\/dibosch.com\/es\/wp-json\/wp\/v2\/zona-aplicacio?post=26060"},{"taxonomy":"tipus-maquinaria","embeddable":true,"href":"https:\/\/dibosch.com\/es\/wp-json\/wp\/v2\/tipus-maquinaria?post=26060"}],"curies":[{"name":"wp","href":"https:\/\/api.w.org\/{rel}","templated":true}]}}