{"id":26078,"date":"2024-02-10T11:44:28","date_gmt":"2024-02-10T11:44:28","guid":{"rendered":"https:\/\/dibosch.com\/?post_type=product&#038;p=26078"},"modified":"2024-02-10T12:17:35","modified_gmt":"2024-02-10T12:17:35","slug":"aspirador-tc220-if-delfin","status":"publish","type":"product","link":"https:\/\/dibosch.com\/es\/producto\/aspirador-tc220-if-delfin\/","title":{"rendered":"ASPIRADOR TC220 IF &#8211; DELFIN"},"content":{"rendered":"<p>Equipa una potente turbina de canal lateral con flujo inverso para una descarga r\u00e1pida del l\u00edquido aspirado. Posibilidad de uso continuo, incluso las 24 horas del d\u00eda sin necesidad de mantenimiento.<\/p>\n<p><strong>VENTAJAS<\/strong><\/p>\n<p>Dispositivo flotante para detener la aspiraci\u00f3n cuando el recipiente est\u00e1 lleno<br \/>\nReducci\u00f3n del tiempo de inactividad de las m\u00e1quinas herramienta<br \/>\nCistella para separaci\u00f3n de viruta.<br \/>\nReducci\u00f3n de costes eliminaci\u00f3n de aceites agotados<br \/>\nReducci\u00f3n del tiempo de limpieza de la m\u00e1quina.<br \/>\nFiltro giratorio para facilitar el trabajo al operario.<br \/>\nPortillo para inspecci\u00f3n y acceso al tanque.<\/p>\n<p><strong>CARACTER\u00cdSTICAS T\u00c9CNICAS TC220 IF<\/strong><\/p>\n<p><strong>Alimentaci\u00f3n<\/strong> 400 &#8211; 50 1~<br \/>\n<strong>Potencia<\/strong> 3 kW<br \/>\n<strong>Depresi\u00f3n m\u00e1xima<\/strong> 3000\/2700 mm H\u2082O<br \/>\n<strong>Caudal de aire m\u00e1ximo<\/strong> 318 m\u00b3\/h<br \/>\n<strong>Nivel de ruido<\/strong> 78 dB(A)<br \/>\n<strong>Tipos de filtro<\/strong> 3D SuperWeb<br \/>\n<strong>Medio filtrante &#8211; Filtraci\u00f3n<\/strong> Polipropileno &#8211; 20 \u03bcm<br \/>\n<strong>Sistema de descarga<\/strong> Inversi\u00f3n de flujo<br \/>\n<strong>Capacitado para l\u00edquidos<\/strong> 220 l<br \/>\n<strong>Capacitado para s\u00f3lidos<\/strong> 40 l<br \/>\n<strong>Velocidad de descarga<\/strong> 200 l\/min<br \/>\n<strong>Flotante<\/strong> Si<br \/>\n<strong>Dimensiones<\/strong> 145x72x175h<br \/>\n<strong>Peso<\/strong> 185 kg<\/p>\n","protected":false},"excerpt":{"rendered":"<p>Equipa una potente turbina de canal lateral con flujo inverso para una descarga r\u00e1pida del l\u00edquido aspirado. Posibilidad de uso continuo, incluso las 24 horas del d\u00eda sin necesidad de mantenimiento. VENTAJAS Dispositivo flotante para detener la aspiraci\u00f3n cuando el recipiente est\u00e1 lleno Reducci\u00f3n del tiempo de inactividad de las m\u00e1quinas herramienta Cistella para separaci\u00f3n [&hellip;]<\/p>\n","protected":false},"featured_media":26077,"comment_status":"closed","ping_status":"closed","template":"","meta":[],"product_brand":[],"product_cat":[1188,578,577],"product_tag":[],"marcas":[915],"certificats":[],"caracteristiques":[],"tipus-productes":[],"zona-aplicacio":[],"tipus-maquinaria":[],"class_list":{"0":"post-26078","1":"product","2":"type-product","3":"status-publish","4":"has-post-thumbnail","6":"product_cat-aspiradores-delfin","7":"product_cat-aspiradores-industriales","8":"product_cat-maquinas","9":"marcas-delfin-es","11":"first","12":"instock","13":"shipping-taxable","14":"product-type-simple"},"_links":{"self":[{"href":"https:\/\/dibosch.com\/es\/wp-json\/wp\/v2\/product\/26078","targetHints":{"allow":["GET"]}}],"collection":[{"href":"https:\/\/dibosch.com\/es\/wp-json\/wp\/v2\/product"}],"about":[{"href":"https:\/\/dibosch.com\/es\/wp-json\/wp\/v2\/types\/product"}],"replies":[{"embeddable":true,"href":"https:\/\/dibosch.com\/es\/wp-json\/wp\/v2\/comments?post=26078"}],"wp:featuredmedia":[{"embeddable":true,"href":"https:\/\/dibosch.com\/es\/wp-json\/wp\/v2\/media\/26077"}],"wp:attachment":[{"href":"https:\/\/dibosch.com\/es\/wp-json\/wp\/v2\/media?parent=26078"}],"wp:term":[{"taxonomy":"product_brand","embeddable":true,"href":"https:\/\/dibosch.com\/es\/wp-json\/wp\/v2\/product_brand?post=26078"},{"taxonomy":"product_cat","embeddable":true,"href":"https:\/\/dibosch.com\/es\/wp-json\/wp\/v2\/product_cat?post=26078"},{"taxonomy":"product_tag","embeddable":true,"href":"https:\/\/dibosch.com\/es\/wp-json\/wp\/v2\/product_tag?post=26078"},{"taxonomy":"marcas","embeddable":true,"href":"https:\/\/dibosch.com\/es\/wp-json\/wp\/v2\/marcas?post=26078"},{"taxonomy":"certificats","embeddable":true,"href":"https:\/\/dibosch.com\/es\/wp-json\/wp\/v2\/certificats?post=26078"},{"taxonomy":"caracteristiques","embeddable":true,"href":"https:\/\/dibosch.com\/es\/wp-json\/wp\/v2\/caracteristiques?post=26078"},{"taxonomy":"tipus-productes","embeddable":true,"href":"https:\/\/dibosch.com\/es\/wp-json\/wp\/v2\/tipus-productes?post=26078"},{"taxonomy":"zona-aplicacio","embeddable":true,"href":"https:\/\/dibosch.com\/es\/wp-json\/wp\/v2\/zona-aplicacio?post=26078"},{"taxonomy":"tipus-maquinaria","embeddable":true,"href":"https:\/\/dibosch.com\/es\/wp-json\/wp\/v2\/tipus-maquinaria?post=26078"}],"curies":[{"name":"wp","href":"https:\/\/api.w.org\/{rel}","templated":true}]}}