{"id":26082,"date":"2024-02-10T12:31:47","date_gmt":"2024-02-10T12:31:47","guid":{"rendered":"https:\/\/dibosch.com\/?post_type=product&#038;p=26082"},"modified":"2024-02-10T12:36:23","modified_gmt":"2024-02-10T12:36:23","slug":"aspirador-tc400-if-delfin","status":"publish","type":"product","link":"https:\/\/dibosch.com\/es\/producto\/aspirador-tc400-if-delfin\/","title":{"rendered":"ASPIRADOR TC400 IF &#8211; DELFIN"},"content":{"rendered":"<p>TC400 IF es un aspirador de turbina trif\u00e1sico con una gran capacidad de recolecci\u00f3n de l\u00edquido, dise\u00f1ado para simplificar la aspiraci\u00f3n y separaci\u00f3n de virutas y lubricantes en recipientes y tanques, especialmente en aplicaciones pasadas y continuas. El aspirador puede recuperar y filtrar hasta 400 litros de aceite mezclado con virutas, y est\u00e1 equipado con una parada autom\u00e1tica cuando el contenedor est\u00e1 lleno. Puede drenar los aceites filtrados r\u00e1pidamente a trav\u00e9s de un sistema de inversi\u00f3n de flujo (150 lt \/ min) o (opcionalmente) a trav\u00e9s de una bomba independiente (300 lt \/ min), mientras que las virutas se descargan a trav\u00e9s de una tolva plegable con reductor.<\/p>\n<p><strong>VENTAJAS<\/strong><\/p>\n<p>Motor con soplador de canal lateral, de gran alcance y silencioso, no requiere mantenimiento ordinario, conveniente para uso continuo<br \/>\nConstrucci\u00f3n completa en acero<br \/>\nVacu\u00f3metro para detectar la obstrucci\u00f3n del filtro<br \/>\nFiltro PPL para separaci\u00f3n de virutas<br \/>\nManga de descarga para l\u00edquidos<br \/>\nMovimiento con carretilla elevadora est\u00e1ndar<br \/>\nAhorrar recuperando, filtrando y reutilizando el aceite de corte y emulsi\u00f3n<br \/>\nAspiraci\u00f3n en m\u00e1quinas herramientas de liquidos mezclados con virutas de metal<br \/>\nInversi\u00f3n de flujo para el drenaje de l\u00edquidos a trav\u00e9s de un tubo especial, sin la necesidad de una bomba<br \/>\nBomba de escape est\u00e1ndar<\/p>\n<p><strong>CARACTER\u00cdSTICAS T\u00c9CNICAS TC400 IF<\/strong><\/p>\n<p><strong>Alimentaci\u00f3n<\/strong> 400 &#8211; 50 3~<br \/>\n<strong>Potencia<\/strong> 4 kW<br \/>\n<strong>Depresi\u00f3n m\u00e1xima<\/strong> 3200 mm H\u2082O<br \/>\n<strong>Nivel de ruido<\/strong> 76 dB(A)<br \/>\n<strong>Tipos de filtro<\/strong> 3D SuperWeb<br \/>\n<strong>Superficie-Di\u00e1metro<\/strong> 1900-325 cm\u00b2-mm<br \/>\n<strong>Medio filtrante &#8211; Filtraci\u00f3n<\/strong> Polipropileno &#8211; 20 \u03bcm<br \/>\n<strong>Sistema de descarga<\/strong> Inversi\u00f3n de flujo<br \/>\n<strong>Capacitado para l\u00edquidos<\/strong> 400 l<br \/>\n<strong>Capacitado para s\u00f3lidos<\/strong> 50 l<br \/>\n<strong>Velocidad de descarga<\/strong> 200 l\/min<br \/>\n<strong>Flotante<\/strong> Si<br \/>\n<strong>Dimensiones<\/strong> 140x70x180h<br \/>\n<strong>Peso<\/strong> 225 kg<\/p>\n","protected":false},"excerpt":{"rendered":"<p>TC400 IF es un aspirador de turbina trif\u00e1sico con una gran capacidad de recolecci\u00f3n de l\u00edquido, dise\u00f1ado para simplificar la aspiraci\u00f3n y separaci\u00f3n de virutas y lubricantes en recipientes y tanques, especialmente en aplicaciones pasadas y continuas. El aspirador puede recuperar y filtrar hasta 400 litros de aceite mezclado con virutas, y est\u00e1 equipado con [&hellip;]<\/p>\n","protected":false},"featured_media":26081,"comment_status":"closed","ping_status":"closed","template":"","meta":[],"product_brand":[],"product_cat":[1188,578,1178,577],"product_tag":[],"marcas":[915],"certificats":[],"caracteristiques":[],"tipus-productes":[],"zona-aplicacio":[],"tipus-maquinaria":[],"class_list":{"0":"post-26082","1":"product","2":"type-product","3":"status-publish","4":"has-post-thumbnail","6":"product_cat-aspiradores-delfin","7":"product_cat-aspiradores-industriales","8":"product_cat-aspiradores-industriales-trifasicos","9":"product_cat-maquinas","10":"marcas-delfin-es","12":"first","13":"instock","14":"shipping-taxable","15":"product-type-simple"},"_links":{"self":[{"href":"https:\/\/dibosch.com\/es\/wp-json\/wp\/v2\/product\/26082","targetHints":{"allow":["GET"]}}],"collection":[{"href":"https:\/\/dibosch.com\/es\/wp-json\/wp\/v2\/product"}],"about":[{"href":"https:\/\/dibosch.com\/es\/wp-json\/wp\/v2\/types\/product"}],"replies":[{"embeddable":true,"href":"https:\/\/dibosch.com\/es\/wp-json\/wp\/v2\/comments?post=26082"}],"wp:featuredmedia":[{"embeddable":true,"href":"https:\/\/dibosch.com\/es\/wp-json\/wp\/v2\/media\/26081"}],"wp:attachment":[{"href":"https:\/\/dibosch.com\/es\/wp-json\/wp\/v2\/media?parent=26082"}],"wp:term":[{"taxonomy":"product_brand","embeddable":true,"href":"https:\/\/dibosch.com\/es\/wp-json\/wp\/v2\/product_brand?post=26082"},{"taxonomy":"product_cat","embeddable":true,"href":"https:\/\/dibosch.com\/es\/wp-json\/wp\/v2\/product_cat?post=26082"},{"taxonomy":"product_tag","embeddable":true,"href":"https:\/\/dibosch.com\/es\/wp-json\/wp\/v2\/product_tag?post=26082"},{"taxonomy":"marcas","embeddable":true,"href":"https:\/\/dibosch.com\/es\/wp-json\/wp\/v2\/marcas?post=26082"},{"taxonomy":"certificats","embeddable":true,"href":"https:\/\/dibosch.com\/es\/wp-json\/wp\/v2\/certificats?post=26082"},{"taxonomy":"caracteristiques","embeddable":true,"href":"https:\/\/dibosch.com\/es\/wp-json\/wp\/v2\/caracteristiques?post=26082"},{"taxonomy":"tipus-productes","embeddable":true,"href":"https:\/\/dibosch.com\/es\/wp-json\/wp\/v2\/tipus-productes?post=26082"},{"taxonomy":"zona-aplicacio","embeddable":true,"href":"https:\/\/dibosch.com\/es\/wp-json\/wp\/v2\/zona-aplicacio?post=26082"},{"taxonomy":"tipus-maquinaria","embeddable":true,"href":"https:\/\/dibosch.com\/es\/wp-json\/wp\/v2\/tipus-maquinaria?post=26082"}],"curies":[{"name":"wp","href":"https:\/\/api.w.org\/{rel}","templated":true}]}}