{"id":26192,"date":"2024-02-17T11:16:45","date_gmt":"2024-02-17T11:16:45","guid":{"rendered":"https:\/\/dibosch.com\/?post_type=product&#038;p=26192"},"modified":"2025-09-24T06:22:42","modified_gmt":"2025-09-24T06:22:42","slug":"aspirador-mtl-4533-z22-delfin","status":"publish","type":"product","link":"https:\/\/dibosch.com\/es\/producto\/aspirador-mtl-4533-z22-delfin\/","title":{"rendered":"ASPIRADOR MTL 4533 Z22 &#8211; DELFIN"},"content":{"rendered":"<p>Uno de los aspiradores industriales Atex m\u00e1s compactos y potentes. Compacto, silencioso y seguro, se ha suministrado a gigantes de la industria qu\u00edmica farmac\u00e9utica durante muchos a\u00f1os, a menudo para aplicaciones fijas a bordo de la m\u00e1quina.<br \/>\nAlta superficie de filtraci\u00f3n antiest\u00e1tica con sistema conveniente de limpieza del filtro Dustop, toma de tierra y potente turbina de canal lateral. Todo lo necesario para una aspiraci\u00f3n segura en entornos con un raro riesgo de explosi\u00f3n.<\/p>\n<p><strong>VENTAJAS<\/strong><\/p>\n<p>Motor con soplete de canal lateral, de gran alcance y silencioso, no requiere mantenimiento ordinario, conveniente para uso continuo<br \/>\nFiltro de superficie mayor en su categor\u00eda<br \/>\nSistema integrado de limpieza del filtro<br \/>\nConstrucci\u00f3n completa en acero<br \/>\nV\u00e1lvula de seguridad para la protecci\u00f3n del motor<br \/>\nVacu\u00f3metro para detectar la obstrucci\u00f3n del filtro<br \/>\nBajo nivel de ruido<br \/>\nCompacto y m\u00f3vil<br \/>\nF\u00e1cil sustituci\u00f3n del filtro<br \/>\nReducci\u00f3n del tiempo de inactividad de las m\u00e1quinas herramienta<br \/>\nFiltro de alta eficiencia<br \/>\nCertificado para uso en zona Atex Z22<br \/>\nDise\u00f1ado para la aspiraci\u00f3n de polvo fino y peligroso<br \/>\nToma de tierra<\/p>\n<p><strong>CARACTER\u00cdSTICAS T\u00c9CNICAS MTL 4533 Z22<\/strong><\/p>\n<p><strong>Potencia<\/strong> 2,2 kW<br \/>\n<strong>Potencia el\u00e9ctrica<\/strong> 65 IP<br \/>\n<strong>Depresi\u00f3n m\u00e1xima<\/strong> 2600\/1900 mm H\u2082O<br \/>\n<strong>Caudal de aire m\u00e1ximo<\/strong> 318 m\u00b3\/h<br \/>\n<strong>Di\u00e1metro de aspiraci\u00f3n<\/strong> 80 mm<br \/>\n<strong>Nivel de ruido<\/strong> 69 dB(A)<br \/>\n<strong>Tipo de filtro<\/strong> Estrella<br \/>\n<strong>Sistema de limpieza<\/strong> Manual<br \/>\n<strong>Capacidad<\/strong> 45 l<br \/>\n<strong>Dimensiones<\/strong> 58x93x116h<br \/>\n<strong>Peso<\/strong> 80 kg<\/p>\n","protected":false},"excerpt":{"rendered":"<p>Uno de los aspiradores industriales Atex m\u00e1s compactos y potentes. Compacto, silencioso y seguro, se ha suministrado a gigantes de la industria qu\u00edmica farmac\u00e9utica durante muchos a\u00f1os, a menudo para aplicaciones fijas a bordo de la m\u00e1quina. Alta superficie de filtraci\u00f3n antiest\u00e1tica con sistema conveniente de limpieza del filtro Dustop, toma de tierra y potente [&hellip;]<\/p>\n","protected":false},"featured_media":26189,"comment_status":"closed","ping_status":"closed","template":"","meta":[],"product_brand":[],"product_cat":[1174,1192,1342,1186,1188,578],"product_tag":[],"marcas":[915],"certificats":[938],"caracteristiques":[],"tipus-productes":[],"zona-aplicacio":[949,955],"tipus-maquinaria":[],"class_list":{"0":"post-26192","1":"product","2":"type-product","3":"status-publish","4":"has-post-thumbnail","6":"product_cat-aspirador-industrial-polvo-fino","7":"product_cat-aspirador-industrial-obras","8":"product_cat-aspirador-industrial-taller","9":"product_cat-aspirador-atex-es","10":"product_cat-aspiradores-delfin","11":"product_cat-aspiradores-industriales","12":"marcas-delfin-es","13":"certificats-atex-zona-g-es","14":"zona-aplicacio-zona-produccion-y-talleres","15":"zona-aplicacio-zona-sanitaria","17":"first","18":"instock","19":"shipping-taxable","20":"product-type-simple"},"_links":{"self":[{"href":"https:\/\/dibosch.com\/es\/wp-json\/wp\/v2\/product\/26192","targetHints":{"allow":["GET"]}}],"collection":[{"href":"https:\/\/dibosch.com\/es\/wp-json\/wp\/v2\/product"}],"about":[{"href":"https:\/\/dibosch.com\/es\/wp-json\/wp\/v2\/types\/product"}],"replies":[{"embeddable":true,"href":"https:\/\/dibosch.com\/es\/wp-json\/wp\/v2\/comments?post=26192"}],"wp:featuredmedia":[{"embeddable":true,"href":"https:\/\/dibosch.com\/es\/wp-json\/wp\/v2\/media\/26189"}],"wp:attachment":[{"href":"https:\/\/dibosch.com\/es\/wp-json\/wp\/v2\/media?parent=26192"}],"wp:term":[{"taxonomy":"product_brand","embeddable":true,"href":"https:\/\/dibosch.com\/es\/wp-json\/wp\/v2\/product_brand?post=26192"},{"taxonomy":"product_cat","embeddable":true,"href":"https:\/\/dibosch.com\/es\/wp-json\/wp\/v2\/product_cat?post=26192"},{"taxonomy":"product_tag","embeddable":true,"href":"https:\/\/dibosch.com\/es\/wp-json\/wp\/v2\/product_tag?post=26192"},{"taxonomy":"marcas","embeddable":true,"href":"https:\/\/dibosch.com\/es\/wp-json\/wp\/v2\/marcas?post=26192"},{"taxonomy":"certificats","embeddable":true,"href":"https:\/\/dibosch.com\/es\/wp-json\/wp\/v2\/certificats?post=26192"},{"taxonomy":"caracteristiques","embeddable":true,"href":"https:\/\/dibosch.com\/es\/wp-json\/wp\/v2\/caracteristiques?post=26192"},{"taxonomy":"tipus-productes","embeddable":true,"href":"https:\/\/dibosch.com\/es\/wp-json\/wp\/v2\/tipus-productes?post=26192"},{"taxonomy":"zona-aplicacio","embeddable":true,"href":"https:\/\/dibosch.com\/es\/wp-json\/wp\/v2\/zona-aplicacio?post=26192"},{"taxonomy":"tipus-maquinaria","embeddable":true,"href":"https:\/\/dibosch.com\/es\/wp-json\/wp\/v2\/tipus-maquinaria?post=26192"}],"curies":[{"name":"wp","href":"https:\/\/api.w.org\/{rel}","templated":true}]}}