{"id":26200,"date":"2024-02-17T11:56:35","date_gmt":"2024-02-17T11:56:35","guid":{"rendered":"https:\/\/dibosch.com\/?post_type=product&#038;p=26200"},"modified":"2025-09-24T06:22:04","modified_gmt":"2025-09-24T06:22:04","slug":"aspirador-mtl-20-18-delfin","status":"publish","type":"product","link":"https:\/\/dibosch.com\/es\/producto\/aspirador-mtl-20-18-delfin\/","title":{"rendered":"ASPIRADOR MTL 20.18 &#8211; DELFIN"},"content":{"rendered":"<p>El aspirador industrial Pharma 20.18 es una unidad compacta, silenciosa y flexible dise\u00f1ada para tareas de limpieza peque\u00f1as, generales y a bordo dentro de las industrias farmac\u00e9utica y qu\u00edmica.<br \/>\nConstruido en total conformidad con las normas GMP, es un aspirador ideal para la aspiraci\u00f3n de polvo fino gracias a su filtro de bolsillo de poli\u00e9ster antiest\u00e1tico, que garantiza una gran superficie de filtraci\u00f3n y una elevada resistencia al paso del polvo. Es posible instalar un filtro HEPA capaz de filtrar polvo de hasta 0,18 micras con una eficacia del 99,995% para garantizar la pureza del aire devuelto en el entorno de trabajo.<br \/>\nSe pueden utilizar bolsas filtrantes desechables para recoger y eliminar el material de manera segura.<br \/>\nLa unidad est\u00e1 construida completamente en acero pintado y tambi\u00e9n est\u00e1 disponible con certificaci\u00f3n para zonas ATEX 22.<\/p>\n<p><strong>VENTAJAS<\/strong><\/p>\n<p>Motor con soplete de canal lateral, de gran alcance y silencioso, no requiere mantenimiento ordinario, conveniente para uso continuo<br \/>\nV\u00e1lvula de seguridad para la protecci\u00f3n del motor<br \/>\nBajo nivel de ruido<br \/>\nAspirador compacto, silencioso y flexible, ideal para la aspiraci\u00f3n a bordo de la m\u00e1quina<br \/>\nFiltro primario estelar con sistema de limpieza ergon\u00f3mico integrado<br \/>\nFiltro absoluto H14 opcional para la seguridad del soplado de aire<br \/>\nPosibilitado de utilizar bolsas de seguridad desechable para la recogida y eliminaci\u00f3n del material<\/p>\n<p><strong>CARACTER\u00cdSTICAS T\u00c8CNICAS MTL 20.18<\/strong><\/p>\n<p><strong>Alimentaci\u00f3n<\/strong> 400-50 3 V-Hz<br \/>\n<strong>Potencia<\/strong> 1,8 kW<br \/>\n<strong>Depresi\u00f3n m\u00e1xima<\/strong> 3000 mm H\u2082O<br \/>\n<strong>Caudal de aire m\u00e1ximo<\/strong> 270 m\u00b3\/h<br \/>\n<strong>Di\u00e1metro de aspiraci\u00f3n<\/strong> 50 mm<br \/>\n<strong>Nivel de ruido<\/strong> 70 dB(A)<br \/>\n<strong>Tipos de filtro<\/strong> Estrella<br \/>\n<strong>Superf\u00edcie &#8211; di\u00e1metro<\/strong> 12.000 &#8211; 360 cm\u00b2-mm<br \/>\n<strong>Medio filtrante &#8211; Clase<\/strong> Poli\u00e9ster &#8211; ANTE M IEC 60335-2-69<br \/>\n<strong>Sistema de limpieza<\/strong> Manual<br \/>\n<strong>Capacidad<\/strong> 22 l<br \/>\n<strong>Dimensiones<\/strong> 69x51x129h<br \/>\n<strong>Peso<\/strong> 75 kg<\/p>\n","protected":false},"excerpt":{"rendered":"<p>El aspirador industrial Pharma 20.18 es una unidad compacta, silenciosa y flexible dise\u00f1ada para tareas de limpieza peque\u00f1as, generales y a bordo dentro de las industrias farmac\u00e9utica y qu\u00edmica. Construido en total conformidad con las normas GMP, es un aspirador ideal para la aspiraci\u00f3n de polvo fino gracias a su filtro de bolsillo de poli\u00e9ster [&hellip;]<\/p>\n","protected":false},"featured_media":26199,"comment_status":"closed","ping_status":"closed","template":"","meta":[],"product_brand":[],"product_cat":[1174,1176,1188,578],"product_tag":[],"marcas":[915],"certificats":[],"caracteristiques":[],"tipus-productes":[],"zona-aplicacio":[955],"tipus-maquinaria":[],"class_list":{"0":"post-26200","1":"product","2":"type-product","3":"status-publish","4":"has-post-thumbnail","6":"product_cat-aspirador-industrial-polvo-fino","7":"product_cat-aspirador-industrial-virutas-metalicas","8":"product_cat-aspiradores-delfin","9":"product_cat-aspiradores-industriales","10":"marcas-delfin-es","11":"zona-aplicacio-zona-sanitaria","13":"first","14":"instock","15":"shipping-taxable","16":"product-type-simple"},"_links":{"self":[{"href":"https:\/\/dibosch.com\/es\/wp-json\/wp\/v2\/product\/26200","targetHints":{"allow":["GET"]}}],"collection":[{"href":"https:\/\/dibosch.com\/es\/wp-json\/wp\/v2\/product"}],"about":[{"href":"https:\/\/dibosch.com\/es\/wp-json\/wp\/v2\/types\/product"}],"replies":[{"embeddable":true,"href":"https:\/\/dibosch.com\/es\/wp-json\/wp\/v2\/comments?post=26200"}],"wp:featuredmedia":[{"embeddable":true,"href":"https:\/\/dibosch.com\/es\/wp-json\/wp\/v2\/media\/26199"}],"wp:attachment":[{"href":"https:\/\/dibosch.com\/es\/wp-json\/wp\/v2\/media?parent=26200"}],"wp:term":[{"taxonomy":"product_brand","embeddable":true,"href":"https:\/\/dibosch.com\/es\/wp-json\/wp\/v2\/product_brand?post=26200"},{"taxonomy":"product_cat","embeddable":true,"href":"https:\/\/dibosch.com\/es\/wp-json\/wp\/v2\/product_cat?post=26200"},{"taxonomy":"product_tag","embeddable":true,"href":"https:\/\/dibosch.com\/es\/wp-json\/wp\/v2\/product_tag?post=26200"},{"taxonomy":"marcas","embeddable":true,"href":"https:\/\/dibosch.com\/es\/wp-json\/wp\/v2\/marcas?post=26200"},{"taxonomy":"certificats","embeddable":true,"href":"https:\/\/dibosch.com\/es\/wp-json\/wp\/v2\/certificats?post=26200"},{"taxonomy":"caracteristiques","embeddable":true,"href":"https:\/\/dibosch.com\/es\/wp-json\/wp\/v2\/caracteristiques?post=26200"},{"taxonomy":"tipus-productes","embeddable":true,"href":"https:\/\/dibosch.com\/es\/wp-json\/wp\/v2\/tipus-productes?post=26200"},{"taxonomy":"zona-aplicacio","embeddable":true,"href":"https:\/\/dibosch.com\/es\/wp-json\/wp\/v2\/zona-aplicacio?post=26200"},{"taxonomy":"tipus-maquinaria","embeddable":true,"href":"https:\/\/dibosch.com\/es\/wp-json\/wp\/v2\/tipus-maquinaria?post=26200"}],"curies":[{"name":"wp","href":"https:\/\/api.w.org\/{rel}","templated":true}]}}