{"id":26205,"date":"2024-02-17T12:44:33","date_gmt":"2024-02-17T12:44:33","guid":{"rendered":"https:\/\/dibosch.com\/?post_type=product&#038;p=26205"},"modified":"2024-02-17T12:46:42","modified_gmt":"2024-02-17T12:46:42","slug":"aspirador-pharma-40-40-dc-delfin","status":"publish","type":"product","link":"https:\/\/dibosch.com\/es\/producto\/aspirador-pharma-40-40-dc-delfin\/","title":{"rendered":"ASPIRADOR PHARMA 40.40 DC &#8211; DELFIN"},"content":{"rendered":"<p>El aspirador industrial Pharma 40DC es una unidad compacta, silenciosa y flexible dise\u00f1ada para la contenci\u00f3n del polvo durante las operaciones con ingredientes activos HPAPI altamente potentes. La construcci\u00f3n, dise\u00f1ada para proporcionar la m\u00e1xima filtraci\u00f3n de p\u00f3lvoras y total seguridad para los operarios, cumple plenamente con las directrices GMP y todas las operaciones de mantenimiento se realizan mediante sistemas capaces de garantizar la m\u00e1xima seguridad, lo cual la hace apta para trabajar con p\u00f3lvoras farmac\u00e9uticas y con un nivel de filtraci\u00f3n de hasta OEB4 \/ OEB5. Todas las piezas en contacto con las p\u00f3lvoras farmac\u00e9uticas son de acero inoxidable AISI316, ideal para facilitar la fluidez del material y simplificar las operaciones de limpieza de la unidad. El bastidor es de acero inoxidable AISI304. La unidad est\u00e1 disponible con certificaci\u00f3n para zonas Atex 22.<\/p>\n<p><strong>VENTAJAS<\/strong><\/p>\n<p>Motor con soplete de canal lateral, de gran alcance y silencioso, no requiere mantenimiento ordinario, conveniente para uso continuo<br \/>\nSistema de ensacado para la eliminaci\u00f3n segura de polvo nocivo<\/p>\n<p><strong>CARACTER\u00cdSTICAS T\u00c8CNICAS PHARMA 40.40 DC<\/strong><\/p>\n<p><strong>Alimentaci\u00f3n<\/strong> 400-50 V-Hz<br \/>\n<strong>Potencia<\/strong> 4 kW<br \/>\n<strong>Depresi\u00f3n m\u00e1xima<\/strong> 3200 mm H\u2082O<br \/>\n<strong>Depresi\u00f3n m\u00e1xima en continuo<\/strong> 2600 mm H\u2082O<br \/>\n<strong>Caudal de aire m\u00e1ximo<\/strong> 420 m\u00b3\/h<br \/>\n<strong>Nivel de ruido<\/strong> 69 dB(A)<br \/>\n<strong>Di\u00e1metro de aspiraci\u00f3n<\/strong> Clamp 3 mm<br \/>\n<strong>Separaci\u00f3n de polvo<\/strong><br \/>\n<strong>M\u00e1ximo eficiencia<\/strong> 98%<br \/>\n<strong>Capacidad<\/strong> 30 l<br \/>\n<strong>Sistema de recogida<\/strong><br \/>\n<strong>Dimensiones<\/strong> 95x56x232<br \/>\n<strong>Peso<\/strong> 160 kg<\/p>\n","protected":false},"excerpt":{"rendered":"<p>El aspirador industrial Pharma 40DC es una unidad compacta, silenciosa y flexible dise\u00f1ada para la contenci\u00f3n del polvo durante las operaciones con ingredientes activos HPAPI altamente potentes. La construcci\u00f3n, dise\u00f1ada para proporcionar la m\u00e1xima filtraci\u00f3n de p\u00f3lvoras y total seguridad para los operarios, cumple plenamente con las directrices GMP y todas las operaciones de mantenimiento [&hellip;]<\/p>\n","protected":false},"featured_media":26204,"comment_status":"closed","ping_status":"closed","template":"","meta":[],"product_brand":[],"product_cat":[1174,1165,578,577],"product_tag":[],"marcas":[915],"certificats":[],"caracteristiques":[],"tipus-productes":[],"zona-aplicacio":[955],"tipus-maquinaria":[],"class_list":{"0":"post-26205","1":"product","2":"type-product","3":"status-publish","4":"has-post-thumbnail","6":"product_cat-aspirador-industrial-polvo-fino","7":"product_cat-aspirador-de-polvo-liquido-industrial","8":"product_cat-aspiradores-industriales","9":"product_cat-maquinas","10":"marcas-delfin-es","11":"zona-aplicacio-zona-sanitaria","13":"first","14":"instock","15":"shipping-taxable","16":"product-type-simple"},"_links":{"self":[{"href":"https:\/\/dibosch.com\/es\/wp-json\/wp\/v2\/product\/26205","targetHints":{"allow":["GET"]}}],"collection":[{"href":"https:\/\/dibosch.com\/es\/wp-json\/wp\/v2\/product"}],"about":[{"href":"https:\/\/dibosch.com\/es\/wp-json\/wp\/v2\/types\/product"}],"replies":[{"embeddable":true,"href":"https:\/\/dibosch.com\/es\/wp-json\/wp\/v2\/comments?post=26205"}],"wp:featuredmedia":[{"embeddable":true,"href":"https:\/\/dibosch.com\/es\/wp-json\/wp\/v2\/media\/26204"}],"wp:attachment":[{"href":"https:\/\/dibosch.com\/es\/wp-json\/wp\/v2\/media?parent=26205"}],"wp:term":[{"taxonomy":"product_brand","embeddable":true,"href":"https:\/\/dibosch.com\/es\/wp-json\/wp\/v2\/product_brand?post=26205"},{"taxonomy":"product_cat","embeddable":true,"href":"https:\/\/dibosch.com\/es\/wp-json\/wp\/v2\/product_cat?post=26205"},{"taxonomy":"product_tag","embeddable":true,"href":"https:\/\/dibosch.com\/es\/wp-json\/wp\/v2\/product_tag?post=26205"},{"taxonomy":"marcas","embeddable":true,"href":"https:\/\/dibosch.com\/es\/wp-json\/wp\/v2\/marcas?post=26205"},{"taxonomy":"certificats","embeddable":true,"href":"https:\/\/dibosch.com\/es\/wp-json\/wp\/v2\/certificats?post=26205"},{"taxonomy":"caracteristiques","embeddable":true,"href":"https:\/\/dibosch.com\/es\/wp-json\/wp\/v2\/caracteristiques?post=26205"},{"taxonomy":"tipus-productes","embeddable":true,"href":"https:\/\/dibosch.com\/es\/wp-json\/wp\/v2\/tipus-productes?post=26205"},{"taxonomy":"zona-aplicacio","embeddable":true,"href":"https:\/\/dibosch.com\/es\/wp-json\/wp\/v2\/zona-aplicacio?post=26205"},{"taxonomy":"tipus-maquinaria","embeddable":true,"href":"https:\/\/dibosch.com\/es\/wp-json\/wp\/v2\/tipus-maquinaria?post=26205"}],"curies":[{"name":"wp","href":"https:\/\/api.w.org\/{rel}","templated":true}]}}