{"id":26281,"date":"2024-02-29T08:15:28","date_gmt":"2024-02-29T08:15:28","guid":{"rendered":"https:\/\/dibosch.com\/?post_type=product&#038;p=26281"},"modified":"2024-10-22T15:52:01","modified_gmt":"2024-10-22T15:52:01","slug":"ecomix-pure-disinfect-vr-bs1500-sucitesa","status":"publish","type":"product","link":"https:\/\/dibosch.com\/es\/producto\/ecomix-pure-disinfect-vr-bs1500-sucitesa\/","title":{"rendered":"ECOMIX PURE DISINFECT VR BS1500 &#8211; SUCITESA"},"content":{"rendered":"<p><strong>Caracter\u00edsticas del producto:<\/strong><\/p>\n<p>Concentrado para diluci\u00f3n. Bactericida, fungicida y virucida.<\/p>\n<p>Producto concentrado. El producto a utilizar se obtiene por diluci\u00f3n con agua.<\/p>\n<p>SISTEMA INTEGRADO ECOMIX.<\/p>\n<p>AMPLIAR INFORMACI\u00d3N EN DOCUMENTACI\u00d3N DEL PRODUCTO AL USO.<\/p>\n","protected":false},"excerpt":{"rendered":"<p>Caracter\u00edsticas del producto: Concentrado para diluci\u00f3n. Bactericida, fungicida y virucida. Producto concentrado. El producto a utilizar se obtiene por diluci\u00f3n con agua. SISTEMA INTEGRADO ECOMIX. AMPLIAR INFORMACI\u00d3N EN DOCUMENTACI\u00d3N DEL PRODUCTO AL USO.<\/p>\n","protected":false},"featured_media":26280,"comment_status":"closed","ping_status":"closed","template":"","meta":[],"product_brand":[],"product_cat":[751,689,694],"product_tag":[],"marcas":[922],"certificats":[],"caracteristiques":[939],"tipus-productes":[],"zona-aplicacio":[],"tipus-maquinaria":[],"class_list":{"0":"post-26281","1":"product","2":"type-product","3":"status-publish","4":"has-post-thumbnail","6":"product_cat-desinfectantes-e-higienizados","7":"product_cat-productos-de-limpieza","8":"product_cat-quimicos","9":"marcas-sucitesa-es","10":"caracteristiques-concentrados-es","12":"first","13":"instock","14":"shipping-taxable","15":"product-type-simple"},"_links":{"self":[{"href":"https:\/\/dibosch.com\/es\/wp-json\/wp\/v2\/product\/26281","targetHints":{"allow":["GET"]}}],"collection":[{"href":"https:\/\/dibosch.com\/es\/wp-json\/wp\/v2\/product"}],"about":[{"href":"https:\/\/dibosch.com\/es\/wp-json\/wp\/v2\/types\/product"}],"replies":[{"embeddable":true,"href":"https:\/\/dibosch.com\/es\/wp-json\/wp\/v2\/comments?post=26281"}],"wp:featuredmedia":[{"embeddable":true,"href":"https:\/\/dibosch.com\/es\/wp-json\/wp\/v2\/media\/26280"}],"wp:attachment":[{"href":"https:\/\/dibosch.com\/es\/wp-json\/wp\/v2\/media?parent=26281"}],"wp:term":[{"taxonomy":"product_brand","embeddable":true,"href":"https:\/\/dibosch.com\/es\/wp-json\/wp\/v2\/product_brand?post=26281"},{"taxonomy":"product_cat","embeddable":true,"href":"https:\/\/dibosch.com\/es\/wp-json\/wp\/v2\/product_cat?post=26281"},{"taxonomy":"product_tag","embeddable":true,"href":"https:\/\/dibosch.com\/es\/wp-json\/wp\/v2\/product_tag?post=26281"},{"taxonomy":"marcas","embeddable":true,"href":"https:\/\/dibosch.com\/es\/wp-json\/wp\/v2\/marcas?post=26281"},{"taxonomy":"certificats","embeddable":true,"href":"https:\/\/dibosch.com\/es\/wp-json\/wp\/v2\/certificats?post=26281"},{"taxonomy":"caracteristiques","embeddable":true,"href":"https:\/\/dibosch.com\/es\/wp-json\/wp\/v2\/caracteristiques?post=26281"},{"taxonomy":"tipus-productes","embeddable":true,"href":"https:\/\/dibosch.com\/es\/wp-json\/wp\/v2\/tipus-productes?post=26281"},{"taxonomy":"zona-aplicacio","embeddable":true,"href":"https:\/\/dibosch.com\/es\/wp-json\/wp\/v2\/zona-aplicacio?post=26281"},{"taxonomy":"tipus-maquinaria","embeddable":true,"href":"https:\/\/dibosch.com\/es\/wp-json\/wp\/v2\/tipus-maquinaria?post=26281"}],"curies":[{"name":"wp","href":"https:\/\/api.w.org\/{rel}","templated":true}]}}