{"id":26285,"date":"2024-02-29T08:22:09","date_gmt":"2024-02-29T08:22:09","guid":{"rendered":"https:\/\/dibosch.com\/?post_type=product&#038;p=26285"},"modified":"2025-09-24T07:24:01","modified_gmt":"2025-09-24T07:24:01","slug":"ecosol-power-plus-bp4-hagleitner","status":"publish","type":"product","link":"https:\/\/dibosch.com\/es\/producto\/ecosol-power-plus-bp4-hagleitner\/","title":{"rendered":"ECOSOL POWER PLUS BP4 &#8211; HAGLEITNER"},"content":{"rendered":"<p>&nbsp;<\/p>\n<p>Limpiador l\u00edquido para vajilla y cristaler\u00eda, altamente concentrado.<\/p>\n<p>Forma parte del innovador concepto \u00abgreen efficiency\u00bb sin NTA, EDTA ni fosfatos.<\/p>\n<p>Certificado con la distinci\u00f3n medioambiental austr\u00edaca y el sello europeo Ecolabel<\/p>\n<p>La descarga se efect\u00faa exclusivamente con los dispensadores integral 4PRO o integral 4PLUS.<\/p>\n","protected":false},"excerpt":{"rendered":"<p>&nbsp; Limpiador l\u00edquido para vajilla y cristaler\u00eda, altamente concentrado. Forma parte del innovador concepto \u00abgreen efficiency\u00bb sin NTA, EDTA ni fosfatos. Certificado con la distinci\u00f3n medioambiental austr\u00edaca y el sello europeo Ecolabel La descarga se efect\u00faa exclusivamente con los dispensadores integral 4PRO o integral 4PLUS.<\/p>\n","protected":false},"featured_media":26284,"comment_status":"closed","ping_status":"closed","template":"","meta":[],"product_brand":[],"product_cat":[726,689,694],"product_tag":[],"marcas":[929],"certificats":[936],"caracteristiques":[],"tipus-productes":[],"zona-aplicacio":[944],"tipus-maquinaria":[],"class_list":{"0":"post-26285","1":"product","2":"type-product","3":"status-publish","4":"has-post-thumbnail","6":"product_cat-lavavajillas-automatico","7":"product_cat-productos-de-limpieza","8":"product_cat-quimicos","9":"marcas-hagleitner-es","10":"certificats-eu-ecolabel-es","11":"zona-aplicacio-zona-cocina","13":"first","14":"instock","15":"shipping-taxable","16":"product-type-simple"},"_links":{"self":[{"href":"https:\/\/dibosch.com\/es\/wp-json\/wp\/v2\/product\/26285","targetHints":{"allow":["GET"]}}],"collection":[{"href":"https:\/\/dibosch.com\/es\/wp-json\/wp\/v2\/product"}],"about":[{"href":"https:\/\/dibosch.com\/es\/wp-json\/wp\/v2\/types\/product"}],"replies":[{"embeddable":true,"href":"https:\/\/dibosch.com\/es\/wp-json\/wp\/v2\/comments?post=26285"}],"wp:featuredmedia":[{"embeddable":true,"href":"https:\/\/dibosch.com\/es\/wp-json\/wp\/v2\/media\/26284"}],"wp:attachment":[{"href":"https:\/\/dibosch.com\/es\/wp-json\/wp\/v2\/media?parent=26285"}],"wp:term":[{"taxonomy":"product_brand","embeddable":true,"href":"https:\/\/dibosch.com\/es\/wp-json\/wp\/v2\/product_brand?post=26285"},{"taxonomy":"product_cat","embeddable":true,"href":"https:\/\/dibosch.com\/es\/wp-json\/wp\/v2\/product_cat?post=26285"},{"taxonomy":"product_tag","embeddable":true,"href":"https:\/\/dibosch.com\/es\/wp-json\/wp\/v2\/product_tag?post=26285"},{"taxonomy":"marcas","embeddable":true,"href":"https:\/\/dibosch.com\/es\/wp-json\/wp\/v2\/marcas?post=26285"},{"taxonomy":"certificats","embeddable":true,"href":"https:\/\/dibosch.com\/es\/wp-json\/wp\/v2\/certificats?post=26285"},{"taxonomy":"caracteristiques","embeddable":true,"href":"https:\/\/dibosch.com\/es\/wp-json\/wp\/v2\/caracteristiques?post=26285"},{"taxonomy":"tipus-productes","embeddable":true,"href":"https:\/\/dibosch.com\/es\/wp-json\/wp\/v2\/tipus-productes?post=26285"},{"taxonomy":"zona-aplicacio","embeddable":true,"href":"https:\/\/dibosch.com\/es\/wp-json\/wp\/v2\/zona-aplicacio?post=26285"},{"taxonomy":"tipus-maquinaria","embeddable":true,"href":"https:\/\/dibosch.com\/es\/wp-json\/wp\/v2\/tipus-maquinaria?post=26285"}],"curies":[{"name":"wp","href":"https:\/\/api.w.org\/{rel}","templated":true}]}}