{"id":26365,"date":"2024-03-02T09:21:15","date_gmt":"2024-03-02T09:21:15","guid":{"rendered":"https:\/\/dibosch.com\/?post_type=product&#038;p=26365"},"modified":"2024-04-09T10:04:40","modified_gmt":"2024-04-09T10:04:40","slug":"aspirador-pharma-40-30-delfin","status":"publish","type":"product","link":"https:\/\/dibosch.com\/es\/producto\/aspirador-pharma-40-30-delfin\/","title":{"rendered":"ASPIRADOR PHARMA 40.30 &#8211; DELFIN"},"content":{"rendered":"<p>El aspirador industrial Pharma 40 es una unidad compacta, silenciosa y flexible dise\u00f1ada para la aspiraci\u00f3n de APIO (principios activos farmac\u00e9uticos) clasificados hasta OEB3. La construcci\u00f3n, dise\u00f1ada para proporcionar la m\u00e1xima filtraci\u00f3n de polvo y la total seguridad de los operarios, cumple plenamente las directrices de las GMP y todas las operaciones de mantenimiento se realizan con sistemas que garantizan la m\u00e1xima seguridad.<br \/>\nEl contenedor est\u00e1 fabricado en acero inoxidable satinado AISI304 por fuera y pulido por dentro para facilitar el flujo del material y simplificar las operaciones de limpieza. Es posible utilizar bolsas filtrantes desechables para recoger y eliminar el material de manera segura.<br \/>\nEst\u00e1n disponibles diferentes motorizaciones, con v\u00e1lvula de escape de vac\u00edo equipada para la protecci\u00f3n del motor, para adaptar la unidad a diferentes usos en el proceso de producci\u00f3n farmac\u00e9utica. La unidad es completamente de acero pintado, excepto el contenedor. A petici\u00f3n, otras partes del aspirador pueden ser de acero inoxidable AISI304, con pulido de las partes en contacto con el material aspirado. La unidad est\u00e1 disponible con certificaci\u00f3n para zonas Atex 22<\/p>\n<p><strong>VENTAJAS<\/strong><\/p>\n<p>Motor con soplador de canal lateral, de gran alcance y silencioso, no requiere mantenimiento ordinario, conveniente para uso continuo<br \/>\nV\u00e1lvula de seguridad para la protecci\u00f3n del motor<br \/>\nBajo nivel de ruido<br \/>\nAlta eficiencia de filtraci\u00f3n<br \/>\nAspirador compacto, silencioso y flexible, ideal para la aspiraci\u00f3n a bordo de la m\u00e1quina<br \/>\nContenedor de acero inoxidable AISI304, satinado en el exterior, pulido internamente<br \/>\nPosibilitado de utilizar bolsas de seguridad desechable para la recogida y eliminaci\u00f3n del material<br \/>\nFiltro primario estelar con sistema de limpieza ergon\u00f3mico integrado que se puede sustituir sin herramientas<br \/>\nPosibilitado de instalar hasta 3 filtros absolutos HEPA con cambio de filtro BIBO<\/p>\n<p><strong>CARACTER\u00cdSTICAS T\u00c8CNICAS PHARMA 40.30<\/strong><\/p>\n<p><strong>Alimentaci\u00f3n<\/strong> 400-50 V-Hz<br \/>\n<strong>Potencia<\/strong> 3 kW<br \/>\n<strong>Depresi\u00f3n m\u00e1xima<\/strong> 3200 mm H\u2082O<br \/>\n<strong>Caudal de aire m\u00e1ximo<\/strong> 318 m\u00b3\/h<br \/>\n<strong>Di\u00e1metro de aspiraci\u00f3n<\/strong> Clamp \u00f870 AISI304<br \/>\n<strong>Nivel de ruido<\/strong> 69 dB(A)<br \/>\n<strong>Tipos de filtro<\/strong> Estrella<br \/>\n<strong>Superf\u00edcie &#8211; di\u00e1metro<\/strong> 20.000 &#8211; 420 cm\u00b2-mm<br \/>\n<strong>Medio filtrante &#8211; Clase<\/strong> Poli\u00e9ster &#8211; ANTE M IEC 60335-2-69<br \/>\n<strong>Sistema de limpieza<\/strong> Manual<br \/>\n<strong>Sistema de descarga<\/strong><br \/>\n<strong>Capacitado<\/strong> 42 l<br \/>\n<strong>Dimensiones<\/strong> 76x52x155h cm<br \/>\n<strong>Peso<\/strong> 120 kg<\/p>\n","protected":false},"excerpt":{"rendered":"<p>El aspirador industrial Pharma 40 es una unidad compacta, silenciosa y flexible dise\u00f1ada para la aspiraci\u00f3n de APIO (principios activos farmac\u00e9uticos) clasificados hasta OEB3. La construcci\u00f3n, dise\u00f1ada para proporcionar la m\u00e1xima filtraci\u00f3n de polvo y la total seguridad de los operarios, cumple plenamente las directrices de las GMP y todas las operaciones de mantenimiento se [&hellip;]<\/p>\n","protected":false},"featured_media":26364,"comment_status":"closed","ping_status":"closed","template":"","meta":[],"product_brand":[],"product_cat":[1186,1188,578,577],"product_tag":[],"marcas":[915],"certificats":[],"caracteristiques":[],"tipus-productes":[],"zona-aplicacio":[955],"tipus-maquinaria":[],"class_list":{"0":"post-26365","1":"product","2":"type-product","3":"status-publish","4":"has-post-thumbnail","6":"product_cat-aspirador-atex-es","7":"product_cat-aspiradores-delfin","8":"product_cat-aspiradores-industriales","9":"product_cat-maquinas","10":"marcas-delfin-es","11":"zona-aplicacio-zona-sanitaria","13":"first","14":"instock","15":"shipping-taxable","16":"product-type-simple"},"_links":{"self":[{"href":"https:\/\/dibosch.com\/es\/wp-json\/wp\/v2\/product\/26365","targetHints":{"allow":["GET"]}}],"collection":[{"href":"https:\/\/dibosch.com\/es\/wp-json\/wp\/v2\/product"}],"about":[{"href":"https:\/\/dibosch.com\/es\/wp-json\/wp\/v2\/types\/product"}],"replies":[{"embeddable":true,"href":"https:\/\/dibosch.com\/es\/wp-json\/wp\/v2\/comments?post=26365"}],"wp:featuredmedia":[{"embeddable":true,"href":"https:\/\/dibosch.com\/es\/wp-json\/wp\/v2\/media\/26364"}],"wp:attachment":[{"href":"https:\/\/dibosch.com\/es\/wp-json\/wp\/v2\/media?parent=26365"}],"wp:term":[{"taxonomy":"product_brand","embeddable":true,"href":"https:\/\/dibosch.com\/es\/wp-json\/wp\/v2\/product_brand?post=26365"},{"taxonomy":"product_cat","embeddable":true,"href":"https:\/\/dibosch.com\/es\/wp-json\/wp\/v2\/product_cat?post=26365"},{"taxonomy":"product_tag","embeddable":true,"href":"https:\/\/dibosch.com\/es\/wp-json\/wp\/v2\/product_tag?post=26365"},{"taxonomy":"marcas","embeddable":true,"href":"https:\/\/dibosch.com\/es\/wp-json\/wp\/v2\/marcas?post=26365"},{"taxonomy":"certificats","embeddable":true,"href":"https:\/\/dibosch.com\/es\/wp-json\/wp\/v2\/certificats?post=26365"},{"taxonomy":"caracteristiques","embeddable":true,"href":"https:\/\/dibosch.com\/es\/wp-json\/wp\/v2\/caracteristiques?post=26365"},{"taxonomy":"tipus-productes","embeddable":true,"href":"https:\/\/dibosch.com\/es\/wp-json\/wp\/v2\/tipus-productes?post=26365"},{"taxonomy":"zona-aplicacio","embeddable":true,"href":"https:\/\/dibosch.com\/es\/wp-json\/wp\/v2\/zona-aplicacio?post=26365"},{"taxonomy":"tipus-maquinaria","embeddable":true,"href":"https:\/\/dibosch.com\/es\/wp-json\/wp\/v2\/tipus-maquinaria?post=26365"}],"curies":[{"name":"wp","href":"https:\/\/api.w.org\/{rel}","templated":true}]}}