{"id":26371,"date":"2024-03-02T10:00:34","date_gmt":"2024-03-02T10:00:34","guid":{"rendered":"https:\/\/dibosch.com\/?post_type=product&#038;p=26371"},"modified":"2024-03-02T10:02:35","modified_gmt":"2024-03-02T10:02:35","slug":"aspirador-pharma-20-18-delfin","status":"publish","type":"product","link":"https:\/\/dibosch.com\/es\/producto\/aspirador-pharma-20-18-delfin\/","title":{"rendered":"ASPIRADOR PHARMA 20.18 &#8211; DELFIN"},"content":{"rendered":"<p>El aspirador industrial Pharma 20.18 es una unidad compacta, silenciosa y flexible dise\u00f1ada para la limpieza general y la aspiraci\u00f3n a bordo en la industria farmac\u00e9utica.<br \/>\nConstruido en plena conformidad con las directrices GMP, este aspirador es ideal para la extracci\u00f3n de polvo fino gracias al filtro de bolsillo de poli\u00e9ster antiest\u00e1tico, que garantiza una gran superficie de filtrado y una gran resistencia al paso del polvo. La unidad es completamente de acero pintado, excepto el contenedor. A petici\u00f3n, otras partes del aspirador pueden ser de acero inoxidable AISI304, con pulido de las partes en contacto con el material aspirado.<br \/>\nLa unidad est\u00e1 disponible con certificaci\u00f3n para zonas Atex 22.<\/p>\n<p><strong>VENTAJAS<\/strong><\/p>\n<p>Motor con soplador de canal lateral, de gran alcance y silencioso, no requiere mantenimiento ordinario, conveniente para uso continuo<br \/>\nV\u00e1lvula de seguridad para la protecci\u00f3n del motor<br \/>\nBajo nivel de ruido<br \/>\nAlta eficiencia de filtraci\u00f3n<br \/>\nMuy silencioso<\/p>\n<p><strong>CARACTER\u00cdSTICAS T\u00c8CNICAS PHARMA 20.18<\/strong><\/p>\n<p><strong>Alimentaci\u00f3n<\/strong> 400-50 V-Hz<br \/>\n<strong>Potencia<\/strong> 1,8 kW<br \/>\n<strong>Depresi\u00f3n m\u00e1xima<\/strong> 3000 mm H\u2082O<br \/>\n<strong>Caudal de aire m\u00e1ximo<\/strong> 270 m\u00b3\/h<br \/>\n<strong>Di\u00e1metro de aspiraci\u00f3n<\/strong> Clamp \u00f870 AISI 304<br \/>\n<strong>Nivel de ruido<\/strong> 70 dB(A)<br \/>\n<strong>Tipos de filtro<\/strong> Estrella<br \/>\n<strong>Superf\u00edcie &#8211; di\u00e1metro<\/strong> 12.000 &#8211; 360 cm\u00b2-mm<br \/>\n<strong>Medio filtrante &#8211; Clase<\/strong> Poli\u00e9ster &#8211; ANTE M IEC 60335-2-69<br \/>\n<strong>Sistema de limpieza<\/strong> Manual<br \/>\n<strong>Sistema de descarga<\/strong><br \/>\n<strong>Capacidad<\/strong> 22 l<br \/>\n<strong>Dimensiones<\/strong> 70x51x129h cm<br \/>\n<strong>Peso<\/strong> 75 kg<\/p>\n","protected":false},"excerpt":{"rendered":"<p>El aspirador industrial Pharma 20.18 es una unidad compacta, silenciosa y flexible dise\u00f1ada para la limpieza general y la aspiraci\u00f3n a bordo en la industria farmac\u00e9utica. Construido en plena conformidad con las directrices GMP, este aspirador es ideal para la extracci\u00f3n de polvo fino gracias al filtro de bolsillo de poli\u00e9ster antiest\u00e1tico, que garantiza una [&hellip;]<\/p>\n","protected":false},"featured_media":26370,"comment_status":"closed","ping_status":"closed","template":"","meta":[],"product_brand":[],"product_cat":[1174,1165,1188,578,577],"product_tag":[],"marcas":[915],"certificats":[],"caracteristiques":[],"tipus-productes":[],"zona-aplicacio":[955],"tipus-maquinaria":[],"class_list":{"0":"post-26371","1":"product","2":"type-product","3":"status-publish","4":"has-post-thumbnail","6":"product_cat-aspirador-industrial-polvo-fino","7":"product_cat-aspirador-de-polvo-liquido-industrial","8":"product_cat-aspiradores-delfin","9":"product_cat-aspiradores-industriales","10":"product_cat-maquinas","11":"marcas-delfin-es","12":"zona-aplicacio-zona-sanitaria","14":"first","15":"instock","16":"shipping-taxable","17":"product-type-simple"},"_links":{"self":[{"href":"https:\/\/dibosch.com\/es\/wp-json\/wp\/v2\/product\/26371","targetHints":{"allow":["GET"]}}],"collection":[{"href":"https:\/\/dibosch.com\/es\/wp-json\/wp\/v2\/product"}],"about":[{"href":"https:\/\/dibosch.com\/es\/wp-json\/wp\/v2\/types\/product"}],"replies":[{"embeddable":true,"href":"https:\/\/dibosch.com\/es\/wp-json\/wp\/v2\/comments?post=26371"}],"wp:featuredmedia":[{"embeddable":true,"href":"https:\/\/dibosch.com\/es\/wp-json\/wp\/v2\/media\/26370"}],"wp:attachment":[{"href":"https:\/\/dibosch.com\/es\/wp-json\/wp\/v2\/media?parent=26371"}],"wp:term":[{"taxonomy":"product_brand","embeddable":true,"href":"https:\/\/dibosch.com\/es\/wp-json\/wp\/v2\/product_brand?post=26371"},{"taxonomy":"product_cat","embeddable":true,"href":"https:\/\/dibosch.com\/es\/wp-json\/wp\/v2\/product_cat?post=26371"},{"taxonomy":"product_tag","embeddable":true,"href":"https:\/\/dibosch.com\/es\/wp-json\/wp\/v2\/product_tag?post=26371"},{"taxonomy":"marcas","embeddable":true,"href":"https:\/\/dibosch.com\/es\/wp-json\/wp\/v2\/marcas?post=26371"},{"taxonomy":"certificats","embeddable":true,"href":"https:\/\/dibosch.com\/es\/wp-json\/wp\/v2\/certificats?post=26371"},{"taxonomy":"caracteristiques","embeddable":true,"href":"https:\/\/dibosch.com\/es\/wp-json\/wp\/v2\/caracteristiques?post=26371"},{"taxonomy":"tipus-productes","embeddable":true,"href":"https:\/\/dibosch.com\/es\/wp-json\/wp\/v2\/tipus-productes?post=26371"},{"taxonomy":"zona-aplicacio","embeddable":true,"href":"https:\/\/dibosch.com\/es\/wp-json\/wp\/v2\/zona-aplicacio?post=26371"},{"taxonomy":"tipus-maquinaria","embeddable":true,"href":"https:\/\/dibosch.com\/es\/wp-json\/wp\/v2\/tipus-maquinaria?post=26371"}],"curies":[{"name":"wp","href":"https:\/\/api.w.org\/{rel}","templated":true}]}}