{"id":26375,"date":"2024-03-02T10:20:24","date_gmt":"2024-03-02T10:20:24","guid":{"rendered":"https:\/\/dibosch.com\/?post_type=product&#038;p=26375"},"modified":"2024-03-02T10:26:20","modified_gmt":"2024-03-02T10:26:20","slug":"aspirador-lc1000-d-delfin","status":"publish","type":"product","link":"https:\/\/dibosch.com\/es\/producto\/aspirador-lc1000-d-delfin\/","title":{"rendered":"ASPIRADOR LC1000 D &#8211; DELFIN"},"content":{"rendered":"<p>El aspirador para sala blanca LC1000 D es una aspirador de sala limpia creada por las demandas de las grandes multinacionales farmac\u00e9uticas y de alimentos. M\u00faltiples niveles de filtraci\u00f3n HEPA garantizan la pureza del aire que sale del aspirador, mientras que las superficies lisas y la construcci\u00f3n de acero inoxidable facilitan la limpieza y el mantenimiento. El aspirador y los accesorios espec\u00edficos (cabezal del motor excluido) se pueden esterilizar en autoclave para una desinfecci\u00f3n completa y segura del aspirador. Adecuado para uso en salas limpias hasta ISO4.<\/p>\n<p><strong>AVENTAJAS<\/strong><\/p>\n<p>Construcci\u00f3n en acero resistente<br \/>\nBajo nivel de ruido<br \/>\nCompacto y m\u00f3vil<br \/>\nFiltro de alta eficiencia<br \/>\nDise\u00f1ado para la aspiraci\u00f3n el Salas blancas<br \/>\nCumple con las normas GMP, f\u00e1cil de limpiar y desinfectar<br \/>\nActo-lavable (hasta 120 \u00b0 C, excluyendo el cabezal del motor)<br \/>\nAdecuado para uso en salas blancas ISO4<\/p>\n<p><strong>CARACTER\u00cdSTICAS T\u00c8CNICAS LC1000 D<\/strong><\/p>\n<p><strong>Alimentaci\u00f3n<\/strong> 230 &#8211; 50 1~ V-Hz<br \/>\n<strong>Potencia<\/strong> 1 kW<br \/>\n<strong>Depresi\u00f3n m\u00e1xima<\/strong> 2900 mm H\u2082O<br \/>\n<strong>Caudal de aire m\u00e1ximo<\/strong> 175 m\u00b3\/h<br \/>\n<strong>Di\u00e1metro de aspiraci\u00f3n<\/strong> 40 mm<br \/>\n<strong>Nivel de ruido<\/strong> 70 dB(A)<br \/>\n<strong>Tipos de filtro<\/strong> Bolsa<br \/>\n<strong>Filtros absolutos H14 en aspiraci\u00f3n<\/strong> U15<br \/>\n<strong>Filtros absolutos por soplado<\/strong> U15<br \/>\n<strong>Superficie &#8211; di\u00e1metro<\/strong> 2.000 &#8211; 280 cm\u00b2-mm<br \/>\n<strong>Medio filtrante &#8211; Clase<\/strong> Poli\u00e9ster &#8211; M PTFE IEC 60335-2-69<br \/>\n<strong>Recipiente de recogida<\/strong><br \/>\n<strong>Capacidad<\/strong> 5 l<br \/>\n<strong>Dimensiones<\/strong> 36x33x51h cm<br \/>\n<strong>Peso<\/strong> 20 kg<\/p>\n","protected":false},"excerpt":{"rendered":"<p>El aspirador para sala blanca LC1000 D es una aspirador de sala limpia creada por las demandas de las grandes multinacionales farmac\u00e9uticas y de alimentos. M\u00faltiples niveles de filtraci\u00f3n HEPA garantizan la pureza del aire que sale del aspirador, mientras que las superficies lisas y la construcci\u00f3n de acero inoxidable facilitan la limpieza y el [&hellip;]<\/p>\n","protected":false},"featured_media":26374,"comment_status":"closed","ping_status":"closed","template":"","meta":[],"product_brand":[],"product_cat":[1165,1188,578,577],"product_tag":[],"marcas":[915],"certificats":[],"caracteristiques":[],"tipus-productes":[],"zona-aplicacio":[955],"tipus-maquinaria":[],"class_list":{"0":"post-26375","1":"product","2":"type-product","3":"status-publish","4":"has-post-thumbnail","6":"product_cat-aspirador-de-polvo-liquido-industrial","7":"product_cat-aspiradores-delfin","8":"product_cat-aspiradores-industriales","9":"product_cat-maquinas","10":"marcas-delfin-es","11":"zona-aplicacio-zona-sanitaria","13":"first","14":"instock","15":"shipping-taxable","16":"product-type-simple"},"_links":{"self":[{"href":"https:\/\/dibosch.com\/es\/wp-json\/wp\/v2\/product\/26375","targetHints":{"allow":["GET"]}}],"collection":[{"href":"https:\/\/dibosch.com\/es\/wp-json\/wp\/v2\/product"}],"about":[{"href":"https:\/\/dibosch.com\/es\/wp-json\/wp\/v2\/types\/product"}],"replies":[{"embeddable":true,"href":"https:\/\/dibosch.com\/es\/wp-json\/wp\/v2\/comments?post=26375"}],"wp:featuredmedia":[{"embeddable":true,"href":"https:\/\/dibosch.com\/es\/wp-json\/wp\/v2\/media\/26374"}],"wp:attachment":[{"href":"https:\/\/dibosch.com\/es\/wp-json\/wp\/v2\/media?parent=26375"}],"wp:term":[{"taxonomy":"product_brand","embeddable":true,"href":"https:\/\/dibosch.com\/es\/wp-json\/wp\/v2\/product_brand?post=26375"},{"taxonomy":"product_cat","embeddable":true,"href":"https:\/\/dibosch.com\/es\/wp-json\/wp\/v2\/product_cat?post=26375"},{"taxonomy":"product_tag","embeddable":true,"href":"https:\/\/dibosch.com\/es\/wp-json\/wp\/v2\/product_tag?post=26375"},{"taxonomy":"marcas","embeddable":true,"href":"https:\/\/dibosch.com\/es\/wp-json\/wp\/v2\/marcas?post=26375"},{"taxonomy":"certificats","embeddable":true,"href":"https:\/\/dibosch.com\/es\/wp-json\/wp\/v2\/certificats?post=26375"},{"taxonomy":"caracteristiques","embeddable":true,"href":"https:\/\/dibosch.com\/es\/wp-json\/wp\/v2\/caracteristiques?post=26375"},{"taxonomy":"tipus-productes","embeddable":true,"href":"https:\/\/dibosch.com\/es\/wp-json\/wp\/v2\/tipus-productes?post=26375"},{"taxonomy":"zona-aplicacio","embeddable":true,"href":"https:\/\/dibosch.com\/es\/wp-json\/wp\/v2\/zona-aplicacio?post=26375"},{"taxonomy":"tipus-maquinaria","embeddable":true,"href":"https:\/\/dibosch.com\/es\/wp-json\/wp\/v2\/tipus-maquinaria?post=26375"}],"curies":[{"name":"wp","href":"https:\/\/api.w.org\/{rel}","templated":true}]}}