{"id":26379,"date":"2024-03-02T10:57:11","date_gmt":"2024-03-02T10:57:11","guid":{"rendered":"https:\/\/dibosch.com\/?post_type=product&#038;p=26379"},"modified":"2024-03-02T10:59:51","modified_gmt":"2024-03-02T10:59:51","slug":"aspirador-lc1100-wd-delfin","status":"publish","type":"product","link":"https:\/\/dibosch.com\/es\/producto\/aspirador-lc1100-wd-delfin\/","title":{"rendered":"ASPIRADOR LC1100 WD &#8211; DELFIN"},"content":{"rendered":"<p>El aspirador para salas limpias LC1100 WD es un aspirador industrial para salas blancas, ideal para eliminar l\u00edquidos y desinfectar en una sala limpia. Diferentes niveles de filtraci\u00f3n (HEPA y ULPA disponibles) garantizan la pureza del aire que sale del aspirador, mientras que las superficies lisas y la construcci\u00f3n de acero inoxidable facilitan la limpieza, el mantenimiento y la desinfecci\u00f3n. Las aspiradoras y accesorios (excluyendo el cabezal del motor) se pueden esterilizar en autoclave para una desinfecci\u00f3n completa y segura<\/p>\n<p><strong>VENTAJAS<\/strong><\/p>\n<p>Construcci\u00f3n en acero resistente<br \/>\nBajo nivel de ruido<br \/>\nCompacto y m\u00f3vil<br \/>\nFiltro de alta eficiencia<br \/>\nFiltro de clase absoluta adicional H (99,995% sobre 0,18 micras) est\u00e1ndar<br \/>\nDise\u00f1ado para la aspiraci\u00f3n el Salas blancas<br \/>\nCumple con las normas GMP, f\u00e1cil de limpiar y desinfectar<br \/>\nActo-lavable (hasta 120 \u00b0 C, excluyendo el cabezal del motor)Adecuado para uso en salas blancas ISO4<\/p>\n<p><strong>CARACTER\u00cdSTICAS T\u00c8CNICAS LC1100 WD<\/strong><\/p>\n<p><strong>Alimentaci\u00f3n<\/strong> 230 &#8211; 50 V-Hz<br \/>\n<strong>Potencia<\/strong> 1,1 kW<br \/>\n<strong>Depresi\u00f3n m\u00e1xima<\/strong> 2500 mm H\u2082O<br \/>\n<strong>Caudal de aire m\u00e1ximo<\/strong> 180 m\u00b3\/h<br \/>\n<strong>Di\u00e1metro de aspiraci\u00f3n<\/strong> 40 mm<br \/>\n<strong>Tipos de filtro<\/strong> Bolsa<br \/>\n<strong>Filtros absolutos H14 en aspiraci\u00f3n<\/strong> U15<br \/>\n<strong>Filtros absolutos por soplado<\/strong> U15<br \/>\n<strong>Superficie &#8211; di\u00e1metro<\/strong> 30.000 &#8211; 360 cm\u00b2-mm<br \/>\n<strong>Medio filtrante &#8211; Clase<\/strong> Poli\u00e9ster &#8211; M PTFE IEC 60335-2-69<br \/>\n<strong>Recipiente de recogida<\/strong><br \/>\n<strong>Capacidad<\/strong> 40-25 l<br \/>\n<strong>Dimensiones<\/strong> 43x43x73h cm<br \/>\n<strong>Peso<\/strong> 27 kg<\/p>\n","protected":false},"excerpt":{"rendered":"<p>El aspirador para salas limpias LC1100 WD es un aspirador industrial para salas blancas, ideal para eliminar l\u00edquidos y desinfectar en una sala limpia. Diferentes niveles de filtraci\u00f3n (HEPA y ULPA disponibles) garantizan la pureza del aire que sale del aspirador, mientras que las superficies lisas y la construcci\u00f3n de acero inoxidable facilitan la limpieza, [&hellip;]<\/p>\n","protected":false},"featured_media":26378,"comment_status":"closed","ping_status":"closed","template":"","meta":[],"product_brand":[],"product_cat":[1188,578,577],"product_tag":[],"marcas":[915],"certificats":[],"caracteristiques":[],"tipus-productes":[],"zona-aplicacio":[955],"tipus-maquinaria":[],"class_list":{"0":"post-26379","1":"product","2":"type-product","3":"status-publish","4":"has-post-thumbnail","6":"product_cat-aspiradores-delfin","7":"product_cat-aspiradores-industriales","8":"product_cat-maquinas","9":"marcas-delfin-es","10":"zona-aplicacio-zona-sanitaria","12":"first","13":"instock","14":"shipping-taxable","15":"product-type-simple"},"_links":{"self":[{"href":"https:\/\/dibosch.com\/es\/wp-json\/wp\/v2\/product\/26379","targetHints":{"allow":["GET"]}}],"collection":[{"href":"https:\/\/dibosch.com\/es\/wp-json\/wp\/v2\/product"}],"about":[{"href":"https:\/\/dibosch.com\/es\/wp-json\/wp\/v2\/types\/product"}],"replies":[{"embeddable":true,"href":"https:\/\/dibosch.com\/es\/wp-json\/wp\/v2\/comments?post=26379"}],"wp:featuredmedia":[{"embeddable":true,"href":"https:\/\/dibosch.com\/es\/wp-json\/wp\/v2\/media\/26378"}],"wp:attachment":[{"href":"https:\/\/dibosch.com\/es\/wp-json\/wp\/v2\/media?parent=26379"}],"wp:term":[{"taxonomy":"product_brand","embeddable":true,"href":"https:\/\/dibosch.com\/es\/wp-json\/wp\/v2\/product_brand?post=26379"},{"taxonomy":"product_cat","embeddable":true,"href":"https:\/\/dibosch.com\/es\/wp-json\/wp\/v2\/product_cat?post=26379"},{"taxonomy":"product_tag","embeddable":true,"href":"https:\/\/dibosch.com\/es\/wp-json\/wp\/v2\/product_tag?post=26379"},{"taxonomy":"marcas","embeddable":true,"href":"https:\/\/dibosch.com\/es\/wp-json\/wp\/v2\/marcas?post=26379"},{"taxonomy":"certificats","embeddable":true,"href":"https:\/\/dibosch.com\/es\/wp-json\/wp\/v2\/certificats?post=26379"},{"taxonomy":"caracteristiques","embeddable":true,"href":"https:\/\/dibosch.com\/es\/wp-json\/wp\/v2\/caracteristiques?post=26379"},{"taxonomy":"tipus-productes","embeddable":true,"href":"https:\/\/dibosch.com\/es\/wp-json\/wp\/v2\/tipus-productes?post=26379"},{"taxonomy":"zona-aplicacio","embeddable":true,"href":"https:\/\/dibosch.com\/es\/wp-json\/wp\/v2\/zona-aplicacio?post=26379"},{"taxonomy":"tipus-maquinaria","embeddable":true,"href":"https:\/\/dibosch.com\/es\/wp-json\/wp\/v2\/tipus-maquinaria?post=26379"}],"curies":[{"name":"wp","href":"https:\/\/api.w.org\/{rel}","templated":true}]}}