{"id":26388,"date":"2024-03-02T11:53:13","date_gmt":"2024-03-02T11:53:13","guid":{"rendered":"https:\/\/dibosch.com\/?post_type=product&#038;p=26388"},"modified":"2024-03-02T12:13:18","modified_gmt":"2024-03-02T12:13:18","slug":"aspirador-as-10-delfin","status":"publish","type":"product","link":"https:\/\/dibosch.com\/es\/producto\/aspirador-as-10-delfin\/","title":{"rendered":"ASPIRADOR AS 10 &#8211; DELFIN"},"content":{"rendered":"<p>Los aspiradores de la serie AS est\u00e1n dise\u00f1ados para la aspiraci\u00f3n de recortes y residuos de producci\u00f3n derivados de ciclos de producci\u00f3n y maquinar\u00eda de envasado. Los desechos aspirados se contienen y se compactan en una bolsa de nylon, que filtra cualquier pulso y elimina los desechos de manera r\u00e1pida y f\u00e1cil. Silenciador y \u00f3culo para control integrado de llenado de bolsas.<\/p>\n<p><strong>VENTAJAS<\/strong><\/p>\n<p>Motor con soplete de canal lateral, de gran alcance y silencioso, no requiere mantenimiento ordinario, conveniente para uso continuo<br \/>\nBajo nivel de ruido<br \/>\nCompacto y m\u00f3vil<br \/>\nF\u00e1cil sustituci\u00f3n del filtro<br \/>\nPosibilitado de integraci\u00f3n en otras m\u00e1quinas<br \/>\nDise\u00f1ado para la aspiraci\u00f3n de raspados y restos de l\u00edneas de envasado<br \/>\nContenedor con bolsa de filtro de nailon de alta capacidad<br \/>\nCompleta personalizaci\u00f3n para necesidades espec\u00edficas<\/p>\n<p><strong>CARACTER\u00cdSTICAS T\u00c8CNICAS AS 10<\/strong><\/p>\n<p><strong>Alimentaci\u00f3n<\/strong> 400 &#8211; 50 V-Hz<br \/>\n<strong>Potencia<\/strong> 0,85 kW<br \/>\n<strong>Potencia el\u00e9ctrica<\/strong> 55 IP<br \/>\n<strong>Depresi\u00f3n m\u00e1xima<\/strong> 1900 mm H\u2082O<br \/>\n<strong>Caudal de aire m\u00e1ximo<\/strong> 150 m\u00b3\/h<br \/>\n<strong>Di\u00e1metro de aspiraci\u00f3n<\/strong> 80 mm<br \/>\n<strong>Nivel de ruido<\/strong> 69 dB(A)<br \/>\n<strong>Tipos de filtro<\/strong> Bolsa<br \/>\n<strong>Medio filtrante &#8211; Clase<\/strong> Nylon &#8211; L IEC 60335-2-69<br \/>\n<strong>Capacidad<\/strong> 130 l<br \/>\n<strong>Dimensiones<\/strong> 59x55x132h cm<br \/>\n<strong>Peso<\/strong><\/p>\n","protected":false},"excerpt":{"rendered":"<p>Los aspiradores de la serie AS est\u00e1n dise\u00f1ados para la aspiraci\u00f3n de recortes y residuos de producci\u00f3n derivados de ciclos de producci\u00f3n y maquinar\u00eda de envasado. Los desechos aspirados se contienen y se compactan en una bolsa de nylon, que filtra cualquier pulso y elimina los desechos de manera r\u00e1pida y f\u00e1cil. Silenciador y \u00f3culo [&hellip;]<\/p>\n","protected":false},"featured_media":26382,"comment_status":"closed","ping_status":"closed","template":"","meta":[],"product_brand":[],"product_cat":[1188,578,577],"product_tag":[],"marcas":[915],"certificats":[],"caracteristiques":[],"tipus-productes":[],"zona-aplicacio":[949],"tipus-maquinaria":[],"class_list":{"0":"post-26388","1":"product","2":"type-product","3":"status-publish","4":"has-post-thumbnail","6":"product_cat-aspiradores-delfin","7":"product_cat-aspiradores-industriales","8":"product_cat-maquinas","9":"marcas-delfin-es","10":"zona-aplicacio-zona-produccion-y-talleres","12":"first","13":"instock","14":"shipping-taxable","15":"product-type-simple"},"_links":{"self":[{"href":"https:\/\/dibosch.com\/es\/wp-json\/wp\/v2\/product\/26388","targetHints":{"allow":["GET"]}}],"collection":[{"href":"https:\/\/dibosch.com\/es\/wp-json\/wp\/v2\/product"}],"about":[{"href":"https:\/\/dibosch.com\/es\/wp-json\/wp\/v2\/types\/product"}],"replies":[{"embeddable":true,"href":"https:\/\/dibosch.com\/es\/wp-json\/wp\/v2\/comments?post=26388"}],"wp:featuredmedia":[{"embeddable":true,"href":"https:\/\/dibosch.com\/es\/wp-json\/wp\/v2\/media\/26382"}],"wp:attachment":[{"href":"https:\/\/dibosch.com\/es\/wp-json\/wp\/v2\/media?parent=26388"}],"wp:term":[{"taxonomy":"product_brand","embeddable":true,"href":"https:\/\/dibosch.com\/es\/wp-json\/wp\/v2\/product_brand?post=26388"},{"taxonomy":"product_cat","embeddable":true,"href":"https:\/\/dibosch.com\/es\/wp-json\/wp\/v2\/product_cat?post=26388"},{"taxonomy":"product_tag","embeddable":true,"href":"https:\/\/dibosch.com\/es\/wp-json\/wp\/v2\/product_tag?post=26388"},{"taxonomy":"marcas","embeddable":true,"href":"https:\/\/dibosch.com\/es\/wp-json\/wp\/v2\/marcas?post=26388"},{"taxonomy":"certificats","embeddable":true,"href":"https:\/\/dibosch.com\/es\/wp-json\/wp\/v2\/certificats?post=26388"},{"taxonomy":"caracteristiques","embeddable":true,"href":"https:\/\/dibosch.com\/es\/wp-json\/wp\/v2\/caracteristiques?post=26388"},{"taxonomy":"tipus-productes","embeddable":true,"href":"https:\/\/dibosch.com\/es\/wp-json\/wp\/v2\/tipus-productes?post=26388"},{"taxonomy":"zona-aplicacio","embeddable":true,"href":"https:\/\/dibosch.com\/es\/wp-json\/wp\/v2\/zona-aplicacio?post=26388"},{"taxonomy":"tipus-maquinaria","embeddable":true,"href":"https:\/\/dibosch.com\/es\/wp-json\/wp\/v2\/tipus-maquinaria?post=26388"}],"curies":[{"name":"wp","href":"https:\/\/api.w.org\/{rel}","templated":true}]}}