{"id":26507,"date":"2024-03-09T09:47:09","date_gmt":"2024-03-09T09:47:09","guid":{"rendered":"https:\/\/dibosch.com\/?post_type=product&#038;p=26507"},"modified":"2024-03-09T09:49:31","modified_gmt":"2024-03-09T09:49:31","slug":"aspirador-dbfv-20-delfin","status":"publish","type":"product","link":"https:\/\/dibosch.com\/es\/producto\/aspirador-dbfv-20-delfin\/","title":{"rendered":"ASPIRADOR DBFV 20 &#8211; DELFIN"},"content":{"rendered":"<p>El aspirador DBFV ha sido creado para eliminar p\u00f3lvoras y desechos de producci\u00f3n en maquinaria industrial de varios tipos de industrias: desde el envasado hasta el sector alimentario y el sector de procesamiento de papel. Gracias a su configuraci\u00f3n compacta y su modularidad, el DBFV se puede integrar f\u00e1cilmente en la maquinaria en l\u00edneas de producci\u00f3n sin tener que ocupar mucho de espacio. Filtro y contenedor de recolecci\u00f3n integrado.<\/p>\n<p>VENTAJAS<\/p>\n<p>Motor con soplador de canal lateral, de gran alcance y silencioso, no requiere mantenimiento ordinario, conveniente para uso continuo<br \/>\nSistema integrado de limpieza del filtro<br \/>\nConstrucci\u00f3n completa en acero<br \/>\nV\u00e1lvula de seguridad para la protecci\u00f3n del motor<br \/>\nBajo nivel de ruido<br \/>\nF\u00e1cil sustituci\u00f3n del filtro<br \/>\nReducci\u00f3n del tiempo de inactividad de las m\u00e1quinas herramienta<br \/>\nPosibilitado de integraci\u00f3n en otras m\u00e1quinas<br \/>\nTotal modularidad para satisfacer las necesidades espec\u00edficas de los clientes<br \/>\nCompleta personalizaci\u00f3n para necesidades espec\u00edficas<\/p>\n<p>CARACTER\u00cdSTICAS T\u00c9CNICAS DBFV 30<\/p>\n<p>Alimentaci\u00f3n 400 &#8211; 50 V-Hz<br \/>\nPotencia 1,8 kW<br \/>\nPotencia el\u00e9ctrica 55\/F IP<br \/>\nDepresi\u00f3n m\u00e1xima 3000 mm H\u2082O<br \/>\nCaudal de aire m\u00e1ximo 270 m\u00b3\/h<br \/>\nDi\u00e1metro de aspiraci\u00f3n 50 mm<br \/>\nNivel de ruido 69 dB(A)<br \/>\nTipos de filtro Estrella<br \/>\nSuperf\u00edcie &#8211; di\u00e1metro 8.000 &#8211; 360 cm\u00b2-mm<br \/>\nSistema de limpieza Manual<br \/>\nMedio filtrante &#8211; Clase Poliester- ANTE M IEC 60335-2-69<br \/>\nCapacidad 25 l<br \/>\nDimensiones 54x55x103h cm<br \/>\nPeso 45 kg<\/p>\n","protected":false},"excerpt":{"rendered":"<p>El aspirador DBFV ha sido creado para eliminar p\u00f3lvoras y desechos de producci\u00f3n en maquinaria industrial de varios tipos de industrias: desde el envasado hasta el sector alimentario y el sector de procesamiento de papel. Gracias a su configuraci\u00f3n compacta y su modularidad, el DBFV se puede integrar f\u00e1cilmente en la maquinaria en l\u00edneas de [&hellip;]<\/p>\n","protected":false},"featured_media":26504,"comment_status":"closed","ping_status":"closed","template":"","meta":[],"product_brand":[],"product_cat":[1188,578],"product_tag":[],"marcas":[915],"certificats":[],"caracteristiques":[],"tipus-productes":[],"zona-aplicacio":[950,949],"tipus-maquinaria":[],"class_list":{"0":"post-26507","1":"product","2":"type-product","3":"status-publish","4":"has-post-thumbnail","6":"product_cat-aspiradores-delfin","7":"product_cat-aspiradores-industriales","8":"marcas-delfin-es","9":"zona-aplicacio-zona-manipulacion-de-alimentos-industria","10":"zona-aplicacio-zona-produccion-y-talleres","12":"first","13":"instock","14":"shipping-taxable","15":"product-type-simple"},"_links":{"self":[{"href":"https:\/\/dibosch.com\/es\/wp-json\/wp\/v2\/product\/26507","targetHints":{"allow":["GET"]}}],"collection":[{"href":"https:\/\/dibosch.com\/es\/wp-json\/wp\/v2\/product"}],"about":[{"href":"https:\/\/dibosch.com\/es\/wp-json\/wp\/v2\/types\/product"}],"replies":[{"embeddable":true,"href":"https:\/\/dibosch.com\/es\/wp-json\/wp\/v2\/comments?post=26507"}],"wp:featuredmedia":[{"embeddable":true,"href":"https:\/\/dibosch.com\/es\/wp-json\/wp\/v2\/media\/26504"}],"wp:attachment":[{"href":"https:\/\/dibosch.com\/es\/wp-json\/wp\/v2\/media?parent=26507"}],"wp:term":[{"taxonomy":"product_brand","embeddable":true,"href":"https:\/\/dibosch.com\/es\/wp-json\/wp\/v2\/product_brand?post=26507"},{"taxonomy":"product_cat","embeddable":true,"href":"https:\/\/dibosch.com\/es\/wp-json\/wp\/v2\/product_cat?post=26507"},{"taxonomy":"product_tag","embeddable":true,"href":"https:\/\/dibosch.com\/es\/wp-json\/wp\/v2\/product_tag?post=26507"},{"taxonomy":"marcas","embeddable":true,"href":"https:\/\/dibosch.com\/es\/wp-json\/wp\/v2\/marcas?post=26507"},{"taxonomy":"certificats","embeddable":true,"href":"https:\/\/dibosch.com\/es\/wp-json\/wp\/v2\/certificats?post=26507"},{"taxonomy":"caracteristiques","embeddable":true,"href":"https:\/\/dibosch.com\/es\/wp-json\/wp\/v2\/caracteristiques?post=26507"},{"taxonomy":"tipus-productes","embeddable":true,"href":"https:\/\/dibosch.com\/es\/wp-json\/wp\/v2\/tipus-productes?post=26507"},{"taxonomy":"zona-aplicacio","embeddable":true,"href":"https:\/\/dibosch.com\/es\/wp-json\/wp\/v2\/zona-aplicacio?post=26507"},{"taxonomy":"tipus-maquinaria","embeddable":true,"href":"https:\/\/dibosch.com\/es\/wp-json\/wp\/v2\/tipus-maquinaria?post=26507"}],"curies":[{"name":"wp","href":"https:\/\/api.w.org\/{rel}","templated":true}]}}