{"id":26511,"date":"2024-03-09T10:15:07","date_gmt":"2024-03-09T10:15:07","guid":{"rendered":"https:\/\/dibosch.com\/?post_type=product&#038;p=26511"},"modified":"2024-03-09T10:18:09","modified_gmt":"2024-03-09T10:18:09","slug":"aspirador-301-torch-delfin","status":"publish","type":"product","link":"https:\/\/dibosch.com\/es\/producto\/aspirador-301-torch-delfin\/","title":{"rendered":"ASPIRADOR 301 TORCH &#8211; DELFIN"},"content":{"rendered":"<p>TORCH es un aspirador industrial compacto y f\u00e1cil de llevar. Dise\u00f1ado para eliminar los humos de soldadura de la fuente, manteniendo la concentraci\u00f3n de polvo fino dentro de los l\u00edmites legales.<br \/>\nLa aspiraci\u00f3n de humos de soldadura en un taller mec\u00e1nico contribuye significativamente a mejorar el ambiente de trabajo, particularmente cuando se aplica directamente a la fuente. El origen de extracci\u00f3n contin\u00faa siendo el m\u00e9todo m\u00e1s eficaz para capturar los humos de soldadura, puesto que esta es la mejor manera de proteger la salud del soldador. Torch 301 est\u00e1 equipado con un arranque autom\u00e1tico \/ parado del dispositivo que permite la conexi\u00f3n y la desconexi\u00f3n de la m\u00e1quina sin que el soldador tenga que tomar ning\u00fan tipo de acci\u00f3n, si no utilizar el soplete de soldadura.<\/p>\n<p><strong>VENTAJAS<\/strong><\/p>\n<p>Compacto y m\u00f3vil<br \/>\nF\u00e1cil sustituci\u00f3n del filtro<br \/>\nPosibilitado de aspiraci\u00f3n local gracias a un brazo articulado<br \/>\nAspiraci\u00f3n directa de la antorcha de soldadura MEDIO \/ MAGO<\/p>\n<p><strong>CARACTER\u00cdSTICAS T\u00c9CNICAS 301 TORCH<\/strong><\/p>\n<p><strong>Alimentaci\u00f3n<\/strong> 230 &#8211; 50 1~ V-Hz<br \/>\n<strong>Potencia<\/strong> 1,15 kW<br \/>\n<strong>Depresi\u00f3n m\u00e1xima<\/strong> 2500 mm H\u2082O<br \/>\n<strong>Caudal de aire m\u00e1ximo<\/strong> 180 m\u00b3\/h<br \/>\n<strong>Di\u00e1metro de aspiraci\u00f3n<\/strong> 50 mm<br \/>\n<strong>Nivel de ruido<\/strong> 74 dB(A)<br \/>\n<strong>Prefiltro<\/strong> Filtro anti-chispa<br \/>\n<strong>Tipo de filtro<\/strong> Cartucho<br \/>\n<strong>Superficie &#8211; di\u00e1metro<\/strong> 7500 &#8211; 245 cm\u00b2-mm<br \/>\n<strong>Sistema de limpieza<\/strong> Dustop<br \/>\n<strong>Medio filtrante &#8211; Clase<\/strong> Poliester- M IEC 60335-2-69<br \/>\n<strong>Capacidad<\/strong> 13 l<br \/>\n<strong>Dimensiones<\/strong> 40x50x86h cm<br \/>\n<strong>Peso<\/strong> 25 kg<\/p>\n","protected":false},"excerpt":{"rendered":"<p>TORCH es un aspirador industrial compacto y f\u00e1cil de llevar. Dise\u00f1ado para eliminar los humos de soldadura de la fuente, manteniendo la concentraci\u00f3n de polvo fino dentro de los l\u00edmites legales. La aspiraci\u00f3n de humos de soldadura en un taller mec\u00e1nico contribuye significativamente a mejorar el ambiente de trabajo, particularmente cuando se aplica directamente a [&hellip;]<\/p>\n","protected":false},"featured_media":26510,"comment_status":"closed","ping_status":"closed","template":"","meta":[],"product_brand":[],"product_cat":[1174,1165,1188,578],"product_tag":[],"marcas":[915],"certificats":[],"caracteristiques":[],"tipus-productes":[],"zona-aplicacio":[949],"tipus-maquinaria":[],"class_list":{"0":"post-26511","1":"product","2":"type-product","3":"status-publish","4":"has-post-thumbnail","6":"product_cat-aspirador-industrial-polvo-fino","7":"product_cat-aspirador-de-polvo-liquido-industrial","8":"product_cat-aspiradores-delfin","9":"product_cat-aspiradores-industriales","10":"marcas-delfin-es","11":"zona-aplicacio-zona-produccion-y-talleres","13":"first","14":"instock","15":"shipping-taxable","16":"product-type-simple"},"_links":{"self":[{"href":"https:\/\/dibosch.com\/es\/wp-json\/wp\/v2\/product\/26511","targetHints":{"allow":["GET"]}}],"collection":[{"href":"https:\/\/dibosch.com\/es\/wp-json\/wp\/v2\/product"}],"about":[{"href":"https:\/\/dibosch.com\/es\/wp-json\/wp\/v2\/types\/product"}],"replies":[{"embeddable":true,"href":"https:\/\/dibosch.com\/es\/wp-json\/wp\/v2\/comments?post=26511"}],"wp:featuredmedia":[{"embeddable":true,"href":"https:\/\/dibosch.com\/es\/wp-json\/wp\/v2\/media\/26510"}],"wp:attachment":[{"href":"https:\/\/dibosch.com\/es\/wp-json\/wp\/v2\/media?parent=26511"}],"wp:term":[{"taxonomy":"product_brand","embeddable":true,"href":"https:\/\/dibosch.com\/es\/wp-json\/wp\/v2\/product_brand?post=26511"},{"taxonomy":"product_cat","embeddable":true,"href":"https:\/\/dibosch.com\/es\/wp-json\/wp\/v2\/product_cat?post=26511"},{"taxonomy":"product_tag","embeddable":true,"href":"https:\/\/dibosch.com\/es\/wp-json\/wp\/v2\/product_tag?post=26511"},{"taxonomy":"marcas","embeddable":true,"href":"https:\/\/dibosch.com\/es\/wp-json\/wp\/v2\/marcas?post=26511"},{"taxonomy":"certificats","embeddable":true,"href":"https:\/\/dibosch.com\/es\/wp-json\/wp\/v2\/certificats?post=26511"},{"taxonomy":"caracteristiques","embeddable":true,"href":"https:\/\/dibosch.com\/es\/wp-json\/wp\/v2\/caracteristiques?post=26511"},{"taxonomy":"tipus-productes","embeddable":true,"href":"https:\/\/dibosch.com\/es\/wp-json\/wp\/v2\/tipus-productes?post=26511"},{"taxonomy":"zona-aplicacio","embeddable":true,"href":"https:\/\/dibosch.com\/es\/wp-json\/wp\/v2\/zona-aplicacio?post=26511"},{"taxonomy":"tipus-maquinaria","embeddable":true,"href":"https:\/\/dibosch.com\/es\/wp-json\/wp\/v2\/tipus-maquinaria?post=26511"}],"curies":[{"name":"wp","href":"https:\/\/api.w.org\/{rel}","templated":true}]}}