{"id":27134,"date":"2024-05-30T12:47:33","date_gmt":"2024-05-30T12:47:33","guid":{"rendered":"https:\/\/dibosch.com\/?post_type=product&#038;p=27134"},"modified":"2025-09-24T10:42:58","modified_gmt":"2025-09-24T10:42:58","slug":"recogedor-b-fly-verd-s020540-tts","status":"publish","type":"product","link":"https:\/\/dibosch.com\/es\/producto\/recogedor-b-fly-verd-s020540-tts\/","title":{"rendered":"RECOGEDOR B-FLY VERD S020540  &#8211; TTS"},"content":{"rendered":"<p><strong>Caracter\u00edsticas del producto:<\/strong><\/p>\n<p>Recogedor B-Fly con mango de aluminio y empu\u00f1adura ergon\u00f3mica plegable con clip porta mangos incluido, con 10 bolsas 50&#215;60 cm<\/p>\n<p>Sistema de recogedor y harag\u00e1n recogedor para recoger la suciedad tanto s\u00f3lida como l\u00edquida<\/p>\n<p>Compatible con todas las bolsas<\/p>\n<p>Eficaz: perfil de goma que adhiere perfectamente a cualquier suelo<\/p>\n<p>Higi\u00e9nico: la goma de c\u00e9lula cerrada evita que la suciedad y las bacterias se depositen<\/p>\n","protected":false},"excerpt":{"rendered":"<p>Caracter\u00edsticas del producto: Recogedor B-Fly con mango de aluminio y empu\u00f1adura ergon\u00f3mica plegable con clip porta mangos incluido, con 10 bolsas 50&#215;60 cm Sistema de recogedor y harag\u00e1n recogedor para recoger la suciedad tanto s\u00f3lida como l\u00edquida Compatible con todas las bolsas Eficaz: perfil de goma que adhiere perfectamente a cualquier suelo Higi\u00e9nico: la goma [&hellip;]<\/p>\n","protected":false},"featured_media":27133,"comment_status":"closed","ping_status":"closed","template":"","meta":[],"product_brand":[],"product_cat":[684,793,713],"product_tag":[],"marcas":[917],"certificats":[],"caracteristiques":[],"tipus-productes":[],"zona-aplicacio":[],"tipus-maquinaria":[],"class_list":{"0":"post-27134","1":"product","2":"type-product","3":"status-publish","4":"has-post-thumbnail","6":"product_cat-utiles-de-limpieza","7":"product_cat-recogedores-y-palas","8":"product_cat-utensilios","9":"marcas-tts-es","11":"first","12":"instock","13":"shipping-taxable","14":"product-type-simple"},"_links":{"self":[{"href":"https:\/\/dibosch.com\/es\/wp-json\/wp\/v2\/product\/27134","targetHints":{"allow":["GET"]}}],"collection":[{"href":"https:\/\/dibosch.com\/es\/wp-json\/wp\/v2\/product"}],"about":[{"href":"https:\/\/dibosch.com\/es\/wp-json\/wp\/v2\/types\/product"}],"replies":[{"embeddable":true,"href":"https:\/\/dibosch.com\/es\/wp-json\/wp\/v2\/comments?post=27134"}],"wp:featuredmedia":[{"embeddable":true,"href":"https:\/\/dibosch.com\/es\/wp-json\/wp\/v2\/media\/27133"}],"wp:attachment":[{"href":"https:\/\/dibosch.com\/es\/wp-json\/wp\/v2\/media?parent=27134"}],"wp:term":[{"taxonomy":"product_brand","embeddable":true,"href":"https:\/\/dibosch.com\/es\/wp-json\/wp\/v2\/product_brand?post=27134"},{"taxonomy":"product_cat","embeddable":true,"href":"https:\/\/dibosch.com\/es\/wp-json\/wp\/v2\/product_cat?post=27134"},{"taxonomy":"product_tag","embeddable":true,"href":"https:\/\/dibosch.com\/es\/wp-json\/wp\/v2\/product_tag?post=27134"},{"taxonomy":"marcas","embeddable":true,"href":"https:\/\/dibosch.com\/es\/wp-json\/wp\/v2\/marcas?post=27134"},{"taxonomy":"certificats","embeddable":true,"href":"https:\/\/dibosch.com\/es\/wp-json\/wp\/v2\/certificats?post=27134"},{"taxonomy":"caracteristiques","embeddable":true,"href":"https:\/\/dibosch.com\/es\/wp-json\/wp\/v2\/caracteristiques?post=27134"},{"taxonomy":"tipus-productes","embeddable":true,"href":"https:\/\/dibosch.com\/es\/wp-json\/wp\/v2\/tipus-productes?post=27134"},{"taxonomy":"zona-aplicacio","embeddable":true,"href":"https:\/\/dibosch.com\/es\/wp-json\/wp\/v2\/zona-aplicacio?post=27134"},{"taxonomy":"tipus-maquinaria","embeddable":true,"href":"https:\/\/dibosch.com\/es\/wp-json\/wp\/v2\/tipus-maquinaria?post=27134"}],"curies":[{"name":"wp","href":"https:\/\/api.w.org\/{rel}","templated":true}]}}