{"id":27142,"date":"2024-05-30T13:07:26","date_gmt":"2024-05-30T13:07:26","guid":{"rendered":"https:\/\/dibosch.com\/?post_type=product&#038;p=27142"},"modified":"2024-05-30T13:08:01","modified_gmt":"2024-05-30T13:08:01","slug":"contenedor-higiene-femenina-18l-pp3018b-mediclinics","status":"publish","type":"product","link":"https:\/\/dibosch.com\/es\/producto\/contenedor-higiene-femenina-18l-pp3018b-mediclinics\/","title":{"rendered":"CONTENEDOR HIGIENE FEMENINA 18L PP3018B &#8211; MEDICLINICS"},"content":{"rendered":"<p><strong>Caracter\u00edsticas del producto:<\/strong><\/p>\n<p>Contenedor de higiene femenina de accionamiento manual de 18 L de capacidad, fabricado con acero inoxidable AISI 430, de 0,8 mm de espesor.<\/p>\n<p>Cabezal del contenedor extra\u00edble, con tapa basculante de cierre autom\u00e1tico, con asa y dep\u00f3sito recoge-residuos integrado, para la eliminaci\u00f3n discreta de art\u00edculos de higiene. Dise\u00f1ado especialmente para impedir la visualizaci\u00f3n del contenido.<\/p>\n<p>Apto tambi\u00e9n para depositar los pa\u00f1ales utilizados, tanto de beb\u00e9s, como de personas adultas.<\/p>\n","protected":false},"excerpt":{"rendered":"<p>Caracter\u00edsticas del producto: Contenedor de higiene femenina de accionamiento manual de 18 L de capacidad, fabricado con acero inoxidable AISI 430, de 0,8 mm de espesor. Cabezal del contenedor extra\u00edble, con tapa basculante de cierre autom\u00e1tico, con asa y dep\u00f3sito recoge-residuos integrado, para la eliminaci\u00f3n discreta de art\u00edculos de higiene. Dise\u00f1ado especialmente para impedir la [&hellip;]<\/p>\n","protected":false},"featured_media":27141,"comment_status":"closed","ping_status":"closed","template":"","meta":[],"product_brand":[],"product_cat":[723,724,684],"product_tag":[],"marcas":[920],"certificats":[],"caracteristiques":[],"tipus-productes":[],"zona-aplicacio":[],"tipus-maquinaria":[],"class_list":{"0":"post-27142","1":"product","2":"type-product","3":"status-publish","4":"has-post-thumbnail","6":"product_cat-gestion-de-residuos","7":"product_cat-papeleras-50","8":"product_cat-utiles-de-limpieza","9":"marcas-mediclinics-es","11":"first","12":"instock","13":"shipping-taxable","14":"product-type-simple"},"_links":{"self":[{"href":"https:\/\/dibosch.com\/es\/wp-json\/wp\/v2\/product\/27142","targetHints":{"allow":["GET"]}}],"collection":[{"href":"https:\/\/dibosch.com\/es\/wp-json\/wp\/v2\/product"}],"about":[{"href":"https:\/\/dibosch.com\/es\/wp-json\/wp\/v2\/types\/product"}],"replies":[{"embeddable":true,"href":"https:\/\/dibosch.com\/es\/wp-json\/wp\/v2\/comments?post=27142"}],"wp:featuredmedia":[{"embeddable":true,"href":"https:\/\/dibosch.com\/es\/wp-json\/wp\/v2\/media\/27141"}],"wp:attachment":[{"href":"https:\/\/dibosch.com\/es\/wp-json\/wp\/v2\/media?parent=27142"}],"wp:term":[{"taxonomy":"product_brand","embeddable":true,"href":"https:\/\/dibosch.com\/es\/wp-json\/wp\/v2\/product_brand?post=27142"},{"taxonomy":"product_cat","embeddable":true,"href":"https:\/\/dibosch.com\/es\/wp-json\/wp\/v2\/product_cat?post=27142"},{"taxonomy":"product_tag","embeddable":true,"href":"https:\/\/dibosch.com\/es\/wp-json\/wp\/v2\/product_tag?post=27142"},{"taxonomy":"marcas","embeddable":true,"href":"https:\/\/dibosch.com\/es\/wp-json\/wp\/v2\/marcas?post=27142"},{"taxonomy":"certificats","embeddable":true,"href":"https:\/\/dibosch.com\/es\/wp-json\/wp\/v2\/certificats?post=27142"},{"taxonomy":"caracteristiques","embeddable":true,"href":"https:\/\/dibosch.com\/es\/wp-json\/wp\/v2\/caracteristiques?post=27142"},{"taxonomy":"tipus-productes","embeddable":true,"href":"https:\/\/dibosch.com\/es\/wp-json\/wp\/v2\/tipus-productes?post=27142"},{"taxonomy":"zona-aplicacio","embeddable":true,"href":"https:\/\/dibosch.com\/es\/wp-json\/wp\/v2\/zona-aplicacio?post=27142"},{"taxonomy":"tipus-maquinaria","embeddable":true,"href":"https:\/\/dibosch.com\/es\/wp-json\/wp\/v2\/tipus-maquinaria?post=27142"}],"curies":[{"name":"wp","href":"https:\/\/api.w.org\/{rel}","templated":true}]}}