{"id":27146,"date":"2024-05-30T13:09:32","date_gmt":"2024-05-30T13:09:32","guid":{"rendered":"https:\/\/dibosch.com\/?post_type=product&#038;p=27146"},"modified":"2024-05-30T13:11:01","modified_gmt":"2024-05-30T13:11:01","slug":"papelera-40lt-abierta-epoxi-negro-ppa4279b-mediclinics","status":"publish","type":"product","link":"https:\/\/dibosch.com\/es\/producto\/papelera-40lt-abierta-epoxi-negro-ppa4279b-mediclinics\/","title":{"rendered":"PAPELERA 40LT ABIERTA EPOXI NEGRO PPA4279B &#8211; MEDICLINICS"},"content":{"rendered":"<p><strong>Caracter\u00edsticas del producto:<\/strong><\/p>\n<p>Papelera met\u00e1lica de interior con aro de pl\u00e1stico basculante para sujetar la bolsa de basura, de 40 litros de capacidad.<\/p>\n<p>Con un dise\u00f1o atractivo y robusto, esta papelera es moderna y elegante, a la vez que muy resistente y funcional.<\/p>\n<p>Totalmente soldada, con las esquinas de trazo continuo y libre de rebabas y zonas cortantes.<\/p>\n","protected":false},"excerpt":{"rendered":"<p>Caracter\u00edsticas del producto: Papelera met\u00e1lica de interior con aro de pl\u00e1stico basculante para sujetar la bolsa de basura, de 40 litros de capacidad. Con un dise\u00f1o atractivo y robusto, esta papelera es moderna y elegante, a la vez que muy resistente y funcional. Totalmente soldada, con las esquinas de trazo continuo y libre de rebabas [&hellip;]<\/p>\n","protected":false},"featured_media":27145,"comment_status":"closed","ping_status":"closed","template":"","meta":[],"product_brand":[],"product_cat":[723,724,684],"product_tag":[],"marcas":[920],"certificats":[],"caracteristiques":[],"tipus-productes":[],"zona-aplicacio":[],"tipus-maquinaria":[],"class_list":{"0":"post-27146","1":"product","2":"type-product","3":"status-publish","4":"has-post-thumbnail","6":"product_cat-gestion-de-residuos","7":"product_cat-papeleras-50","8":"product_cat-utiles-de-limpieza","9":"marcas-mediclinics-es","11":"first","12":"instock","13":"shipping-taxable","14":"product-type-simple"},"_links":{"self":[{"href":"https:\/\/dibosch.com\/es\/wp-json\/wp\/v2\/product\/27146","targetHints":{"allow":["GET"]}}],"collection":[{"href":"https:\/\/dibosch.com\/es\/wp-json\/wp\/v2\/product"}],"about":[{"href":"https:\/\/dibosch.com\/es\/wp-json\/wp\/v2\/types\/product"}],"replies":[{"embeddable":true,"href":"https:\/\/dibosch.com\/es\/wp-json\/wp\/v2\/comments?post=27146"}],"wp:featuredmedia":[{"embeddable":true,"href":"https:\/\/dibosch.com\/es\/wp-json\/wp\/v2\/media\/27145"}],"wp:attachment":[{"href":"https:\/\/dibosch.com\/es\/wp-json\/wp\/v2\/media?parent=27146"}],"wp:term":[{"taxonomy":"product_brand","embeddable":true,"href":"https:\/\/dibosch.com\/es\/wp-json\/wp\/v2\/product_brand?post=27146"},{"taxonomy":"product_cat","embeddable":true,"href":"https:\/\/dibosch.com\/es\/wp-json\/wp\/v2\/product_cat?post=27146"},{"taxonomy":"product_tag","embeddable":true,"href":"https:\/\/dibosch.com\/es\/wp-json\/wp\/v2\/product_tag?post=27146"},{"taxonomy":"marcas","embeddable":true,"href":"https:\/\/dibosch.com\/es\/wp-json\/wp\/v2\/marcas?post=27146"},{"taxonomy":"certificats","embeddable":true,"href":"https:\/\/dibosch.com\/es\/wp-json\/wp\/v2\/certificats?post=27146"},{"taxonomy":"caracteristiques","embeddable":true,"href":"https:\/\/dibosch.com\/es\/wp-json\/wp\/v2\/caracteristiques?post=27146"},{"taxonomy":"tipus-productes","embeddable":true,"href":"https:\/\/dibosch.com\/es\/wp-json\/wp\/v2\/tipus-productes?post=27146"},{"taxonomy":"zona-aplicacio","embeddable":true,"href":"https:\/\/dibosch.com\/es\/wp-json\/wp\/v2\/zona-aplicacio?post=27146"},{"taxonomy":"tipus-maquinaria","embeddable":true,"href":"https:\/\/dibosch.com\/es\/wp-json\/wp\/v2\/tipus-maquinaria?post=27146"}],"curies":[{"name":"wp","href":"https:\/\/api.w.org\/{rel}","templated":true}]}}