{"id":27152,"date":"2024-05-30T13:13:09","date_gmt":"2024-05-30T13:13:09","guid":{"rendered":"https:\/\/dibosch.com\/?post_type=product&#038;p=27152"},"modified":"2024-05-30T13:13:58","modified_gmt":"2024-05-30T13:13:58","slug":"portarollos-2-rollos-acero-epoxi-negro-mate-pr2784b-mediclinics","status":"publish","type":"product","link":"https:\/\/dibosch.com\/es\/producto\/portarollos-2-rollos-acero-epoxi-negro-mate-pr2784b-mediclinics\/","title":{"rendered":"PORTAROLLOS 2 ROLLOS ACERO EPOXI NEGRO MATE PR2784B &#8211; MEDICLINICS"},"content":{"rendered":"<p><strong>Caracter\u00edsticas del producto:<\/strong><\/p>\n<p>Dispensador de papel higi\u00e9nico de doble rollo, para montar en pared.<\/p>\n<p>Dise\u00f1o adecuado para una sencilla integraci\u00f3n en el ba\u00f1o<\/p>\n<p>Modelo de elevada resistencia y durabilidad, anti vand\u00e1lico.<\/p>\n<p>Color negro<\/p>\n","protected":false},"excerpt":{"rendered":"<p>Caracter\u00edsticas del producto: Dispensador de papel higi\u00e9nico de doble rollo, para montar en pared. Dise\u00f1o adecuado para una sencilla integraci\u00f3n en el ba\u00f1o Modelo de elevada resistencia y durabilidad, anti vand\u00e1lico. Color negro<\/p>\n","protected":false},"featured_media":27151,"comment_status":"closed","ping_status":"closed","template":"","meta":[],"product_brand":[],"product_cat":[709,687],"product_tag":[],"marcas":[920],"certificats":[],"caracteristiques":[],"tipus-productes":[],"zona-aplicacio":[],"tipus-maquinaria":[],"class_list":{"0":"post-27152","1":"product","2":"type-product","3":"status-publish","4":"has-post-thumbnail","6":"product_cat-dispensadores-de-papel-higienico","7":"product_cat-equipamientos","8":"marcas-mediclinics-es","10":"first","11":"instock","12":"shipping-taxable","13":"product-type-simple"},"_links":{"self":[{"href":"https:\/\/dibosch.com\/es\/wp-json\/wp\/v2\/product\/27152","targetHints":{"allow":["GET"]}}],"collection":[{"href":"https:\/\/dibosch.com\/es\/wp-json\/wp\/v2\/product"}],"about":[{"href":"https:\/\/dibosch.com\/es\/wp-json\/wp\/v2\/types\/product"}],"replies":[{"embeddable":true,"href":"https:\/\/dibosch.com\/es\/wp-json\/wp\/v2\/comments?post=27152"}],"wp:featuredmedia":[{"embeddable":true,"href":"https:\/\/dibosch.com\/es\/wp-json\/wp\/v2\/media\/27151"}],"wp:attachment":[{"href":"https:\/\/dibosch.com\/es\/wp-json\/wp\/v2\/media?parent=27152"}],"wp:term":[{"taxonomy":"product_brand","embeddable":true,"href":"https:\/\/dibosch.com\/es\/wp-json\/wp\/v2\/product_brand?post=27152"},{"taxonomy":"product_cat","embeddable":true,"href":"https:\/\/dibosch.com\/es\/wp-json\/wp\/v2\/product_cat?post=27152"},{"taxonomy":"product_tag","embeddable":true,"href":"https:\/\/dibosch.com\/es\/wp-json\/wp\/v2\/product_tag?post=27152"},{"taxonomy":"marcas","embeddable":true,"href":"https:\/\/dibosch.com\/es\/wp-json\/wp\/v2\/marcas?post=27152"},{"taxonomy":"certificats","embeddable":true,"href":"https:\/\/dibosch.com\/es\/wp-json\/wp\/v2\/certificats?post=27152"},{"taxonomy":"caracteristiques","embeddable":true,"href":"https:\/\/dibosch.com\/es\/wp-json\/wp\/v2\/caracteristiques?post=27152"},{"taxonomy":"tipus-productes","embeddable":true,"href":"https:\/\/dibosch.com\/es\/wp-json\/wp\/v2\/tipus-productes?post=27152"},{"taxonomy":"zona-aplicacio","embeddable":true,"href":"https:\/\/dibosch.com\/es\/wp-json\/wp\/v2\/zona-aplicacio?post=27152"},{"taxonomy":"tipus-maquinaria","embeddable":true,"href":"https:\/\/dibosch.com\/es\/wp-json\/wp\/v2\/tipus-maquinaria?post=27152"}],"curies":[{"name":"wp","href":"https:\/\/api.w.org\/{rel}","templated":true}]}}