{"id":27167,"date":"2024-05-30T14:19:37","date_gmt":"2024-05-30T14:19:37","guid":{"rendered":"https:\/\/dibosch.com\/?post_type=product&#038;p=27167"},"modified":"2024-05-30T14:20:07","modified_gmt":"2024-05-30T14:20:07","slug":"fd-di-britestar-vc12-bp20","status":"publish","type":"product","link":"https:\/\/dibosch.com\/es\/producto\/fd-di-britestar-vc12-bp20\/","title":{"rendered":"FD- DI BRITESTAR VC12 BP20 &#8211; DIVERSEY"},"content":{"rendered":"<p><strong>Caracter\u00edsticas del producto:<\/strong><\/p>\n<p>Detergente c\u00e1ustico l\u00edquido, antiespumante y de baja congelaci\u00f3n par CIP, lavado de botellas y otras aplicaciones de lavado a presi\u00f3n.<\/p>\n<p>Muy eficaz para eliminar una amplia gama de suciedad org\u00e1nica, inhibici\u00f3n de incrustaciones y control de espuma para el lavado de botellas.<\/p>\n","protected":false},"excerpt":{"rendered":"<p>Caracter\u00edsticas del producto: Detergente c\u00e1ustico l\u00edquido, antiespumante y de baja congelaci\u00f3n par CIP, lavado de botellas y otras aplicaciones de lavado a presi\u00f3n. Muy eficaz para eliminar una amplia gama de suciedad org\u00e1nica, inhibici\u00f3n de incrustaciones y control de espuma para el lavado de botellas.<\/p>\n","protected":false},"featured_media":27168,"comment_status":"closed","ping_status":"closed","template":"","meta":[],"product_brand":[],"product_cat":[715,773,689],"product_tag":[],"marcas":[919],"certificats":[],"caracteristiques":[],"tipus-productes":[],"zona-aplicacio":[],"tipus-maquinaria":[],"class_list":{"0":"post-27167","1":"product","2":"type-product","3":"status-publish","4":"has-post-thumbnail","6":"product_cat-especificos-para-industria-alimentaria","7":"product_cat-alcalinos-no-espumante-cip","8":"product_cat-productos-de-limpieza","9":"marcas-diversey-es","11":"first","12":"instock","13":"shipping-taxable","14":"product-type-simple"},"_links":{"self":[{"href":"https:\/\/dibosch.com\/es\/wp-json\/wp\/v2\/product\/27167","targetHints":{"allow":["GET"]}}],"collection":[{"href":"https:\/\/dibosch.com\/es\/wp-json\/wp\/v2\/product"}],"about":[{"href":"https:\/\/dibosch.com\/es\/wp-json\/wp\/v2\/types\/product"}],"replies":[{"embeddable":true,"href":"https:\/\/dibosch.com\/es\/wp-json\/wp\/v2\/comments?post=27167"}],"wp:featuredmedia":[{"embeddable":true,"href":"https:\/\/dibosch.com\/es\/wp-json\/wp\/v2\/media\/27168"}],"wp:attachment":[{"href":"https:\/\/dibosch.com\/es\/wp-json\/wp\/v2\/media?parent=27167"}],"wp:term":[{"taxonomy":"product_brand","embeddable":true,"href":"https:\/\/dibosch.com\/es\/wp-json\/wp\/v2\/product_brand?post=27167"},{"taxonomy":"product_cat","embeddable":true,"href":"https:\/\/dibosch.com\/es\/wp-json\/wp\/v2\/product_cat?post=27167"},{"taxonomy":"product_tag","embeddable":true,"href":"https:\/\/dibosch.com\/es\/wp-json\/wp\/v2\/product_tag?post=27167"},{"taxonomy":"marcas","embeddable":true,"href":"https:\/\/dibosch.com\/es\/wp-json\/wp\/v2\/marcas?post=27167"},{"taxonomy":"certificats","embeddable":true,"href":"https:\/\/dibosch.com\/es\/wp-json\/wp\/v2\/certificats?post=27167"},{"taxonomy":"caracteristiques","embeddable":true,"href":"https:\/\/dibosch.com\/es\/wp-json\/wp\/v2\/caracteristiques?post=27167"},{"taxonomy":"tipus-productes","embeddable":true,"href":"https:\/\/dibosch.com\/es\/wp-json\/wp\/v2\/tipus-productes?post=27167"},{"taxonomy":"zona-aplicacio","embeddable":true,"href":"https:\/\/dibosch.com\/es\/wp-json\/wp\/v2\/zona-aplicacio?post=27167"},{"taxonomy":"tipus-maquinaria","embeddable":true,"href":"https:\/\/dibosch.com\/es\/wp-json\/wp\/v2\/tipus-maquinaria?post=27167"}],"curies":[{"name":"wp","href":"https:\/\/api.w.org\/{rel}","templated":true}]}}