{"id":27182,"date":"2024-05-30T14:27:42","date_gmt":"2024-05-30T14:27:42","guid":{"rendered":"https:\/\/dibosch.com\/?post_type=product&#038;p=27182"},"modified":"2024-05-30T14:28:25","modified_gmt":"2024-05-30T14:28:25","slug":"sphere-intense-bp20-induquim","status":"publish","type":"product","link":"https:\/\/dibosch.com\/es\/producto\/sphere-intense-bp20-induquim\/","title":{"rendered":"SPHERE INTENSE BP20 &#8211; INDUQUIM"},"content":{"rendered":"<p><strong>Caracter\u00edsticas del producto:<\/strong><\/p>\n<p>Nuevo suavizante de \u00faltima generaci\u00f3n que perfuma la ropa con una envolvente y delicada fragancia fresca y muy duradera.<\/p>\n<p>Para el desarrollo del suavizante, se ha utilizado una nueva tecnolog\u00eda basada en micro-c\u00e1psulas de perfume que se adhieren a los tejidos tratados en el proceso de lavado.<\/p>\n<p>Dichas micro-c\u00e1psulas est\u00e1n rellenas de aceites esenciales que se liberan por medio de acci\u00f3n mec\u00e1nica o t\u00e9rmica una vez seca la ropa.<\/p>\n<p>Con esta tecnolog\u00eda conseguimos que la ropa tenga perfume mucho m\u00e1s tiempo de una manera progresiva.<\/p>\n","protected":false},"excerpt":{"rendered":"<p>Caracter\u00edsticas del producto: Nuevo suavizante de \u00faltima generaci\u00f3n que perfuma la ropa con una envolvente y delicada fragancia fresca y muy duradera. Para el desarrollo del suavizante, se ha utilizado una nueva tecnolog\u00eda basada en micro-c\u00e1psulas de perfume que se adhieren a los tejidos tratados en el proceso de lavado. Dichas micro-c\u00e1psulas est\u00e1n rellenas de [&hellip;]<\/p>\n","protected":false},"featured_media":27181,"comment_status":"closed","ping_status":"closed","template":"","meta":[],"product_brand":[],"product_cat":[690,689,712],"product_tag":[],"marcas":[918],"certificats":[],"caracteristiques":[],"tipus-productes":[],"zona-aplicacio":[],"tipus-maquinaria":[],"class_list":{"0":"post-27182","1":"product","2":"type-product","3":"status-publish","4":"has-post-thumbnail","6":"product_cat-especificos-para-lavanderia","7":"product_cat-productos-de-limpieza","8":"product_cat-suavizantes","9":"marcas-induquim-es","11":"first","12":"instock","13":"shipping-taxable","14":"product-type-simple"},"_links":{"self":[{"href":"https:\/\/dibosch.com\/es\/wp-json\/wp\/v2\/product\/27182","targetHints":{"allow":["GET"]}}],"collection":[{"href":"https:\/\/dibosch.com\/es\/wp-json\/wp\/v2\/product"}],"about":[{"href":"https:\/\/dibosch.com\/es\/wp-json\/wp\/v2\/types\/product"}],"replies":[{"embeddable":true,"href":"https:\/\/dibosch.com\/es\/wp-json\/wp\/v2\/comments?post=27182"}],"wp:featuredmedia":[{"embeddable":true,"href":"https:\/\/dibosch.com\/es\/wp-json\/wp\/v2\/media\/27181"}],"wp:attachment":[{"href":"https:\/\/dibosch.com\/es\/wp-json\/wp\/v2\/media?parent=27182"}],"wp:term":[{"taxonomy":"product_brand","embeddable":true,"href":"https:\/\/dibosch.com\/es\/wp-json\/wp\/v2\/product_brand?post=27182"},{"taxonomy":"product_cat","embeddable":true,"href":"https:\/\/dibosch.com\/es\/wp-json\/wp\/v2\/product_cat?post=27182"},{"taxonomy":"product_tag","embeddable":true,"href":"https:\/\/dibosch.com\/es\/wp-json\/wp\/v2\/product_tag?post=27182"},{"taxonomy":"marcas","embeddable":true,"href":"https:\/\/dibosch.com\/es\/wp-json\/wp\/v2\/marcas?post=27182"},{"taxonomy":"certificats","embeddable":true,"href":"https:\/\/dibosch.com\/es\/wp-json\/wp\/v2\/certificats?post=27182"},{"taxonomy":"caracteristiques","embeddable":true,"href":"https:\/\/dibosch.com\/es\/wp-json\/wp\/v2\/caracteristiques?post=27182"},{"taxonomy":"tipus-productes","embeddable":true,"href":"https:\/\/dibosch.com\/es\/wp-json\/wp\/v2\/tipus-productes?post=27182"},{"taxonomy":"zona-aplicacio","embeddable":true,"href":"https:\/\/dibosch.com\/es\/wp-json\/wp\/v2\/zona-aplicacio?post=27182"},{"taxonomy":"tipus-maquinaria","embeddable":true,"href":"https:\/\/dibosch.com\/es\/wp-json\/wp\/v2\/tipus-maquinaria?post=27182"}],"curies":[{"name":"wp","href":"https:\/\/api.w.org\/{rel}","templated":true}]}}