{"id":27202,"date":"2024-05-31T12:43:18","date_gmt":"2024-05-31T12:43:18","guid":{"rendered":"https:\/\/dibosch.com\/?post_type=product&#038;p=27202"},"modified":"2025-09-24T09:43:07","modified_gmt":"2025-09-24T09:43:07","slug":"m-aquagen-mgt-bp5-sucitesa","status":"publish","type":"product","link":"https:\/\/dibosch.com\/es\/producto\/m-aquagen-mgt-bp5-sucitesa\/","title":{"rendered":"AQUAGEN MGT BP5 &#8211; SUCITESA"},"content":{"rendered":"<p><strong>Caracter\u00edsticas del producto:<\/strong><\/p>\n<p>Elimina la suciedad general con efecto ambientador.<\/p>\n<p>Realza y conserva el brillo original del suelo.<\/p>\n<p>Baja espuma. Efecto anticorrosivo.<\/p>\n<p>M\u00e1ximo tiempo de trabajo, sin interrupciones<\/p>\n<p><strong>Modo de empleo:<\/strong><\/p>\n<p>Dosificar 5-20 ml\/l de producto en el dep\u00f3sito del agua limpia.<br \/>\nProceder del modo habitual.<\/p>\n<p><strong>Indicado para:<\/strong><\/p>\n<p>Tierras: PVC, caucho, terrazo, m\u00e1rmol, cer\u00e1mica, baldosas y similares.<br \/>\nPavimentos de resina<\/p>\n","protected":false},"excerpt":{"rendered":"<p>Caracter\u00edsticas del producto: Elimina la suciedad general con efecto ambientador. Realza y conserva el brillo original del suelo. Baja espuma. Efecto anticorrosivo. M\u00e1ximo tiempo de trabajo, sin interrupciones Modo de empleo: Dosificar 5-20 ml\/l de producto en el dep\u00f3sito del agua limpia. Proceder del modo habitual. Indicado para: Tierras: PVC, caucho, terrazo, m\u00e1rmol, cer\u00e1mica, baldosas [&hellip;]<\/p>\n","protected":false},"featured_media":27201,"comment_status":"closed","ping_status":"closed","template":"","meta":[],"product_brand":[],"product_cat":[765,772],"product_tag":[],"marcas":[922],"certificats":[],"caracteristiques":[],"tipus-productes":[],"zona-aplicacio":[],"tipus-maquinaria":[],"class_list":{"0":"post-27202","1":"product","2":"type-product","3":"status-publish","4":"has-post-thumbnail","6":"product_cat-quimicos-maquinaria","7":"product_cat-limpieza-suelos","8":"marcas-sucitesa-es","10":"first","11":"instock","12":"shipping-taxable","13":"product-type-simple"},"_links":{"self":[{"href":"https:\/\/dibosch.com\/es\/wp-json\/wp\/v2\/product\/27202","targetHints":{"allow":["GET"]}}],"collection":[{"href":"https:\/\/dibosch.com\/es\/wp-json\/wp\/v2\/product"}],"about":[{"href":"https:\/\/dibosch.com\/es\/wp-json\/wp\/v2\/types\/product"}],"replies":[{"embeddable":true,"href":"https:\/\/dibosch.com\/es\/wp-json\/wp\/v2\/comments?post=27202"}],"wp:featuredmedia":[{"embeddable":true,"href":"https:\/\/dibosch.com\/es\/wp-json\/wp\/v2\/media\/27201"}],"wp:attachment":[{"href":"https:\/\/dibosch.com\/es\/wp-json\/wp\/v2\/media?parent=27202"}],"wp:term":[{"taxonomy":"product_brand","embeddable":true,"href":"https:\/\/dibosch.com\/es\/wp-json\/wp\/v2\/product_brand?post=27202"},{"taxonomy":"product_cat","embeddable":true,"href":"https:\/\/dibosch.com\/es\/wp-json\/wp\/v2\/product_cat?post=27202"},{"taxonomy":"product_tag","embeddable":true,"href":"https:\/\/dibosch.com\/es\/wp-json\/wp\/v2\/product_tag?post=27202"},{"taxonomy":"marcas","embeddable":true,"href":"https:\/\/dibosch.com\/es\/wp-json\/wp\/v2\/marcas?post=27202"},{"taxonomy":"certificats","embeddable":true,"href":"https:\/\/dibosch.com\/es\/wp-json\/wp\/v2\/certificats?post=27202"},{"taxonomy":"caracteristiques","embeddable":true,"href":"https:\/\/dibosch.com\/es\/wp-json\/wp\/v2\/caracteristiques?post=27202"},{"taxonomy":"tipus-productes","embeddable":true,"href":"https:\/\/dibosch.com\/es\/wp-json\/wp\/v2\/tipus-productes?post=27202"},{"taxonomy":"zona-aplicacio","embeddable":true,"href":"https:\/\/dibosch.com\/es\/wp-json\/wp\/v2\/zona-aplicacio?post=27202"},{"taxonomy":"tipus-maquinaria","embeddable":true,"href":"https:\/\/dibosch.com\/es\/wp-json\/wp\/v2\/tipus-maquinaria?post=27202"}],"curies":[{"name":"wp","href":"https:\/\/api.w.org\/{rel}","templated":true}]}}