{"id":27218,"date":"2024-05-31T12:58:39","date_gmt":"2024-05-31T12:58:39","guid":{"rendered":"https:\/\/dibosch.com\/?post_type=product&#038;p=27218"},"modified":"2024-07-04T06:29:24","modified_gmt":"2024-07-04T06:29:24","slug":"m-pad-bsb-duo-550mm-22-bonastre-system","status":"publish","type":"product","link":"https:\/\/dibosch.com\/es\/producto\/m-pad-bsb-duo-550mm-22-bonastre-system\/","title":{"rendered":"PAD BSB DUO 550mm 22&#8243; &#8211; BONASTRE SYSTEM"},"content":{"rendered":"<p><strong>Caracter\u00edstiques del producte:<\/strong><\/p>\n<p>Bonastre Duo \u00e9s un revolucionari disc ideal per al manteniment de s\u00f2ls amb fregadora.<\/p>\n<p>Amb un sol disc podr\u00e0s abrillantar i mantenir els teus s\u00f2ls sempre molt brillants.<\/p>\n<p>T\u00e9 una capacitat sorprenent de recuperaci\u00f3 de la lluentor, fins i tot en les zones d&#8217;alt trafico intens.<\/p>\n<p>Mesures: 550mm 22&#8243;<\/p>\n","protected":false},"excerpt":{"rendered":"<p>Caracter\u00edstiques del producte: Bonastre Duo \u00e9s un revolucionari disc ideal per al manteniment de s\u00f2ls amb fregadora. Amb un sol disc podr\u00e0s abrillantar i mantenir els teus s\u00f2ls sempre molt brillants. T\u00e9 una capacitat sorprenent de recuperaci\u00f3 de la lluentor, fins i tot en les zones d&#8217;alt trafico intens. Mesures: 550mm 22&#8243;<\/p>\n","protected":false},"featured_media":27217,"comment_status":"closed","ping_status":"closed","template":"","meta":[],"product_brand":[],"product_cat":[835],"product_tag":[],"marcas":[],"certificats":[],"caracteristiques":[],"tipus-productes":[],"zona-aplicacio":[],"tipus-maquinaria":[],"class_list":{"0":"post-27218","1":"product","2":"type-product","3":"status-publish","4":"has-post-thumbnail","6":"product_cat-cepillos-fregadoras","8":"first","9":"instock","10":"shipping-taxable","11":"product-type-simple"},"_links":{"self":[{"href":"https:\/\/dibosch.com\/es\/wp-json\/wp\/v2\/product\/27218","targetHints":{"allow":["GET"]}}],"collection":[{"href":"https:\/\/dibosch.com\/es\/wp-json\/wp\/v2\/product"}],"about":[{"href":"https:\/\/dibosch.com\/es\/wp-json\/wp\/v2\/types\/product"}],"replies":[{"embeddable":true,"href":"https:\/\/dibosch.com\/es\/wp-json\/wp\/v2\/comments?post=27218"}],"wp:featuredmedia":[{"embeddable":true,"href":"https:\/\/dibosch.com\/es\/wp-json\/wp\/v2\/media\/27217"}],"wp:attachment":[{"href":"https:\/\/dibosch.com\/es\/wp-json\/wp\/v2\/media?parent=27218"}],"wp:term":[{"taxonomy":"product_brand","embeddable":true,"href":"https:\/\/dibosch.com\/es\/wp-json\/wp\/v2\/product_brand?post=27218"},{"taxonomy":"product_cat","embeddable":true,"href":"https:\/\/dibosch.com\/es\/wp-json\/wp\/v2\/product_cat?post=27218"},{"taxonomy":"product_tag","embeddable":true,"href":"https:\/\/dibosch.com\/es\/wp-json\/wp\/v2\/product_tag?post=27218"},{"taxonomy":"marcas","embeddable":true,"href":"https:\/\/dibosch.com\/es\/wp-json\/wp\/v2\/marcas?post=27218"},{"taxonomy":"certificats","embeddable":true,"href":"https:\/\/dibosch.com\/es\/wp-json\/wp\/v2\/certificats?post=27218"},{"taxonomy":"caracteristiques","embeddable":true,"href":"https:\/\/dibosch.com\/es\/wp-json\/wp\/v2\/caracteristiques?post=27218"},{"taxonomy":"tipus-productes","embeddable":true,"href":"https:\/\/dibosch.com\/es\/wp-json\/wp\/v2\/tipus-productes?post=27218"},{"taxonomy":"zona-aplicacio","embeddable":true,"href":"https:\/\/dibosch.com\/es\/wp-json\/wp\/v2\/zona-aplicacio?post=27218"},{"taxonomy":"tipus-maquinaria","embeddable":true,"href":"https:\/\/dibosch.com\/es\/wp-json\/wp\/v2\/tipus-maquinaria?post=27218"}],"curies":[{"name":"wp","href":"https:\/\/api.w.org\/{rel}","templated":true}]}}