{"id":27303,"date":"2024-06-10T13:43:18","date_gmt":"2024-06-10T13:43:18","guid":{"rendered":"https:\/\/dibosch.com\/?post_type=product&#038;p=27303"},"modified":"2024-07-04T06:27:49","modified_gmt":"2024-07-04T06:27:49","slug":"m-aspirador-mtl-20-18kw-z22-kit-50-delfin","status":"publish","type":"product","link":"https:\/\/dibosch.com\/es\/producto\/m-aspirador-mtl-20-18kw-z22-kit-50-delfin\/","title":{"rendered":"ASPIRADOR MTL 20 1,8KW Z22 KIT 50 &#8211; DELFIN"},"content":{"rendered":"<p><strong>Caracter\u00edsticas del producto:<\/strong><\/p>\n<p>ASPIRADOR INDUSTRIAL COMPACTO PARA PEQUE\u00d1AS TAREAS DE LIMPIEZA EN LA INDUSTRIA FARMAC\u00c9UTICA<\/p>\n<p>El aspirador industrial Pharma 20.18 es una unidad compacta, silenciosa y flexible dise\u00f1ada para tareas de limpieza peque\u00f1as, generales y a bordo dentro de las industrias farmac\u00e9utica y qu\u00edmica.<\/p>\n<p>Construido en total conformidad con las normas GMP, es un aspirador ideal para la aspiraci\u00f3n de polvo fino gracias a su filtro de bolsillo de poli\u00e9ster antiest\u00e1tico, que garantiza una gran superficie de filtraci\u00f3n y una elevada resistencia al paso del polvo<\/p>\n<p>El contenedor, con una capacidad de recogida de hasta 22 litros, puede vaciarse f\u00e1cilmente gracias al sistema de liberaci\u00f3n.<\/p>\n","protected":false},"excerpt":{"rendered":"<p>Caracter\u00edsticas del producto: ASPIRADOR INDUSTRIAL COMPACTO PARA PEQUE\u00d1AS TAREAS DE LIMPIEZA EN LA INDUSTRIA FARMAC\u00c9UTICA El aspirador industrial Pharma 20.18 es una unidad compacta, silenciosa y flexible dise\u00f1ada para tareas de limpieza peque\u00f1as, generales y a bordo dentro de las industrias farmac\u00e9utica y qu\u00edmica. Construido en total conformidad con las normas GMP, es un aspirador [&hellip;]<\/p>\n","protected":false},"featured_media":27302,"comment_status":"closed","ping_status":"closed","template":"","meta":[],"product_brand":[],"product_cat":[578,577],"product_tag":[],"marcas":[915],"certificats":[],"caracteristiques":[],"tipus-productes":[],"zona-aplicacio":[],"tipus-maquinaria":[],"class_list":{"0":"post-27303","1":"product","2":"type-product","3":"status-publish","4":"has-post-thumbnail","6":"product_cat-aspiradores-industriales","7":"product_cat-maquinas","8":"marcas-delfin-es","10":"first","11":"instock","12":"shipping-taxable","13":"product-type-simple"},"_links":{"self":[{"href":"https:\/\/dibosch.com\/es\/wp-json\/wp\/v2\/product\/27303","targetHints":{"allow":["GET"]}}],"collection":[{"href":"https:\/\/dibosch.com\/es\/wp-json\/wp\/v2\/product"}],"about":[{"href":"https:\/\/dibosch.com\/es\/wp-json\/wp\/v2\/types\/product"}],"replies":[{"embeddable":true,"href":"https:\/\/dibosch.com\/es\/wp-json\/wp\/v2\/comments?post=27303"}],"wp:featuredmedia":[{"embeddable":true,"href":"https:\/\/dibosch.com\/es\/wp-json\/wp\/v2\/media\/27302"}],"wp:attachment":[{"href":"https:\/\/dibosch.com\/es\/wp-json\/wp\/v2\/media?parent=27303"}],"wp:term":[{"taxonomy":"product_brand","embeddable":true,"href":"https:\/\/dibosch.com\/es\/wp-json\/wp\/v2\/product_brand?post=27303"},{"taxonomy":"product_cat","embeddable":true,"href":"https:\/\/dibosch.com\/es\/wp-json\/wp\/v2\/product_cat?post=27303"},{"taxonomy":"product_tag","embeddable":true,"href":"https:\/\/dibosch.com\/es\/wp-json\/wp\/v2\/product_tag?post=27303"},{"taxonomy":"marcas","embeddable":true,"href":"https:\/\/dibosch.com\/es\/wp-json\/wp\/v2\/marcas?post=27303"},{"taxonomy":"certificats","embeddable":true,"href":"https:\/\/dibosch.com\/es\/wp-json\/wp\/v2\/certificats?post=27303"},{"taxonomy":"caracteristiques","embeddable":true,"href":"https:\/\/dibosch.com\/es\/wp-json\/wp\/v2\/caracteristiques?post=27303"},{"taxonomy":"tipus-productes","embeddable":true,"href":"https:\/\/dibosch.com\/es\/wp-json\/wp\/v2\/tipus-productes?post=27303"},{"taxonomy":"zona-aplicacio","embeddable":true,"href":"https:\/\/dibosch.com\/es\/wp-json\/wp\/v2\/zona-aplicacio?post=27303"},{"taxonomy":"tipus-maquinaria","embeddable":true,"href":"https:\/\/dibosch.com\/es\/wp-json\/wp\/v2\/tipus-maquinaria?post=27303"}],"curies":[{"name":"wp","href":"https:\/\/api.w.org\/{rel}","templated":true}]}}