{"id":27307,"date":"2024-06-10T13:49:02","date_gmt":"2024-06-10T13:49:02","guid":{"rendered":"https:\/\/dibosch.com\/?post_type=product&#038;p=27307"},"modified":"2024-07-04T06:27:20","modified_gmt":"2024-07-04T06:27:20","slug":"m-aspirador-mtl301z22-001-delfin","status":"publish","type":"product","link":"https:\/\/dibosch.com\/es\/producto\/m-aspirador-mtl301z22-001-delfin\/","title":{"rendered":"ASPIRADOR MTL301Z22-001 &#8211; DELFIN"},"content":{"rendered":"<p><strong>Caracter\u00edsticas del producto:<\/strong><\/p>\n<p>ASPIRADOR COMPACTO CERTIFICADO ATEX ZONA 20 INTERIOR Y ZONA 22 EXTERIOR<\/p>\n<p>Aspirar polvos combustibles en zonas de riesgo medio de explosi\u00f3n puede convertirse en una simple operaci\u00f3n de mantenimiento al elegir el aspirador compacto MTL 301 1\/3D.<\/p>\n<p>Certificado zona 20 interna y zona 22 externa, el aspirador MTL 301 1\/3D garantiza la total seguridad durante las operaciones de limpieza y mantenimiento. Las dos etapas de filtraci\u00f3n con un filtro primario de clase M antiest\u00e1tico y un filtro absoluto HEPA garantizan una filtraci\u00f3n de hasta el 99,995% de las part\u00edculas aspiradas.<\/p>\n<p>Equipado con un motor de derivaci\u00f3n para aplicaciones no continuas, el innovador cabezal Delfin est\u00e1 equipado con una carcasa de seguridad que protege el motor y evita riesgos de explosi\u00f3n<\/p>\n","protected":false},"excerpt":{"rendered":"<p>Caracter\u00edsticas del producto: ASPIRADOR COMPACTO CERTIFICADO ATEX ZONA 20 INTERIOR Y ZONA 22 EXTERIOR Aspirar polvos combustibles en zonas de riesgo medio de explosi\u00f3n puede convertirse en una simple operaci\u00f3n de mantenimiento al elegir el aspirador compacto MTL 301 1\/3D. Certificado zona 20 interna y zona 22 externa, el aspirador MTL 301 1\/3D garantiza la [&hellip;]<\/p>\n","protected":false},"featured_media":27306,"comment_status":"closed","ping_status":"closed","template":"","meta":[],"product_brand":[],"product_cat":[577,1344,578],"product_tag":[],"marcas":[915],"certificats":[],"caracteristiques":[],"tipus-productes":[],"zona-aplicacio":[],"tipus-maquinaria":[],"class_list":{"0":"post-27307","1":"product","2":"type-product","3":"status-publish","4":"has-post-thumbnail","6":"product_cat-maquinas","7":"product_cat-aspirador-industrial-trifasico","8":"product_cat-aspiradores-industriales","9":"marcas-delfin-es","11":"first","12":"instock","13":"shipping-taxable","14":"product-type-simple"},"_links":{"self":[{"href":"https:\/\/dibosch.com\/es\/wp-json\/wp\/v2\/product\/27307","targetHints":{"allow":["GET"]}}],"collection":[{"href":"https:\/\/dibosch.com\/es\/wp-json\/wp\/v2\/product"}],"about":[{"href":"https:\/\/dibosch.com\/es\/wp-json\/wp\/v2\/types\/product"}],"replies":[{"embeddable":true,"href":"https:\/\/dibosch.com\/es\/wp-json\/wp\/v2\/comments?post=27307"}],"wp:featuredmedia":[{"embeddable":true,"href":"https:\/\/dibosch.com\/es\/wp-json\/wp\/v2\/media\/27306"}],"wp:attachment":[{"href":"https:\/\/dibosch.com\/es\/wp-json\/wp\/v2\/media?parent=27307"}],"wp:term":[{"taxonomy":"product_brand","embeddable":true,"href":"https:\/\/dibosch.com\/es\/wp-json\/wp\/v2\/product_brand?post=27307"},{"taxonomy":"product_cat","embeddable":true,"href":"https:\/\/dibosch.com\/es\/wp-json\/wp\/v2\/product_cat?post=27307"},{"taxonomy":"product_tag","embeddable":true,"href":"https:\/\/dibosch.com\/es\/wp-json\/wp\/v2\/product_tag?post=27307"},{"taxonomy":"marcas","embeddable":true,"href":"https:\/\/dibosch.com\/es\/wp-json\/wp\/v2\/marcas?post=27307"},{"taxonomy":"certificats","embeddable":true,"href":"https:\/\/dibosch.com\/es\/wp-json\/wp\/v2\/certificats?post=27307"},{"taxonomy":"caracteristiques","embeddable":true,"href":"https:\/\/dibosch.com\/es\/wp-json\/wp\/v2\/caracteristiques?post=27307"},{"taxonomy":"tipus-productes","embeddable":true,"href":"https:\/\/dibosch.com\/es\/wp-json\/wp\/v2\/tipus-productes?post=27307"},{"taxonomy":"zona-aplicacio","embeddable":true,"href":"https:\/\/dibosch.com\/es\/wp-json\/wp\/v2\/zona-aplicacio?post=27307"},{"taxonomy":"tipus-maquinaria","embeddable":true,"href":"https:\/\/dibosch.com\/es\/wp-json\/wp\/v2\/tipus-maquinaria?post=27307"}],"curies":[{"name":"wp","href":"https:\/\/api.w.org\/{rel}","templated":true}]}}