{"id":27315,"date":"2024-06-10T13:54:51","date_gmt":"2024-06-10T13:54:51","guid":{"rendered":"https:\/\/dibosch.com\/?post_type=product&#038;p=27315"},"modified":"2025-09-24T09:50:18","modified_gmt":"2025-09-24T09:50:18","slug":"m-evo-304-det-2400w-230v-8bar-tecnovap","status":"publish","type":"product","link":"https:\/\/dibosch.com\/es\/producto\/m-evo-304-det-2400w-230v-8bar-tecnovap\/","title":{"rendered":"EVO 304 DET 2400W 230V 8bar &#8211; TECNOVAP"},"content":{"rendered":"<p><strong>Caracter\u00edsticas del producto:<\/strong><\/p>\n<p>Generador de vapor profesional con cuerpo y caldera de acero inoxidable, autonom\u00eda de vapor ilimitada gracias al sistema de recarga autom\u00e1tica con dep\u00f3sito de agua interno.<\/p>\n<p><em>DATOS T\u00c9CNICOS<\/em><\/p>\n<p>Caldera Acero inox AISI 304 (con resistencia desmontable PATENT)<br \/>\nCarrocer\u00eda Acero inox AISI 304 (BA)<br \/>\nVolumen caldera 1,5 l<br \/>\nPotenc\u00eda m\u00e1xima 2,45 kW<br \/>\nPotenc\u00eda caldera 2,4 kW<br \/>\nDeposito de agua 3 l<br \/>\nPresi\u00f3n operativa 8 bar \/ 116 psi<br \/>\nTemperatura vapor 170\u00b0 C \/ 338\u00b0 F<br \/>\nProducci\u00f3n de vapor (g\/min) 62 g\/min. &#8211; 3,7 kg\/h<br \/>\nCable de alimentaci\u00f3n 5 m<br \/>\nPeso 16 kg \/ 35 lb<br \/>\nEmbalaje (Long. x Med. x Alt.) 50cmx30cmx40cm \/ 1,6x1x1,3 ft<\/p>\n","protected":false},"excerpt":{"rendered":"<p>Caracter\u00edsticas del producto: Generador de vapor profesional con cuerpo y caldera de acero inoxidable, autonom\u00eda de vapor ilimitada gracias al sistema de recarga autom\u00e1tica con dep\u00f3sito de agua interno. DATOS T\u00c9CNICOS Caldera Acero inox AISI 304 (con resistencia desmontable PATENT) Carrocer\u00eda Acero inox AISI 304 (BA) Volumen caldera 1,5 l Potenc\u00eda m\u00e1xima 2,45 kW Potenc\u00eda [&hellip;]<\/p>\n","protected":false},"featured_media":27314,"comment_status":"closed","ping_status":"closed","template":"","meta":[],"product_brand":[],"product_cat":[761,577],"product_tag":[],"marcas":[913],"certificats":[],"caracteristiques":[],"tipus-productes":[],"zona-aplicacio":[],"tipus-maquinaria":[],"class_list":{"0":"post-27315","1":"product","2":"type-product","3":"status-publish","4":"has-post-thumbnail","6":"product_cat-vapor-industrial-es","7":"product_cat-maquinas","8":"marcas-tecnovap-es","10":"first","11":"instock","12":"shipping-taxable","13":"product-type-simple"},"_links":{"self":[{"href":"https:\/\/dibosch.com\/es\/wp-json\/wp\/v2\/product\/27315","targetHints":{"allow":["GET"]}}],"collection":[{"href":"https:\/\/dibosch.com\/es\/wp-json\/wp\/v2\/product"}],"about":[{"href":"https:\/\/dibosch.com\/es\/wp-json\/wp\/v2\/types\/product"}],"replies":[{"embeddable":true,"href":"https:\/\/dibosch.com\/es\/wp-json\/wp\/v2\/comments?post=27315"}],"wp:featuredmedia":[{"embeddable":true,"href":"https:\/\/dibosch.com\/es\/wp-json\/wp\/v2\/media\/27314"}],"wp:attachment":[{"href":"https:\/\/dibosch.com\/es\/wp-json\/wp\/v2\/media?parent=27315"}],"wp:term":[{"taxonomy":"product_brand","embeddable":true,"href":"https:\/\/dibosch.com\/es\/wp-json\/wp\/v2\/product_brand?post=27315"},{"taxonomy":"product_cat","embeddable":true,"href":"https:\/\/dibosch.com\/es\/wp-json\/wp\/v2\/product_cat?post=27315"},{"taxonomy":"product_tag","embeddable":true,"href":"https:\/\/dibosch.com\/es\/wp-json\/wp\/v2\/product_tag?post=27315"},{"taxonomy":"marcas","embeddable":true,"href":"https:\/\/dibosch.com\/es\/wp-json\/wp\/v2\/marcas?post=27315"},{"taxonomy":"certificats","embeddable":true,"href":"https:\/\/dibosch.com\/es\/wp-json\/wp\/v2\/certificats?post=27315"},{"taxonomy":"caracteristiques","embeddable":true,"href":"https:\/\/dibosch.com\/es\/wp-json\/wp\/v2\/caracteristiques?post=27315"},{"taxonomy":"tipus-productes","embeddable":true,"href":"https:\/\/dibosch.com\/es\/wp-json\/wp\/v2\/tipus-productes?post=27315"},{"taxonomy":"zona-aplicacio","embeddable":true,"href":"https:\/\/dibosch.com\/es\/wp-json\/wp\/v2\/zona-aplicacio?post=27315"},{"taxonomy":"tipus-maquinaria","embeddable":true,"href":"https:\/\/dibosch.com\/es\/wp-json\/wp\/v2\/tipus-maquinaria?post=27315"}],"curies":[{"name":"wp","href":"https:\/\/api.w.org\/{rel}","templated":true}]}}