{"id":27331,"date":"2024-06-10T14:06:29","date_gmt":"2024-06-10T14:06:29","guid":{"rendered":"https:\/\/dibosch.com\/?post_type=product&#038;p=27331"},"modified":"2024-07-03T13:11:49","modified_gmt":"2024-07-03T13:11:49","slug":"m-aspirador-dbfv20-001-xxx-mt-delfin","status":"publish","type":"product","link":"https:\/\/dibosch.com\/es\/producto\/m-aspirador-dbfv20-001-xxx-mt-delfin\/","title":{"rendered":"ASPIRADOR DBFV20-001 + XXX + MT &#8211; DELFIN"},"content":{"rendered":"<p><strong>Caracter\u00edsticas del producto:<\/strong><\/p>\n<p>UNIDAD DE ASPIRACI\u00d3N INDUSTRIAL COMPACTA PARA LA INTEGRACI\u00d3N EN MAQUINARIA Y L\u00cdNEAS AUTOM\u00c1TICAS<\/p>\n<p>El aspirador DBFV ha sido creado para eliminar polvos y desechos de producci\u00f3n en maquinaria industrial de varios tipos de industrias: desde el envasado hasta el sector alimentario y el sector de procesamiento de papel.<\/p>\n<p>Gracias a su configuraci\u00f3n compacta y su modularidad, el DBFV se puede integrar f\u00e1cilmente en la maquinaria en l\u00edneas de producci\u00f3n sin tener que ocupar mucho espacio. Filtro y contenedor de recolecci\u00f3n integrado.<\/p>\n","protected":false},"excerpt":{"rendered":"<p>Caracter\u00edsticas del producto: UNIDAD DE ASPIRACI\u00d3N INDUSTRIAL COMPACTA PARA LA INTEGRACI\u00d3N EN MAQUINARIA Y L\u00cdNEAS AUTOM\u00c1TICAS El aspirador DBFV ha sido creado para eliminar polvos y desechos de producci\u00f3n en maquinaria industrial de varios tipos de industrias: desde el envasado hasta el sector alimentario y el sector de procesamiento de papel. Gracias a su configuraci\u00f3n [&hellip;]<\/p>\n","protected":false},"featured_media":27330,"comment_status":"closed","ping_status":"closed","template":"","meta":[],"product_brand":[],"product_cat":[578,577],"product_tag":[],"marcas":[915],"certificats":[],"caracteristiques":[],"tipus-productes":[],"zona-aplicacio":[],"tipus-maquinaria":[],"class_list":{"0":"post-27331","1":"product","2":"type-product","3":"status-publish","4":"has-post-thumbnail","6":"product_cat-aspiradores-industriales","7":"product_cat-maquinas","8":"marcas-delfin-es","10":"first","11":"instock","12":"shipping-taxable","13":"product-type-simple"},"_links":{"self":[{"href":"https:\/\/dibosch.com\/es\/wp-json\/wp\/v2\/product\/27331","targetHints":{"allow":["GET"]}}],"collection":[{"href":"https:\/\/dibosch.com\/es\/wp-json\/wp\/v2\/product"}],"about":[{"href":"https:\/\/dibosch.com\/es\/wp-json\/wp\/v2\/types\/product"}],"replies":[{"embeddable":true,"href":"https:\/\/dibosch.com\/es\/wp-json\/wp\/v2\/comments?post=27331"}],"wp:featuredmedia":[{"embeddable":true,"href":"https:\/\/dibosch.com\/es\/wp-json\/wp\/v2\/media\/27330"}],"wp:attachment":[{"href":"https:\/\/dibosch.com\/es\/wp-json\/wp\/v2\/media?parent=27331"}],"wp:term":[{"taxonomy":"product_brand","embeddable":true,"href":"https:\/\/dibosch.com\/es\/wp-json\/wp\/v2\/product_brand?post=27331"},{"taxonomy":"product_cat","embeddable":true,"href":"https:\/\/dibosch.com\/es\/wp-json\/wp\/v2\/product_cat?post=27331"},{"taxonomy":"product_tag","embeddable":true,"href":"https:\/\/dibosch.com\/es\/wp-json\/wp\/v2\/product_tag?post=27331"},{"taxonomy":"marcas","embeddable":true,"href":"https:\/\/dibosch.com\/es\/wp-json\/wp\/v2\/marcas?post=27331"},{"taxonomy":"certificats","embeddable":true,"href":"https:\/\/dibosch.com\/es\/wp-json\/wp\/v2\/certificats?post=27331"},{"taxonomy":"caracteristiques","embeddable":true,"href":"https:\/\/dibosch.com\/es\/wp-json\/wp\/v2\/caracteristiques?post=27331"},{"taxonomy":"tipus-productes","embeddable":true,"href":"https:\/\/dibosch.com\/es\/wp-json\/wp\/v2\/tipus-productes?post=27331"},{"taxonomy":"zona-aplicacio","embeddable":true,"href":"https:\/\/dibosch.com\/es\/wp-json\/wp\/v2\/zona-aplicacio?post=27331"},{"taxonomy":"tipus-maquinaria","embeddable":true,"href":"https:\/\/dibosch.com\/es\/wp-json\/wp\/v2\/tipus-maquinaria?post=27331"}],"curies":[{"name":"wp","href":"https:\/\/api.w.org\/{rel}","templated":true}]}}