{"id":27339,"date":"2024-06-10T14:13:38","date_gmt":"2024-06-10T14:13:38","guid":{"rendered":"https:\/\/dibosch.com\/?post_type=product&#038;p=27339"},"modified":"2024-07-03T13:10:50","modified_gmt":"2024-07-03T13:10:50","slug":"m-aspirador-mtl-201-20l-kit40-delfin","status":"publish","type":"product","link":"https:\/\/dibosch.com\/es\/producto\/m-aspirador-mtl-201-20l-kit40-delfin\/","title":{"rendered":"ASPIRADOR MTL 201 20L KIT40 &#8211; DELFIN"},"content":{"rendered":"<p><strong>Caracter\u00edsticas del producto:<\/strong><\/p>\n<p>ASPIRADOR INDUSTRIAL CERTIFICADO ATEX ZONA 20 INTERIOR Y ZONA 21 EXTERIOR<\/p>\n<p>Seguridad, eficiencia y durabilidad son las consignas que describen el nuevo modelo MTL 201 1\/2D.<\/p>\n<p>Equipado con doble certificaci\u00f3n ATEX por parte de un organismo externo, ha sido dise\u00f1ado por nuestro equipo t\u00e9cnico para ofrecer a las empresas que operan en zonas con alto riesgo de explosi\u00f3n la soluci\u00f3n perfecta para aspirar polvos combustibles con total seguridad.<\/p>\n<p>El cabezal sin escobillas, protegido por una carcasa de seguridad especial certificada Ex tb, no requiere mantenimiento ordinario y responde perfectamente a las necesidades de aspiraci\u00f3n continua y pesada por encima de las 3 horas al d\u00eda. El filtro de cartucho se limpia mediante el sistema integrado de limpieza del filtro en contracorriente de aire.<\/p>\n","protected":false},"excerpt":{"rendered":"<p>Caracter\u00edsticas del producto: ASPIRADOR INDUSTRIAL CERTIFICADO ATEX ZONA 20 INTERIOR Y ZONA 21 EXTERIOR Seguridad, eficiencia y durabilidad son las consignas que describen el nuevo modelo MTL 201 1\/2D. Equipado con doble certificaci\u00f3n ATEX por parte de un organismo externo, ha sido dise\u00f1ado por nuestro equipo t\u00e9cnico para ofrecer a las empresas que operan en [&hellip;]<\/p>\n","protected":false},"featured_media":27338,"comment_status":"closed","ping_status":"closed","template":"","meta":[],"product_brand":[],"product_cat":[577,1340,1342,1344,578],"product_tag":[],"marcas":[915],"certificats":[],"caracteristiques":[],"tipus-productes":[],"zona-aplicacio":[],"tipus-maquinaria":[],"class_list":{"0":"post-27339","1":"product","2":"type-product","3":"status-publish","4":"has-post-thumbnail","6":"product_cat-maquinas","7":"product_cat-aspirador-industrial-particulas","8":"product_cat-aspirador-industrial-taller","9":"product_cat-aspirador-industrial-trifasico","10":"product_cat-aspiradores-industriales","11":"marcas-delfin-es","13":"first","14":"instock","15":"shipping-taxable","16":"product-type-simple"},"_links":{"self":[{"href":"https:\/\/dibosch.com\/es\/wp-json\/wp\/v2\/product\/27339","targetHints":{"allow":["GET"]}}],"collection":[{"href":"https:\/\/dibosch.com\/es\/wp-json\/wp\/v2\/product"}],"about":[{"href":"https:\/\/dibosch.com\/es\/wp-json\/wp\/v2\/types\/product"}],"replies":[{"embeddable":true,"href":"https:\/\/dibosch.com\/es\/wp-json\/wp\/v2\/comments?post=27339"}],"wp:featuredmedia":[{"embeddable":true,"href":"https:\/\/dibosch.com\/es\/wp-json\/wp\/v2\/media\/27338"}],"wp:attachment":[{"href":"https:\/\/dibosch.com\/es\/wp-json\/wp\/v2\/media?parent=27339"}],"wp:term":[{"taxonomy":"product_brand","embeddable":true,"href":"https:\/\/dibosch.com\/es\/wp-json\/wp\/v2\/product_brand?post=27339"},{"taxonomy":"product_cat","embeddable":true,"href":"https:\/\/dibosch.com\/es\/wp-json\/wp\/v2\/product_cat?post=27339"},{"taxonomy":"product_tag","embeddable":true,"href":"https:\/\/dibosch.com\/es\/wp-json\/wp\/v2\/product_tag?post=27339"},{"taxonomy":"marcas","embeddable":true,"href":"https:\/\/dibosch.com\/es\/wp-json\/wp\/v2\/marcas?post=27339"},{"taxonomy":"certificats","embeddable":true,"href":"https:\/\/dibosch.com\/es\/wp-json\/wp\/v2\/certificats?post=27339"},{"taxonomy":"caracteristiques","embeddable":true,"href":"https:\/\/dibosch.com\/es\/wp-json\/wp\/v2\/caracteristiques?post=27339"},{"taxonomy":"tipus-productes","embeddable":true,"href":"https:\/\/dibosch.com\/es\/wp-json\/wp\/v2\/tipus-productes?post=27339"},{"taxonomy":"zona-aplicacio","embeddable":true,"href":"https:\/\/dibosch.com\/es\/wp-json\/wp\/v2\/zona-aplicacio?post=27339"},{"taxonomy":"tipus-maquinaria","embeddable":true,"href":"https:\/\/dibosch.com\/es\/wp-json\/wp\/v2\/tipus-maquinaria?post=27339"}],"curies":[{"name":"wp","href":"https:\/\/api.w.org\/{rel}","templated":true}]}}