{"id":27343,"date":"2024-06-10T14:15:41","date_gmt":"2024-06-10T14:15:41","guid":{"rendered":"https:\/\/dibosch.com\/?post_type=product&#038;p=27343"},"modified":"2024-07-03T13:10:12","modified_gmt":"2024-07-03T13:10:12","slug":"m-aspirador-zefiro-ev-420-atex-z22-45l-dt-ds-h-mt-ant-delfin","status":"publish","type":"product","link":"https:\/\/dibosch.com\/es\/producto\/m-aspirador-zefiro-ev-420-atex-z22-45l-dt-ds-h-mt-ant-delfin\/","title":{"rendered":"ASPIRADOR ZEFIRO EV 420 ATEX Z22 45L DT DS H MT ANT &#8211; DELFIN"},"content":{"rendered":"<p><strong>Caracter\u00edsticas del producto:<\/strong><\/p>\n<p>COLECTOR DE POLVO INDUSTRIAL PARA POLVO FINO Y HUMOS EN EL AIRE CERTIFICADO ATEX ZONA 22 EXTERIOR Y 20 INTERIOR.<\/p>\n<p>Alta superficie de filtraci\u00f3n antiest\u00e1tica con un c\u00f3modo sistema de limpieza manual integrado, conexi\u00f3n a tierra y un potente ventilador el\u00e9ctrico capaz de generar altos niveles de flujo de aire. Todo lo que necesita para la extracci\u00f3n segura de polvo fino y humos en el aire en entornos con un riesgo de explosi\u00f3n poco frecuente.<\/p>\n<p>La extracci\u00f3n de polvo explosivo en zonas peligrosas puede crear una situaci\u00f3n a\u00fan m\u00e1s peligrosa dentro del aspirador industrial, donde se recoge el polvo extra\u00eddo. La certificaci\u00f3n de la zona 20 del interior de la c\u00e1mara del aspirador elimina este riesgo.<\/p>\n","protected":false},"excerpt":{"rendered":"<p>Caracter\u00edsticas del producto: COLECTOR DE POLVO INDUSTRIAL PARA POLVO FINO Y HUMOS EN EL AIRE CERTIFICADO ATEX ZONA 22 EXTERIOR Y 20 INTERIOR. Alta superficie de filtraci\u00f3n antiest\u00e1tica con un c\u00f3modo sistema de limpieza manual integrado, conexi\u00f3n a tierra y un potente ventilador el\u00e9ctrico capaz de generar altos niveles de flujo de aire. Todo lo [&hellip;]<\/p>\n","protected":false},"featured_media":27342,"comment_status":"closed","ping_status":"closed","template":"","meta":[],"product_brand":[],"product_cat":[577,578],"product_tag":[],"marcas":[915],"certificats":[],"caracteristiques":[],"tipus-productes":[],"zona-aplicacio":[],"tipus-maquinaria":[],"class_list":{"0":"post-27343","1":"product","2":"type-product","3":"status-publish","4":"has-post-thumbnail","6":"product_cat-maquinas","7":"product_cat-aspiradores-industriales","8":"marcas-delfin-es","10":"first","11":"instock","12":"shipping-taxable","13":"product-type-simple"},"_links":{"self":[{"href":"https:\/\/dibosch.com\/es\/wp-json\/wp\/v2\/product\/27343","targetHints":{"allow":["GET"]}}],"collection":[{"href":"https:\/\/dibosch.com\/es\/wp-json\/wp\/v2\/product"}],"about":[{"href":"https:\/\/dibosch.com\/es\/wp-json\/wp\/v2\/types\/product"}],"replies":[{"embeddable":true,"href":"https:\/\/dibosch.com\/es\/wp-json\/wp\/v2\/comments?post=27343"}],"wp:featuredmedia":[{"embeddable":true,"href":"https:\/\/dibosch.com\/es\/wp-json\/wp\/v2\/media\/27342"}],"wp:attachment":[{"href":"https:\/\/dibosch.com\/es\/wp-json\/wp\/v2\/media?parent=27343"}],"wp:term":[{"taxonomy":"product_brand","embeddable":true,"href":"https:\/\/dibosch.com\/es\/wp-json\/wp\/v2\/product_brand?post=27343"},{"taxonomy":"product_cat","embeddable":true,"href":"https:\/\/dibosch.com\/es\/wp-json\/wp\/v2\/product_cat?post=27343"},{"taxonomy":"product_tag","embeddable":true,"href":"https:\/\/dibosch.com\/es\/wp-json\/wp\/v2\/product_tag?post=27343"},{"taxonomy":"marcas","embeddable":true,"href":"https:\/\/dibosch.com\/es\/wp-json\/wp\/v2\/marcas?post=27343"},{"taxonomy":"certificats","embeddable":true,"href":"https:\/\/dibosch.com\/es\/wp-json\/wp\/v2\/certificats?post=27343"},{"taxonomy":"caracteristiques","embeddable":true,"href":"https:\/\/dibosch.com\/es\/wp-json\/wp\/v2\/caracteristiques?post=27343"},{"taxonomy":"tipus-productes","embeddable":true,"href":"https:\/\/dibosch.com\/es\/wp-json\/wp\/v2\/tipus-productes?post=27343"},{"taxonomy":"zona-aplicacio","embeddable":true,"href":"https:\/\/dibosch.com\/es\/wp-json\/wp\/v2\/zona-aplicacio?post=27343"},{"taxonomy":"tipus-maquinaria","embeddable":true,"href":"https:\/\/dibosch.com\/es\/wp-json\/wp\/v2\/tipus-maquinaria?post=27343"}],"curies":[{"name":"wp","href":"https:\/\/api.w.org\/{rel}","templated":true}]}}