{"id":27382,"date":"2024-06-11T14:13:24","date_gmt":"2024-06-11T14:13:24","guid":{"rendered":"https:\/\/dibosch.com\/?post_type=product&#038;p=27382"},"modified":"2025-09-14T08:32:32","modified_gmt":"2025-09-14T08:32:32","slug":"m-autonomous-scrubber-75-pintl-smkt-gausium","status":"publish","type":"product","link":"https:\/\/dibosch.com\/es\/producto\/m-autonomous-scrubber-75-pintl-smkt-gausium\/","title":{"rendered":"AUTONOMOUS SCRUBBER 75 STD WS &#8211; GAUSIUM"},"content":{"rendered":"<p class=\"\" data-start=\"4987\" data-end=\"5068\"><strong data-start=\"4987\" data-end=\"5068\">Scrubber 75: Fregadora Robotizada para Limpieza Pesada en Grandes Superficies<\/strong><\/p>\n<p data-start=\"4987\" data-end=\"5068\"><strong>Ideal para grandes \u00e1reas industriales, log\u00edsticas, productivas.<\/strong><\/p>\n<p class=\"\" data-start=\"5070\" data-end=\"5484\">El <strong data-start=\"5073\" data-end=\"5088\">Scrubber 75<\/strong> es una fregadora <a href=\"https:\/\/dibosch.com\/es\/maquinas\/fregadora-es\/fregadoras-gausium\/\">Gausium<\/a> robotizada de alta gama dise\u00f1ada para entornos de gran escala. Como producto insignia de <a href=\"https:\/\/dibosch.com\/es\/marcas\/gaussian-es\/\">Gausium<\/a>, este robot de limpieza innovador ofrece un rendimiento inigualable gracias a su tecnolog\u00eda avanzada de sensores y su dise\u00f1o robusto. Es ideal para tareas de limpieza pesada en espacios industriales, aparcamientos y otras instalaciones que requieren limpieza eficiente y confiable.<\/p>\n<div><b data-olk-copy-source=\"MailCompose\">Automatiza la limpieza y optimiza tus recursos<\/b><\/div>\n<div><\/div>\n<div>Los\u00a0<b><a id=\"LPlnk513724\" title=\"https:\/\/dibosch.com\/es\/robots-autonomos\/\" href=\"https:\/\/dibosch.com\/es\/robots-autonomos\/\">robots de limpieza industrial aut\u00f3nomos<\/a><\/b>\u00a0son una soluci\u00f3n eficiente para mantener los espacios productivos limpios con la m\u00e1xima regularidad y el m\u00ednimo consumo de recursos.<br \/>\nDescubre c\u00f3mo la\u00a0<b>automatizaci\u00f3n te ayuda a garantizar la seguridad, ahorrar costes y aumentar la productividad<\/b>, y por qu\u00e9 Dibosch es el\u00a0<b>partner tecnol\u00f3gico ideal<\/b>, con\u00a0<b>servicio t\u00e9cnico propio y m\u00e1s de 5 a\u00f1os de experiencia en soluciones aut\u00f3nomas<\/b>.<\/div>\n<div><\/div>\n<div>Explora las ventajas de la\u00a0<a id=\"LPlnk817393\" title=\"https:\/\/dibosch.com\/es\/robots-autonomos\/\" href=\"https:\/\/dibosch.com\/es\/robots-autonomos\/\">automatizaci\u00f3n de la limpieza para tu industria<\/a><\/div>\n<div><\/div>\n<h3 class=\"\" data-start=\"5486\" data-end=\"5511\">Caracter\u00edsticas Clave<\/h3>\n<ul data-start=\"5513\" data-end=\"7262\">\n<li class=\"\" data-start=\"5513\" data-end=\"5670\">\n<p class=\"\" data-start=\"5515\" data-end=\"5545\"><strong data-start=\"5515\" data-end=\"5545\">Ancho de Limpieza de 750mm<\/strong><\/p>\n<ul data-start=\"5548\" data-end=\"5670\">\n<li class=\"\" data-start=\"5548\" data-end=\"5670\">\n<p class=\"\" data-start=\"5550\" data-end=\"5670\">Ofrece hasta <strong data-start=\"5563\" data-end=\"5575\">3000m\u00b2\/h<\/strong> de eficiencia de fregado, siendo perfecto para grandes espacios que requieren limpieza pesada.<\/p>\n<\/li>\n<\/ul>\n<\/li>\n<li class=\"\" data-start=\"5672\" data-end=\"5850\">\n<p class=\"\" data-start=\"5674\" data-end=\"5704\"><strong data-start=\"5674\" data-end=\"5704\">Modo de Limpieza de Aceite<\/strong><\/p>\n<ul data-start=\"5707\" data-end=\"5850\">\n<li class=\"\" data-start=\"5707\" data-end=\"5850\">\n<p class=\"\" data-start=\"5709\" data-end=\"5850\">Equipado con un kit de detergente para eliminar manchas de aceite resistentes, ideal para entornos industriales y aparcamientos subterr\u00e1neos.<\/p>\n<\/li>\n<\/ul>\n<\/li>\n<li class=\"\" data-start=\"5852\" data-end=\"6041\">\n<p class=\"\" data-start=\"5854\" data-end=\"5886\"><strong data-start=\"5854\" data-end=\"5886\">Presi\u00f3n de Cepillado de 45kg<\/strong><\/p>\n<ul data-start=\"5889\" data-end=\"6041\">\n<li class=\"\" data-start=\"5889\" data-end=\"6041\">\n<p class=\"\" data-start=\"5891\" data-end=\"6041\">Proporciona una fuerza de fregado superior para una limpieza profunda y efectiva, asegurando una eliminaci\u00f3n \u00f3ptima de suciedad en entornos dif\u00edciles.<\/p>\n<\/li>\n<\/ul>\n<\/li>\n<li class=\"\" data-start=\"6043\" data-end=\"6254\">\n<p class=\"\" data-start=\"6045\" data-end=\"6091\"><strong data-start=\"6045\" data-end=\"6091\">Plataforma de Fregado con Rotaci\u00f3n de 270\u00b0<\/strong><\/p>\n<ul data-start=\"6094\" data-end=\"6254\">\n<li class=\"\" data-start=\"6094\" data-end=\"6254\">\n<p class=\"\" data-start=\"6096\" data-end=\"6254\">La plataforma de fregado rotatoria permite acceder f\u00e1cilmente a esquinas estrechas (90\u00b0), garantizando una limpieza exhaustiva en \u00e1reas dif\u00edciles de alcanzar.<\/p>\n<\/li>\n<\/ul>\n<\/li>\n<li class=\"\" data-start=\"6256\" data-end=\"6487\">\n<p class=\"\" data-start=\"6258\" data-end=\"6301\"><strong data-start=\"6258\" data-end=\"6301\">Tecnolog\u00eda de Detecci\u00f3n de Primer Nivel<\/strong><\/p>\n<ul data-start=\"6304\" data-end=\"6487\">\n<li class=\"\" data-start=\"6304\" data-end=\"6487\">\n<p class=\"\" data-start=\"6306\" data-end=\"6487\">Incluye un sistema de sensores de \u00faltima generaci\u00f3n, que incluye <strong data-start=\"6371\" data-end=\"6383\">3D LiDAR<\/strong> y radar milim\u00e9trico opcional (75 P), para una navegaci\u00f3n precisa y evitaci\u00f3n inteligente de obst\u00e1culos.<\/p>\n<\/li>\n<\/ul>\n<\/li>\n<li class=\"\" data-start=\"6489\" data-end=\"6692\">\n<p class=\"\" data-start=\"6491\" data-end=\"6526\"><strong data-start=\"6491\" data-end=\"6526\">Sistema de Iluminaci\u00f3n Mejorado<\/strong><\/p>\n<ul data-start=\"6529\" data-end=\"6692\">\n<li class=\"\" data-start=\"6529\" data-end=\"6692\">\n<p class=\"\" data-start=\"6531\" data-end=\"6692\">Equipado con luces intermitentes, faros y otros elementos visuales para comunicar claramente la posici\u00f3n del robot, mejorando la seguridad en entornos din\u00e1micos.<\/p>\n<\/li>\n<\/ul>\n<\/li>\n<li class=\"\" data-start=\"6694\" data-end=\"6915\">\n<p class=\"\" data-start=\"6696\" data-end=\"6728\"><strong data-start=\"6696\" data-end=\"6728\">Sistema de Reciclaje de Agua<\/strong><\/p>\n<ul data-start=\"6731\" data-end=\"6915\">\n<li class=\"\" data-start=\"6731\" data-end=\"6915\">\n<p class=\"\" data-start=\"6733\" data-end=\"6915\">Un sistema de filtraci\u00f3n multietapa recicla el agua, reduciendo el consumo de agua dulce en aproximadamente un 80%, convirti\u00e9ndolo en una opci\u00f3n ecol\u00f3gica para grandes instalaciones.<\/p>\n<\/li>\n<\/ul>\n<\/li>\n<li class=\"\" data-start=\"6917\" data-end=\"7088\">\n<p class=\"\" data-start=\"6919\" data-end=\"6950\"><strong data-start=\"6919\" data-end=\"6950\">Operaci\u00f3n Manual Ergon\u00f3mica<\/strong><\/p>\n<ul data-start=\"6953\" data-end=\"7088\">\n<li class=\"\" data-start=\"6953\" data-end=\"7088\">\n<p class=\"\" data-start=\"6955\" data-end=\"7088\">Incluye un pedal de pie y un volante para un control manual f\u00e1cil, proporcionando un modo de operaci\u00f3n flexible cuando sea necesario.<\/p>\n<\/li>\n<\/ul>\n<\/li>\n<li class=\"\" data-start=\"7090\" data-end=\"7262\">\n<p class=\"\" data-start=\"7092\" data-end=\"7119\"><strong data-start=\"7092\" data-end=\"7119\">Estaciones de Autocarga<\/strong><\/p>\n<ul data-start=\"7122\" data-end=\"7262\">\n<li class=\"\" data-start=\"7122\" data-end=\"7262\">\n<p class=\"\" data-start=\"7124\" data-end=\"7262\">La <strong data-start=\"7127\" data-end=\"7136\">WS-02<\/strong> permite el autocargado y la gesti\u00f3n del agua de manera aut\u00f3noma, garantizando una operaci\u00f3n continua sin intervenci\u00f3n manual.<\/p>\n<\/li>\n<\/ul>\n<\/li>\n<\/ul>\n<p>&nbsp;<\/p>\n<h3 class=\"\" data-start=\"7264\" data-end=\"7304\"><strong data-start=\"7268\" data-end=\"7304\">Limpieza Inteligente\u00a0<\/strong><\/h3>\n<p class=\"\" data-start=\"7306\" data-end=\"7784\">El <strong data-start=\"7309\" data-end=\"7324\">Scrubber 75<\/strong> maximiza la productividad gracias a su potente presi\u00f3n de cepillado y eficiencia de limpieza, con una capacidad de hasta <strong data-start=\"7446\" data-end=\"7458\">3000m\u00b2\/h<\/strong>. Sus cepillos de rodillos limpian y barren simult\u00e1neamente, lo que lo hace particularmente eficaz para entornos con residuos y suciedad habitual, como f\u00e1bricas y grandes almacenes. La <strong data-start=\"7643\" data-end=\"7676\">plataforma de fregado de 270\u00b0<\/strong> permite limpiar incluso las esquinas m\u00e1s estrechas, asegurando una cobertura m\u00e1xima con el m\u00ednimo esfuerzo.<\/p>\n<ul data-start=\"7786\" data-end=\"7917\">\n<li class=\"\" data-start=\"7786\" data-end=\"7821\">\n<p class=\"\" data-start=\"7788\" data-end=\"7821\"><strong data-start=\"7788\" data-end=\"7821\">Fregado y Barrido Simult\u00e1neos<\/strong><\/p>\n<\/li>\n<li class=\"\" data-start=\"7822\" data-end=\"7870\">\n<p class=\"\" data-start=\"7824\" data-end=\"7870\"><strong data-start=\"7824\" data-end=\"7870\">Plataforma de Fregado con Rotaci\u00f3n de 270\u00b0<\/strong><\/p>\n<\/li>\n<li class=\"\" data-start=\"7871\" data-end=\"7917\">\n<p class=\"\" data-start=\"7873\" data-end=\"7917\"><strong data-start=\"7873\" data-end=\"7917\">Hasta 3000m\u00b2\/h de Eficiencia de Limpieza<\/strong><\/p>\n<\/li>\n<\/ul>\n<p>&nbsp;<\/p>\n<h3 class=\"\" data-start=\"7919\" data-end=\"7978\"><strong data-start=\"7923\" data-end=\"7978\">Detecci\u00f3n Avanzada e Iluminaci\u00f3n para Aparcamientos<\/strong><\/h3>\n<p class=\"\" data-start=\"7980\" data-end=\"8402\">Especialmente dise\u00f1ado para la <strong data-start=\"8011\" data-end=\"8040\">limpieza de aparcamientos<\/strong>, el modelo <strong data-start=\"8052\" data-end=\"8069\">Scrubber 75 P<\/strong> cuenta con sensores y sistemas de iluminaci\u00f3n de grado automotriz. Funciona de manera segura en entornos din\u00e1micos donde los veh\u00edculos entran y salen continuamente. Adem\u00e1s de la limpieza est\u00e1ndar, presenta un <strong data-start=\"8279\" data-end=\"8309\">modo de limpieza de aceite<\/strong> para las manchas de aceite dif\u00edciles que suelen aparecer en los suelos de los aparcamientos.<\/p>\n<ul data-start=\"8404\" data-end=\"8546\">\n<li class=\"\" data-start=\"8404\" data-end=\"8447\">\n<p class=\"\" data-start=\"8406\" data-end=\"8447\"><strong data-start=\"8406\" data-end=\"8447\">Modo de Limpieza de Manchas de Aceite<\/strong><\/p>\n<\/li>\n<li class=\"\" data-start=\"8448\" data-end=\"8502\">\n<p class=\"\" data-start=\"8450\" data-end=\"8502\"><strong data-start=\"8450\" data-end=\"8502\">Radar Milim\u00e9trico (75P) para Navegaci\u00f3n Avanzada<\/strong><\/p>\n<\/li>\n<li class=\"\" data-start=\"8503\" data-end=\"8546\">\n<p class=\"\" data-start=\"8505\" data-end=\"8546\"><strong data-start=\"8505\" data-end=\"8546\">Configuraci\u00f3n Avanzada de Iluminaci\u00f3n<\/strong><\/p>\n<\/li>\n<\/ul>\n<p>&nbsp;<\/p>\n<h3 class=\"\" data-start=\"8548\" data-end=\"8596\"><strong data-start=\"8552\" data-end=\"8596\">Limpieza Sin Esfuerzo, M\u00e1xima Eficiencia<\/strong><\/h3>\n<p class=\"\" data-start=\"8598\" data-end=\"9118\">El <strong data-start=\"8601\" data-end=\"8616\">Scrubber 75<\/strong> simplifica enormemente el proceso de limpieza, reduciendo al m\u00ednimo la intervenci\u00f3n humana. Detecta cambios en el entorno, actualiza los mapas y ajusta su ruta en tiempo real, garantizando un proceso de limpieza fluido y sin interrupciones. Con la estaci\u00f3n de trabajo opcional, el robot puede cargarse y rellenar su dep\u00f3sito de agua de forma aut\u00f3noma. Adem\u00e1s, la aplicaci\u00f3n m\u00f3vil <strong data-start=\"8997\" data-end=\"9008\">Gausium<\/strong> permite el control remoto, ofreciendo supervisi\u00f3n total de las operaciones de limpieza desde cualquier lugar.<\/p>\n<ul data-start=\"9120\" data-end=\"9286\">\n<li class=\"\" data-start=\"9120\" data-end=\"9175\">\n<p class=\"\" data-start=\"9122\" data-end=\"9175\"><strong data-start=\"9122\" data-end=\"9175\">Evitaci\u00f3n Inteligente de Obst\u00e1culos y Redirecci\u00f3n<\/strong><\/p>\n<\/li>\n<li class=\"\" data-start=\"9176\" data-end=\"9218\">\n<p class=\"\" data-start=\"9178\" data-end=\"9218\"><strong data-start=\"9178\" data-end=\"9218\">Aplicaci\u00f3n M\u00f3vil para Control Remoto<\/strong><\/p>\n<\/li>\n<li class=\"\" data-start=\"9219\" data-end=\"9286\">\n<p class=\"\" data-start=\"9221\" data-end=\"9286\"><strong data-start=\"9221\" data-end=\"9286\">Estaci\u00f3n de Servicio \u00danica para Autocarga y Rellenado de Agua<\/strong><\/p>\n<\/li>\n<\/ul>\n<p>&nbsp;<\/p>\n<table>\n<thead>\n<tr>\n<th>Especificaci\u00f3n<\/th>\n<th>Detalle<\/th>\n<\/tr>\n<\/thead>\n<tbody>\n<tr>\n<td>Dimensiones (L \u00d7 An \u00d7 Al)<\/td>\n<td>1.370 \u00d7 962 \u00d7 1.417 mm<\/td>\n<\/tr>\n<tr>\n<td>Peso neto<\/td>\n<td>400 kg<\/td>\n<\/tr>\n<tr>\n<td>Ancho de limpieza<\/td>\n<td>750 mm<\/td>\n<\/tr>\n<tr>\n<td>Presi\u00f3n del cepillo<\/td>\n<td>45 kg<\/td>\n<\/tr>\n<tr>\n<td>Tanque de agua (limpia\/residual)<\/td>\n<td>75 L \/ 50 L<\/td>\n<\/tr>\n<tr>\n<td>Eficiencia de limpieza pr\u00e1ctica<\/td>\n<td>700 \u2013 1.400 m\u00b2\/h<\/td>\n<\/tr>\n<tr>\n<td>Eficiencia m\u00e1xima de limpieza (te\u00f3rica)<\/td>\n<td>3.000 m\u00b2\/h<\/td>\n<\/tr>\n<tr>\n<td>Tiempo de ejecuci\u00f3n<\/td>\n<td>\u2248 4 \u2013 6 h<\/td>\n<\/tr>\n<tr>\n<td>Tiempo de carga<\/td>\n<td>\u2248 5 h<\/td>\n<\/tr>\n<tr>\n<td>Superabilidad<\/td>\n<td>8\u00b0<\/td>\n<\/tr>\n<tr>\n<td>Ancho m\u00ednimo de paso<\/td>\n<td>General: 1.400 mm; Parking subterr\u00e1neo: 1.800 mm<\/td>\n<\/tr>\n<tr>\n<td>Ancho m\u00ednimo de giro en U<\/td>\n<td>2.000 mm<\/td>\n<\/tr>\n<tr>\n<td>Velocidad m\u00e1xima de limpieza<\/td>\n<td>1,1 m\/s<\/td>\n<\/tr>\n<tr>\n<td>Sistema de sensores<\/td>\n<td>75 S: LiDAR 3D, LiDAR 2D, c\u00e1mara 3D, sensor de colisi\u00f3n de presi\u00f3n de aire75 P: LiDAR 3D, LiDAR 2D, c\u00e1mara 3D, sensor de colisi\u00f3n de presi\u00f3n de aire, radar de ondas milim\u00e9tricas<\/td>\n<\/tr>\n<tr>\n<td>Configuraci\u00f3n opcional (UE)<\/td>\n<td>Cepillo giratorio, bandeja de basura, faros delanteros, radar de ondas milim\u00e9tricas<\/td>\n<\/tr>\n<\/tbody>\n<\/table>\n","protected":false},"excerpt":{"rendered":"<p>Robot de limpieza industrial con un ancho de fregado de 750mm<\/p>\n","protected":false},"featured_media":34295,"comment_status":"closed","ping_status":"closed","template":"","meta":[],"product_brand":[],"product_cat":[1032,1066,810,1074,577,912],"product_tag":[],"marcas":[1064],"certificats":[],"caracteristiques":[],"tipus-productes":[],"zona-aplicacio":[],"tipus-maquinaria":[],"class_list":{"0":"post-27382","1":"product","2":"type-product","3":"status-publish","4":"has-post-thumbnail","6":"product_cat-fregadora-robot-autonoma","7":"product_cat-fregadoras-gausium","8":"product_cat-fregadora-es","9":"product_cat-maquina-limpia-suelos","10":"product_cat-maquinas","11":"product_cat-robots-industriales-de-limpieza","12":"marcas-gaussian-es","14":"first","15":"instock","16":"shipping-taxable","17":"product-type-simple"},"_links":{"self":[{"href":"https:\/\/dibosch.com\/es\/wp-json\/wp\/v2\/product\/27382","targetHints":{"allow":["GET"]}}],"collection":[{"href":"https:\/\/dibosch.com\/es\/wp-json\/wp\/v2\/product"}],"about":[{"href":"https:\/\/dibosch.com\/es\/wp-json\/wp\/v2\/types\/product"}],"replies":[{"embeddable":true,"href":"https:\/\/dibosch.com\/es\/wp-json\/wp\/v2\/comments?post=27382"}],"wp:featuredmedia":[{"embeddable":true,"href":"https:\/\/dibosch.com\/es\/wp-json\/wp\/v2\/media\/34295"}],"wp:attachment":[{"href":"https:\/\/dibosch.com\/es\/wp-json\/wp\/v2\/media?parent=27382"}],"wp:term":[{"taxonomy":"product_brand","embeddable":true,"href":"https:\/\/dibosch.com\/es\/wp-json\/wp\/v2\/product_brand?post=27382"},{"taxonomy":"product_cat","embeddable":true,"href":"https:\/\/dibosch.com\/es\/wp-json\/wp\/v2\/product_cat?post=27382"},{"taxonomy":"product_tag","embeddable":true,"href":"https:\/\/dibosch.com\/es\/wp-json\/wp\/v2\/product_tag?post=27382"},{"taxonomy":"marcas","embeddable":true,"href":"https:\/\/dibosch.com\/es\/wp-json\/wp\/v2\/marcas?post=27382"},{"taxonomy":"certificats","embeddable":true,"href":"https:\/\/dibosch.com\/es\/wp-json\/wp\/v2\/certificats?post=27382"},{"taxonomy":"caracteristiques","embeddable":true,"href":"https:\/\/dibosch.com\/es\/wp-json\/wp\/v2\/caracteristiques?post=27382"},{"taxonomy":"tipus-productes","embeddable":true,"href":"https:\/\/dibosch.com\/es\/wp-json\/wp\/v2\/tipus-productes?post=27382"},{"taxonomy":"zona-aplicacio","embeddable":true,"href":"https:\/\/dibosch.com\/es\/wp-json\/wp\/v2\/zona-aplicacio?post=27382"},{"taxonomy":"tipus-maquinaria","embeddable":true,"href":"https:\/\/dibosch.com\/es\/wp-json\/wp\/v2\/tipus-maquinaria?post=27382"}],"curies":[{"name":"wp","href":"https:\/\/api.w.org\/{rel}","templated":true}]}}