{"id":27424,"date":"2024-06-12T09:18:53","date_gmt":"2024-06-12T09:18:53","guid":{"rendered":"https:\/\/dibosch.com\/?post_type=product&#038;p=27424"},"modified":"2024-06-12T09:19:37","modified_gmt":"2024-06-12T09:19:37","slug":"papel-higienico-katrin-4c-77755-x70-24m-katrin","status":"publish","type":"product","link":"https:\/\/dibosch.com\/es\/producto\/papel-higienico-katrin-4c-77755-x70-24m-katrin\/","title":{"rendered":"PAPEL HIGIENICO KATRIN 4C 77755 (x70) 24m &#8211; KATRIN"},"content":{"rendered":"<p><strong>Caracter\u00edsticas del producto:<\/strong><\/p>\n<p>Rollos de papel higi\u00e9nico convencionales de alta calidad y resistencia. 4 Capas<\/p>\n<p>Papel suave y absorbente para el m\u00e1ximo confort.<\/p>\n<p>Todos los papeles higi\u00e9nicos Katrin est\u00e1n fabricados con fibras de alta calidad y se ha demostrado que se disuelven r\u00e1pida y eficazmente en agua en 90 segundos en condiciones normales de uso.<\/p>\n","protected":false},"excerpt":{"rendered":"<p>Caracter\u00edsticas del producto: Rollos de papel higi\u00e9nico convencionales de alta calidad y resistencia. 4 Capas Papel suave y absorbente para el m\u00e1ximo confort. Todos los papeles higi\u00e9nicos Katrin est\u00e1n fabricados con fibras de alta calidad y se ha demostrado que se disuelven r\u00e1pida y eficazmente en agua en 90 segundos en condiciones normales de uso.<\/p>\n","protected":false},"featured_media":27423,"comment_status":"closed","ping_status":"closed","template":"","meta":[],"product_brand":[],"product_cat":[737,738],"product_tag":[],"marcas":[923],"certificats":[],"caracteristiques":[],"tipus-productes":[],"zona-aplicacio":[],"tipus-maquinaria":[],"class_list":{"0":"post-27424","1":"product","2":"type-product","3":"status-publish","4":"has-post-thumbnail","6":"product_cat-celulosa","7":"product_cat-papel-higienico","8":"marcas-katrin-es","10":"first","11":"instock","12":"shipping-taxable","13":"product-type-simple"},"_links":{"self":[{"href":"https:\/\/dibosch.com\/es\/wp-json\/wp\/v2\/product\/27424","targetHints":{"allow":["GET"]}}],"collection":[{"href":"https:\/\/dibosch.com\/es\/wp-json\/wp\/v2\/product"}],"about":[{"href":"https:\/\/dibosch.com\/es\/wp-json\/wp\/v2\/types\/product"}],"replies":[{"embeddable":true,"href":"https:\/\/dibosch.com\/es\/wp-json\/wp\/v2\/comments?post=27424"}],"wp:featuredmedia":[{"embeddable":true,"href":"https:\/\/dibosch.com\/es\/wp-json\/wp\/v2\/media\/27423"}],"wp:attachment":[{"href":"https:\/\/dibosch.com\/es\/wp-json\/wp\/v2\/media?parent=27424"}],"wp:term":[{"taxonomy":"product_brand","embeddable":true,"href":"https:\/\/dibosch.com\/es\/wp-json\/wp\/v2\/product_brand?post=27424"},{"taxonomy":"product_cat","embeddable":true,"href":"https:\/\/dibosch.com\/es\/wp-json\/wp\/v2\/product_cat?post=27424"},{"taxonomy":"product_tag","embeddable":true,"href":"https:\/\/dibosch.com\/es\/wp-json\/wp\/v2\/product_tag?post=27424"},{"taxonomy":"marcas","embeddable":true,"href":"https:\/\/dibosch.com\/es\/wp-json\/wp\/v2\/marcas?post=27424"},{"taxonomy":"certificats","embeddable":true,"href":"https:\/\/dibosch.com\/es\/wp-json\/wp\/v2\/certificats?post=27424"},{"taxonomy":"caracteristiques","embeddable":true,"href":"https:\/\/dibosch.com\/es\/wp-json\/wp\/v2\/caracteristiques?post=27424"},{"taxonomy":"tipus-productes","embeddable":true,"href":"https:\/\/dibosch.com\/es\/wp-json\/wp\/v2\/tipus-productes?post=27424"},{"taxonomy":"zona-aplicacio","embeddable":true,"href":"https:\/\/dibosch.com\/es\/wp-json\/wp\/v2\/zona-aplicacio?post=27424"},{"taxonomy":"tipus-maquinaria","embeddable":true,"href":"https:\/\/dibosch.com\/es\/wp-json\/wp\/v2\/tipus-maquinaria?post=27424"}],"curies":[{"name":"wp","href":"https:\/\/api.w.org\/{rel}","templated":true}]}}