{"id":27531,"date":"2024-07-01T08:09:13","date_gmt":"2024-07-01T08:09:13","guid":{"rendered":"https:\/\/dibosch.com\/?post_type=product&#038;p=27531"},"modified":"2024-07-01T08:11:16","modified_gmt":"2024-07-01T08:11:16","slug":"recambio-mopa-algodon-40cm-bolsillo-00000271-tts","status":"publish","type":"product","link":"https:\/\/dibosch.com\/es\/producto\/recambio-mopa-algodon-40cm-bolsillo-00000271-tts\/","title":{"rendered":"RECAMBIO MOPA ALGOD\u00d3N 40cm BOLSILLO 00000271 &#8211; TTS"},"content":{"rendered":"<p><strong>Caracter\u00edsticas del producto:<\/strong><\/p>\n<p>Recambio mopa de algod\u00f3n con bolsillos y tela de poli\u00e9ster<\/p>\n<p>Sistema para desempolvar el suelo con mopa<\/p>\n<p>Ideal para cualquier tipo de suciedad y superficie<\/p>\n<p>Material natural derivado de procesos de producci\u00f3n de bajo impacto y reciclables.<\/p>\n<p>Eficaz: se adhiere perfectamente al suelo, capturando y reteniendo tambi\u00e9n las part\u00edculas de polvo m\u00e1s peque\u00f1as<\/p>\n<p>Durable: es duradero, lo que representa una excelente inversi\u00f3n con un bajo impacto ambiental<\/p>\n","protected":false},"excerpt":{"rendered":"<p>Caracter\u00edsticas del producto: Recambio mopa de algod\u00f3n con bolsillos y tela de poli\u00e9ster Sistema para desempolvar el suelo con mopa Ideal para cualquier tipo de suciedad y superficie Material natural derivado de procesos de producci\u00f3n de bajo impacto y reciclables. Eficaz: se adhiere perfectamente al suelo, capturando y reteniendo tambi\u00e9n las part\u00edculas de polvo m\u00e1s [&hellip;]<\/p>\n","protected":false},"featured_media":27530,"comment_status":"closed","ping_status":"closed","template":"","meta":[],"product_brand":[],"product_cat":[714,713,684],"product_tag":[],"marcas":[917],"certificats":[],"caracteristiques":[],"tipus-productes":[],"zona-aplicacio":[],"tipus-maquinaria":[],"class_list":{"0":"post-27531","1":"product","2":"type-product","3":"status-publish","4":"has-post-thumbnail","6":"product_cat-mopas","7":"product_cat-utensilios","8":"product_cat-utiles-de-limpieza","9":"marcas-tts-es","11":"first","12":"instock","13":"shipping-taxable","14":"product-type-simple"},"_links":{"self":[{"href":"https:\/\/dibosch.com\/es\/wp-json\/wp\/v2\/product\/27531","targetHints":{"allow":["GET"]}}],"collection":[{"href":"https:\/\/dibosch.com\/es\/wp-json\/wp\/v2\/product"}],"about":[{"href":"https:\/\/dibosch.com\/es\/wp-json\/wp\/v2\/types\/product"}],"replies":[{"embeddable":true,"href":"https:\/\/dibosch.com\/es\/wp-json\/wp\/v2\/comments?post=27531"}],"wp:featuredmedia":[{"embeddable":true,"href":"https:\/\/dibosch.com\/es\/wp-json\/wp\/v2\/media\/27530"}],"wp:attachment":[{"href":"https:\/\/dibosch.com\/es\/wp-json\/wp\/v2\/media?parent=27531"}],"wp:term":[{"taxonomy":"product_brand","embeddable":true,"href":"https:\/\/dibosch.com\/es\/wp-json\/wp\/v2\/product_brand?post=27531"},{"taxonomy":"product_cat","embeddable":true,"href":"https:\/\/dibosch.com\/es\/wp-json\/wp\/v2\/product_cat?post=27531"},{"taxonomy":"product_tag","embeddable":true,"href":"https:\/\/dibosch.com\/es\/wp-json\/wp\/v2\/product_tag?post=27531"},{"taxonomy":"marcas","embeddable":true,"href":"https:\/\/dibosch.com\/es\/wp-json\/wp\/v2\/marcas?post=27531"},{"taxonomy":"certificats","embeddable":true,"href":"https:\/\/dibosch.com\/es\/wp-json\/wp\/v2\/certificats?post=27531"},{"taxonomy":"caracteristiques","embeddable":true,"href":"https:\/\/dibosch.com\/es\/wp-json\/wp\/v2\/caracteristiques?post=27531"},{"taxonomy":"tipus-productes","embeddable":true,"href":"https:\/\/dibosch.com\/es\/wp-json\/wp\/v2\/tipus-productes?post=27531"},{"taxonomy":"zona-aplicacio","embeddable":true,"href":"https:\/\/dibosch.com\/es\/wp-json\/wp\/v2\/zona-aplicacio?post=27531"},{"taxonomy":"tipus-maquinaria","embeddable":true,"href":"https:\/\/dibosch.com\/es\/wp-json\/wp\/v2\/tipus-maquinaria?post=27531"}],"curies":[{"name":"wp","href":"https:\/\/api.w.org\/{rel}","templated":true}]}}